{"id":257194,"date":"2024-09-04T06:40:44","date_gmt":"2024-09-04T13:40:44","guid":{"rendered":"https:\/\/glandine.com\/product\/dolce-gabbana-weiss-floral-spitze-dg-kristall-pumps-schuhe\/"},"modified":"2024-12-10T11:20:34","modified_gmt":"2024-12-10T10:20:34","slug":"dolce-gabbana-weiss-floral-spitze-dg-kristall-pumps-schuhe","status":"publish","type":"product","link":"https:\/\/tpmadalina42.supserv.cozmoslabs.com\/fi\/tuote-2\/dolce-gabbana-weiss-floral-spitze-dg-kristall-pumps-schuhe\/","title":{"rendered":"Dolce &amp; Gabbana Wei\u00df Floral Spitze DG Kristall Pumps Schuhe"},"content":{"rendered":"<p>DOLCE &amp; GABBANA<\/p>\n<p>Wundersch\u00f6ne brandneu mit Tags, 100% Authentic Dolce &amp; Gabbana versch\u00f6nert Fersen Pumpen.<br \/>\nModell: Klassische Abs\u00e4tze Pumps<br \/>\nMaterial: 56% Viskose 39% Baumwolle 6% Nylon 2% Seide<br \/>\nV\u00e4ri: Valkoinen<br \/>\nKristall DG auf Spitze<br \/>\nNahkapohja<br \/>\nLogon yksityiskohdat<br \/>\nValmistettu Italiassa<br \/>\nEritt\u00e4in korkea laatu ja mukavuus<\/p>\n<p><strong>Dieser Artikel hat einen kleinen Defekt, es gibt Klebestellen auf dem linken und rechten Schuh (siehe Bilder f\u00fcr Details). <\/strong><\/p>","protected":false},"excerpt":{"rendered":"<p>DOLCE &amp; GABBANA Wundersch\u00f6ne brandneu mit Tags, 100% Authentic Dolce &amp; Gabbana versch\u00f6nert Fersen Pumpen. Modell: Klassische Abs\u00e4tze Pumps Material: 56% Viskose 39% Baumwolle 6% Nylon 2% Seide Farbe: Wei\u00df Kristall DG auf Spitze Sohle aus Leder Logo-Details In Italien hergestellt Sehr hohe Qualit\u00e4t und Komfort Dieser Artikel hat einen kleinen Defekt, es gibt Klebestellen [&hellip;]<\/p>","protected":false},"featured_media":257186,"template":"","meta":[],"product_brand":[1620],"product_cat":[1635,1688,1624],"product_tag":[],"class_list":{"0":"post-257194","1":"product","2":"type-product","3":"status-publish","4":"has-post-thumbnail","6":"product_brand-dolce-gabbana","7":"product_cat-frauen-schuhe","8":"product_cat-pumpen","9":"product_cat-schuhe","11":"first","12":"instock","13":"sale","14":"taxable","15":"shipping-taxable","16":"purchasable","17":"product-type-variable"},"_links":{"self":[{"href":"https:\/\/tpmadalina42.supserv.cozmoslabs.com\/fi\/wp-json\/wp\/v2\/product\/257194","targetHints":{"allow":["GET"]}}],"collection":[{"href":"https:\/\/tpmadalina42.supserv.cozmoslabs.com\/fi\/wp-json\/wp\/v2\/product"}],"about":[{"href":"https:\/\/tpmadalina42.supserv.cozmoslabs.com\/fi\/wp-json\/wp\/v2\/types\/product"}],"wp:featuredmedia":[{"embeddable":true,"href":"https:\/\/tpmadalina42.supserv.cozmoslabs.com\/fi\/wp-json\/wp\/v2\/media\/257186"}],"wp:attachment":[{"href":"https:\/\/tpmadalina42.supserv.cozmoslabs.com\/fi\/wp-json\/wp\/v2\/media?parent=257194"}],"wp:term":[{"taxonomy":"product_brand","embeddable":true,"href":"https:\/\/tpmadalina42.supserv.cozmoslabs.com\/fi\/wp-json\/wp\/v2\/product_brand?post=257194"},{"taxonomy":"product_cat","embeddable":true,"href":"https:\/\/tpmadalina42.supserv.cozmoslabs.com\/fi\/wp-json\/wp\/v2\/product_cat?post=257194"},{"taxonomy":"product_tag","embeddable":true,"href":"https:\/\/tpmadalina42.supserv.cozmoslabs.com\/fi\/wp-json\/wp\/v2\/product_tag?post=257194"}],"curies":[{"name":"wp","href":"https:\/\/api.w.org\/{rel}","templated":true}]}}