{"id":257260,"date":"2024-09-04T07:14:05","date_gmt":"2024-09-04T14:14:05","guid":{"rendered":"https:\/\/glandine.com\/product\/dolce-gabbana-rot-blau-stretch-socke-stil-ankle-stiefel-logo-schuhe-2\/"},"modified":"2024-12-01T07:37:34","modified_gmt":"2024-12-01T06:37:34","slug":"dolce-gabbana-rot-blau-stretch-socke-stil-ankle-stiefel-logo-schuhe-2","status":"publish","type":"product","link":"https:\/\/tpmadalina42.supserv.cozmoslabs.com\/fi\/tuote-2\/dolce-gabbana-rot-blau-stretch-socke-stil-ankle-stiefel-logo-schuhe-2\/","title":{"rendered":"Dolce &amp; Gabbana Rot Blau Stretch Socke Stil Ankle Stiefel Logo Schuhe"},"content":{"rendered":"<p>DOLCE &amp; GABBANA<\/p>\n<p>Wundersch\u00f6ne brandneu mit Tags, 100% Authentic Dolce &amp; Gabbana Socke-Stil Stiefeletten.<br \/>\nMalli: nilkkurit<br \/>\nFarbe: Rot, Blau und Wei\u00df<br \/>\nMaterial: 90% Polyester 10% Leder<br \/>\nLogon yksityiskohdat<br \/>\nValmistettu Italiassa<br \/>\nEritt\u00e4in korkea laatu ja mukavuus<\/p>\n<p><strong>Dieser Artikel hat einen kleinen Fehler, es gibt Stiftflecken auf dem rechten Schuh (siehe Bilder f\u00fcr Details). Dies ist der Grund f\u00fcr den niedrigen Verkaufspreis und eine gute Gelegenheit, ein Schn\u00e4ppchen zu machen.<\/strong><\/p>","protected":false},"excerpt":{"rendered":"<p>DOLCE &amp; GABBANA Wundersch\u00f6ne brandneu mit Tags, 100% Authentic Dolce &amp; Gabbana Socke-Stil Stiefeletten. Modell: Stiefelette Farbe: Rot, Blau und Wei\u00df Material: 90% Polyester 10% Leder Logo-Details In Italien hergestellt Sehr hohe Qualit\u00e4t und Komfort Dieser Artikel hat einen kleinen Fehler, es gibt Stiftflecken auf dem rechten Schuh (siehe Bilder f\u00fcr Details). Dies ist der [&hellip;]<\/p>","protected":false},"featured_media":257252,"template":"","meta":[],"product_brand":[1620],"product_cat":[1635,1624,1655],"product_tag":[],"class_list":{"0":"post-257260","1":"product","2":"type-product","3":"status-publish","4":"has-post-thumbnail","6":"product_brand-dolce-gabbana","7":"product_cat-frauen-schuhe","8":"product_cat-schuhe","9":"product_cat-stiefel-frauen-schuhe","11":"first","12":"instock","13":"sale","14":"taxable","15":"shipping-taxable","16":"purchasable","17":"product-type-variable"},"_links":{"self":[{"href":"https:\/\/tpmadalina42.supserv.cozmoslabs.com\/fi\/wp-json\/wp\/v2\/product\/257260","targetHints":{"allow":["GET"]}}],"collection":[{"href":"https:\/\/tpmadalina42.supserv.cozmoslabs.com\/fi\/wp-json\/wp\/v2\/product"}],"about":[{"href":"https:\/\/tpmadalina42.supserv.cozmoslabs.com\/fi\/wp-json\/wp\/v2\/types\/product"}],"wp:featuredmedia":[{"embeddable":true,"href":"https:\/\/tpmadalina42.supserv.cozmoslabs.com\/fi\/wp-json\/wp\/v2\/media\/257252"}],"wp:attachment":[{"href":"https:\/\/tpmadalina42.supserv.cozmoslabs.com\/fi\/wp-json\/wp\/v2\/media?parent=257260"}],"wp:term":[{"taxonomy":"product_brand","embeddable":true,"href":"https:\/\/tpmadalina42.supserv.cozmoslabs.com\/fi\/wp-json\/wp\/v2\/product_brand?post=257260"},{"taxonomy":"product_cat","embeddable":true,"href":"https:\/\/tpmadalina42.supserv.cozmoslabs.com\/fi\/wp-json\/wp\/v2\/product_cat?post=257260"},{"taxonomy":"product_tag","embeddable":true,"href":"https:\/\/tpmadalina42.supserv.cozmoslabs.com\/fi\/wp-json\/wp\/v2\/product_tag?post=257260"}],"curies":[{"name":"wp","href":"https:\/\/api.w.org\/{rel}","templated":true}]}}