{"id":257848,"date":"2024-09-05T05:43:31","date_gmt":"2024-09-05T12:43:31","guid":{"rendered":"https:\/\/glandine.com\/product\/dolce-gabbana-schwarzes-tank-aermellose-unterwaesche-maenner-t-shirt\/"},"modified":"2024-12-01T10:05:31","modified_gmt":"2024-12-01T09:05:31","slug":"dolce-gabbana-schwarzes-tank-aermellose-unterwaesche-maenner-t-shirt","status":"publish","type":"product","link":"https:\/\/tpmadalina42.supserv.cozmoslabs.com\/fi\/tuote-2\/dolce-gabbana-schwarzes-tank-aermellose-unterwaesche-maenner-t-shirt\/","title":{"rendered":"Dolce &amp; Gabbana Black Tank Hihaton Alusvaatteet Miesten T-paita"},"content":{"rendered":"<p>DOLCE &amp; GABBANA<\/p>\n<p>Wundersch\u00f6ne brandneue mit Tags 100% Authentic Dolce &amp; Gabbana \u00e4rmelloses Tank-T-Shirt.<br \/>\nModell: Unterw\u00e4sche Tank<br \/>\nV\u00e4ri: Musta<br \/>\nMateriaali: 100% puuvilla<br \/>\nIstuvuus: Normaali istuvuus<br \/>\nLogon yksityiskohdat<br \/>\nValmistettu Italiassa<\/p>","protected":false},"excerpt":{"rendered":"<p>DOLCE &amp; GABBANA Wundersch\u00f6ne brandneue mit Tags 100% Authentic Dolce &amp; Gabbana \u00e4rmelloses Tank-T-Shirt. Modell: Unterw\u00e4sche Tank Farbe: Schwarz Material: 100% Baumwolle Passform: Normale Passform Logo-Details In Italien hergestellt<\/p>","protected":false},"featured_media":257840,"template":"","meta":[],"product_brand":[1620],"product_cat":[1633,1623,1718],"product_tag":[],"class_list":{"0":"post-257848","1":"product","2":"type-product","3":"status-publish","4":"has-post-thumbnail","6":"product_brand-dolce-gabbana","7":"product_cat-maenner-kleidung","8":"product_cat-kleidung","9":"product_cat-unterwaesche-maenner-kleidung","11":"first","12":"instock","13":"sale","14":"taxable","15":"shipping-taxable","16":"purchasable","17":"product-type-variable"},"_links":{"self":[{"href":"https:\/\/tpmadalina42.supserv.cozmoslabs.com\/fi\/wp-json\/wp\/v2\/product\/257848","targetHints":{"allow":["GET"]}}],"collection":[{"href":"https:\/\/tpmadalina42.supserv.cozmoslabs.com\/fi\/wp-json\/wp\/v2\/product"}],"about":[{"href":"https:\/\/tpmadalina42.supserv.cozmoslabs.com\/fi\/wp-json\/wp\/v2\/types\/product"}],"wp:featuredmedia":[{"embeddable":true,"href":"https:\/\/tpmadalina42.supserv.cozmoslabs.com\/fi\/wp-json\/wp\/v2\/media\/257840"}],"wp:attachment":[{"href":"https:\/\/tpmadalina42.supserv.cozmoslabs.com\/fi\/wp-json\/wp\/v2\/media?parent=257848"}],"wp:term":[{"taxonomy":"product_brand","embeddable":true,"href":"https:\/\/tpmadalina42.supserv.cozmoslabs.com\/fi\/wp-json\/wp\/v2\/product_brand?post=257848"},{"taxonomy":"product_cat","embeddable":true,"href":"https:\/\/tpmadalina42.supserv.cozmoslabs.com\/fi\/wp-json\/wp\/v2\/product_cat?post=257848"},{"taxonomy":"product_tag","embeddable":true,"href":"https:\/\/tpmadalina42.supserv.cozmoslabs.com\/fi\/wp-json\/wp\/v2\/product_tag?post=257848"}],"curies":[{"name":"wp","href":"https:\/\/api.w.org\/{rel}","templated":true}]}}