{"id":258476,"date":"2024-09-06T11:01:01","date_gmt":"2024-09-06T18:01:01","guid":{"rendered":"https:\/\/glandine.com\/product\/dolce-gabbana-eleganter-schwarz-weiss-gepunkteter-kummerbund-aus-seide\/"},"modified":"2024-11-30T11:24:58","modified_gmt":"2024-11-30T10:24:58","slug":"dolce-gabbana-eleganter-schwarz-weiss-gepunkteter-kummerbund-aus-seide","status":"publish","type":"product","link":"https:\/\/tpmadalina42.supserv.cozmoslabs.com\/fi\/tuote-2\/dolce-gabbana-eleganter-schwarz-weiss-gepunkteter-kummerbund-aus-seide\/","title":{"rendered":"Dolce &amp; Gabbana Elegantti mustavalkoinen pilkullinen silkkikasvi"},"content":{"rendered":"<p>Entdecken Sie den Inbegriff von Eleganz mit unserem wundersch\u00f6nen, brandneuen Kummerbund, der Ihre anspruchsvolle Abendgarderobe perfekt erg\u00e4nzt. Dieses exklusive Accessoire wurde aus feinster 100%iger Seide gefertigt und stammt vom MainLine BlackLabel von Dolce &amp; Gabbana, das Ihrer Garderobe einen authentischen Hauch von Luxus verleiht. Es verspr\u00fcht klassischen Charme mit seinem zeitlosen schwarz-wei\u00dfen Tupfenmuster und verf\u00fcgt \u00fcber einen verstellbaren Haken-Clip-Verschluss f\u00fcr einen bequemen, ma\u00dfgeschneiderten Sitz. Mit dem kultigen Dolce &amp; Gabbana-Logo ist dieser Kummerbund ein Beweis f\u00fcr italienische Handwerkskunst.<\/p>\n<ul>\n<li>Materiaali: 100% silkki<\/li>\n<li>V\u00e4ri: musta ja valkoinen<\/li>\n<li>S\u00e4\u00e4dett\u00e4v\u00e4 hakaskiinnitys<\/li>\n<li>Stretch-Band<\/li>\n<li>Logon yksityiskohdat<\/li>\n<li>Valmistettu Italiassa<\/li>\n<\/ul>","protected":false},"excerpt":{"rendered":"<p>Entdecken Sie den Inbegriff von Eleganz mit unserem wundersch\u00f6nen, brandneuen Kummerbund, der Ihre anspruchsvolle Abendgarderobe perfekt erg\u00e4nzt. Dieses exklusive Accessoire wurde aus feinster 100%iger Seide gefertigt und stammt vom MainLine BlackLabel von Dolce &amp; Gabbana, das Ihrer Garderobe einen authentischen Hauch von Luxus verleiht. Es verspr\u00fcht klassischen Charme mit seinem zeitlosen schwarz-wei\u00dfen Tupfenmuster und verf\u00fcgt [&hellip;]<\/p>","protected":false},"featured_media":258472,"template":"","meta":[],"product_brand":[1620],"product_cat":[1621,1631,1724],"product_tag":[],"class_list":{"0":"post-258476","1":"product","2":"type-product","3":"status-publish","4":"has-post-thumbnail","6":"product_brand-dolce-gabbana","7":"product_cat-accessoire","8":"product_cat-maenner-zubehoer","9":"product_cat-kummerbund","11":"first","12":"instock","13":"sale","14":"taxable","15":"shipping-taxable","16":"purchasable","17":"product-type-variable"},"_links":{"self":[{"href":"https:\/\/tpmadalina42.supserv.cozmoslabs.com\/fi\/wp-json\/wp\/v2\/product\/258476","targetHints":{"allow":["GET"]}}],"collection":[{"href":"https:\/\/tpmadalina42.supserv.cozmoslabs.com\/fi\/wp-json\/wp\/v2\/product"}],"about":[{"href":"https:\/\/tpmadalina42.supserv.cozmoslabs.com\/fi\/wp-json\/wp\/v2\/types\/product"}],"wp:featuredmedia":[{"embeddable":true,"href":"https:\/\/tpmadalina42.supserv.cozmoslabs.com\/fi\/wp-json\/wp\/v2\/media\/258472"}],"wp:attachment":[{"href":"https:\/\/tpmadalina42.supserv.cozmoslabs.com\/fi\/wp-json\/wp\/v2\/media?parent=258476"}],"wp:term":[{"taxonomy":"product_brand","embeddable":true,"href":"https:\/\/tpmadalina42.supserv.cozmoslabs.com\/fi\/wp-json\/wp\/v2\/product_brand?post=258476"},{"taxonomy":"product_cat","embeddable":true,"href":"https:\/\/tpmadalina42.supserv.cozmoslabs.com\/fi\/wp-json\/wp\/v2\/product_cat?post=258476"},{"taxonomy":"product_tag","embeddable":true,"href":"https:\/\/tpmadalina42.supserv.cozmoslabs.com\/fi\/wp-json\/wp\/v2\/product_tag?post=258476"}],"curies":[{"name":"wp","href":"https:\/\/api.w.org\/{rel}","templated":true}]}}