{"id":258506,"date":"2024-09-06T11:07:31","date_gmt":"2024-09-06T18:07:31","guid":{"rendered":"https:\/\/glandine.com\/product\/dolce-gabbana-elegante-taillierte-wollhose-mit-hoher-taille\/"},"modified":"2024-11-30T11:37:04","modified_gmt":"2024-11-30T10:37:04","slug":"dolce-gabbana-elegante-taillierte-wollhose-mit-hoher-taille","status":"publish","type":"product","link":"https:\/\/tpmadalina42.supserv.cozmoslabs.com\/fi\/tuote-2\/dolce-gabbana-elegante-taillierte-wollhose-mit-hoher-taille\/","title":{"rendered":"Dolce &amp; Gabbana Elegante taillierte Wollhose mit hoher Taille"},"content":{"rendered":"<p>Tauchen Sie ein in die Welt der Raffinesse mit dieser luxuri\u00f6sen, taillierten Hose mit hoher Taille von Dolce &amp; Gabbana. Diese in Italien gefertigte Hose ist eine Bereicherung f\u00fcr Ihre Garderobe. Perfekt f\u00fcr formelle Anl\u00e4sse oder stilvolle Tage im B\u00fcro. Die schlichte schwarze Farbe und die eng anliegende Passform schmeicheln Ihrer Silhouette und sorgen daf\u00fcr, dass Sie \u00fcberall einen eleganten Auftritt hinlegen.<\/p>\n<ul>\n<li>Material: 98% Schurwolle 2% Elastan<\/li>\n<li>V\u00e4ri: Musta<\/li>\n<li>Alkuper\u00e4maa: IT<\/li>\n<li>Merkki: Dolce &amp; Gabbana<\/li>\n<li>Vetoketjukiinnitys<\/li>\n<li>Logon yksityiskohdat<\/li>\n<\/ul>","protected":false},"excerpt":{"rendered":"<p>Tauchen Sie ein in die Welt der Raffinesse mit dieser luxuri\u00f6sen, taillierten Hose mit hoher Taille von Dolce &amp; Gabbana. Diese in Italien gefertigte Hose ist eine Bereicherung f\u00fcr Ihre Garderobe. Perfekt f\u00fcr formelle Anl\u00e4sse oder stilvolle Tage im B\u00fcro. Die schlichte schwarze Farbe und die eng anliegende Passform schmeicheln Ihrer Silhouette und sorgen daf\u00fcr, [&hellip;]<\/p>","protected":false},"featured_media":258500,"template":"","meta":[],"product_brand":[1620],"product_cat":[1637,1686,1623],"product_tag":[],"class_list":{"0":"post-258506","1":"product","2":"type-product","3":"status-publish","4":"has-post-thumbnail","6":"product_brand-dolce-gabbana","7":"product_cat-frauen-kleidung","8":"product_cat-jeans-hosen-frauen-kleidung","9":"product_cat-kleidung","11":"first","12":"instock","13":"sale","14":"taxable","15":"shipping-taxable","16":"purchasable","17":"product-type-variable"},"_links":{"self":[{"href":"https:\/\/tpmadalina42.supserv.cozmoslabs.com\/fi\/wp-json\/wp\/v2\/product\/258506","targetHints":{"allow":["GET"]}}],"collection":[{"href":"https:\/\/tpmadalina42.supserv.cozmoslabs.com\/fi\/wp-json\/wp\/v2\/product"}],"about":[{"href":"https:\/\/tpmadalina42.supserv.cozmoslabs.com\/fi\/wp-json\/wp\/v2\/types\/product"}],"wp:featuredmedia":[{"embeddable":true,"href":"https:\/\/tpmadalina42.supserv.cozmoslabs.com\/fi\/wp-json\/wp\/v2\/media\/258500"}],"wp:attachment":[{"href":"https:\/\/tpmadalina42.supserv.cozmoslabs.com\/fi\/wp-json\/wp\/v2\/media?parent=258506"}],"wp:term":[{"taxonomy":"product_brand","embeddable":true,"href":"https:\/\/tpmadalina42.supserv.cozmoslabs.com\/fi\/wp-json\/wp\/v2\/product_brand?post=258506"},{"taxonomy":"product_cat","embeddable":true,"href":"https:\/\/tpmadalina42.supserv.cozmoslabs.com\/fi\/wp-json\/wp\/v2\/product_cat?post=258506"},{"taxonomy":"product_tag","embeddable":true,"href":"https:\/\/tpmadalina42.supserv.cozmoslabs.com\/fi\/wp-json\/wp\/v2\/product_tag?post=258506"}],"curies":[{"name":"wp","href":"https:\/\/api.w.org\/{rel}","templated":true}]}}