{"id":258572,"date":"2024-09-06T11:19:38","date_gmt":"2024-09-06T18:19:38","guid":{"rendered":"https:\/\/glandine.com\/product\/dolce-gabbana-elegante-schwarze-loafers-aus-samt-fuer-maenner-2\/"},"modified":"2024-11-30T11:47:47","modified_gmt":"2024-11-30T10:47:47","slug":"dolce-gabbana-elegante-schwarze-loafers-aus-samt-fuer-maenner-2","status":"publish","type":"product","link":"https:\/\/tpmadalina42.supserv.cozmoslabs.com\/fi\/tuote-2\/dolce-gabbana-elegante-schwarze-loafers-aus-samt-fuer-maenner-2\/","title":{"rendered":"Dolce &amp; Gabbana Elegante schwarze Loafers aus Samt f\u00fcr M\u00e4nner"},"content":{"rendered":"<p>Mit diesen <strong>Dolce &amp; Gabbana<\/strong> Slippern aus Samt, die perfekt f\u00fcr den anspruchsvollen Gentleman sind, k\u00f6nnen Sie sich in den Luxus st\u00fcrzen. Die in Italien mit viel Liebe zum Detail gefertigten Slipper sind in zeitlosem Schwarz gehalten und werden durch eine \u00fcppige Mischung aus Baumwolle, Seide und Viskose erg\u00e4nzt. Das klassische Design wird durch den einzigartigen Vintage-Look unterstrichen, der von hoher Handwerkskunst und Exklusivit\u00e4t zeugt. Mit einer Lederlaufsohle und dezenten Logodetails sind diese Schuhe nicht nur ein Accessoire, sondern ein Statement der Eleganz.<\/p>\n<ul>\n<li>V\u00e4ri: Musta<\/li>\n<li>Material: 36% Baumwolle, 3% Seide, 61% Viskose (VELVET)<\/li>\n<li>Alkuper\u00e4maa: SE<\/li>\n<li>Au\u00dfensohle aus Leder<\/li>\n<li>Logon yksityiskohdat<\/li>\n<li>Valmistettu Italiassa<\/li>\n<\/ul>","protected":false},"excerpt":{"rendered":"<p>Mit diesen Dolce &amp; Gabbana Slippern aus Samt, die perfekt f\u00fcr den anspruchsvollen Gentleman sind, k\u00f6nnen Sie sich in den Luxus st\u00fcrzen. Die in Italien mit viel Liebe zum Detail gefertigten Slipper sind in zeitlosem Schwarz gehalten und werden durch eine \u00fcppige Mischung aus Baumwolle, Seide und Viskose erg\u00e4nzt. Das klassische Design wird durch den [&hellip;]<\/p>","protected":false},"featured_media":258564,"template":"","meta":[],"product_brand":[1620],"product_cat":[1634,1676,1624],"product_tag":[],"class_list":{"0":"post-258572","1":"product","2":"type-product","3":"status-publish","4":"has-post-thumbnail","6":"product_brand-dolce-gabbana","7":"product_cat-maenner-schuhe","8":"product_cat-faulenzer","9":"product_cat-schuhe","11":"first","12":"instock","13":"sale","14":"taxable","15":"shipping-taxable","16":"purchasable","17":"product-type-variable"},"_links":{"self":[{"href":"https:\/\/tpmadalina42.supserv.cozmoslabs.com\/fi\/wp-json\/wp\/v2\/product\/258572","targetHints":{"allow":["GET"]}}],"collection":[{"href":"https:\/\/tpmadalina42.supserv.cozmoslabs.com\/fi\/wp-json\/wp\/v2\/product"}],"about":[{"href":"https:\/\/tpmadalina42.supserv.cozmoslabs.com\/fi\/wp-json\/wp\/v2\/types\/product"}],"wp:featuredmedia":[{"embeddable":true,"href":"https:\/\/tpmadalina42.supserv.cozmoslabs.com\/fi\/wp-json\/wp\/v2\/media\/258564"}],"wp:attachment":[{"href":"https:\/\/tpmadalina42.supserv.cozmoslabs.com\/fi\/wp-json\/wp\/v2\/media?parent=258572"}],"wp:term":[{"taxonomy":"product_brand","embeddable":true,"href":"https:\/\/tpmadalina42.supserv.cozmoslabs.com\/fi\/wp-json\/wp\/v2\/product_brand?post=258572"},{"taxonomy":"product_cat","embeddable":true,"href":"https:\/\/tpmadalina42.supserv.cozmoslabs.com\/fi\/wp-json\/wp\/v2\/product_cat?post=258572"},{"taxonomy":"product_tag","embeddable":true,"href":"https:\/\/tpmadalina42.supserv.cozmoslabs.com\/fi\/wp-json\/wp\/v2\/product_tag?post=258572"}],"curies":[{"name":"wp","href":"https:\/\/api.w.org\/{rel}","templated":true}]}}