{"id":258629,"date":"2024-09-07T01:09:13","date_gmt":"2024-09-06T23:09:13","guid":{"rendered":"https:\/\/glandine.com\/product\/dolce-gabbana-weisses-leder-sneaker\/"},"modified":"2024-12-13T11:57:16","modified_gmt":"2024-12-13T10:57:16","slug":"dolce-gabbana-weisses-leder-sneaker","status":"publish","type":"product","link":"https:\/\/tpmadalina42.supserv.cozmoslabs.com\/fi\/tuote-2\/dolce-gabbana-weisses-leder-sneaker\/","title":{"rendered":"Dolce &amp; Gabbana valkoiset nahkalenkkarit"},"content":{"rendered":"<p>Dolce &amp; Gabbana Vintage Portofino Turnschuhe. Vorne zum Schn\u00fcren mit kontrastierenden schwarzen Schn\u00fcrsenkeln, seitlich appliziertes Juwelenlogo, Ton-in-Ton-Gummisohle, hinten Sohlendetail in Schwarz mit appliziertem wei\u00dfen Gummilogo. Details in Rosa auf der Zunge und der R\u00fcckseite. Zusammenstellung: 100% Leder-Skala innen:24GIU45<\/p>","protected":false},"excerpt":{"rendered":"<p>Dolce &amp; Gabbana Vintage Portofino Turnschuhe. Vorne zum Schn\u00fcren mit kontrastierenden schwarzen Schn\u00fcrsenkeln, seitlich appliziertes Juwelenlogo, Ton-in-Ton-Gummisohle, hinten Sohlendetail in Schwarz mit appliziertem wei\u00dfen Gummilogo. Details in Rosa auf der Zunge und der R\u00fcckseite. Zusammenstellung: 100% Leder-Skala innen:24GIU45<\/p>","protected":false},"featured_media":258623,"template":"","meta":[],"product_brand":[1620],"product_cat":[1635,1624,1703],"product_tag":[],"class_list":{"0":"post-258629","1":"product","2":"type-product","3":"status-publish","4":"has-post-thumbnail","6":"product_brand-dolce-gabbana","7":"product_cat-frauen-schuhe","8":"product_cat-schuhe","9":"product_cat-turnschuhe-frauen-schuhe","11":"first","12":"instock","13":"sale","14":"taxable","15":"shipping-taxable","16":"purchasable","17":"product-type-variable"},"_links":{"self":[{"href":"https:\/\/tpmadalina42.supserv.cozmoslabs.com\/fi\/wp-json\/wp\/v2\/product\/258629","targetHints":{"allow":["GET"]}}],"collection":[{"href":"https:\/\/tpmadalina42.supserv.cozmoslabs.com\/fi\/wp-json\/wp\/v2\/product"}],"about":[{"href":"https:\/\/tpmadalina42.supserv.cozmoslabs.com\/fi\/wp-json\/wp\/v2\/types\/product"}],"wp:featuredmedia":[{"embeddable":true,"href":"https:\/\/tpmadalina42.supserv.cozmoslabs.com\/fi\/wp-json\/wp\/v2\/media\/258623"}],"wp:attachment":[{"href":"https:\/\/tpmadalina42.supserv.cozmoslabs.com\/fi\/wp-json\/wp\/v2\/media?parent=258629"}],"wp:term":[{"taxonomy":"product_brand","embeddable":true,"href":"https:\/\/tpmadalina42.supserv.cozmoslabs.com\/fi\/wp-json\/wp\/v2\/product_brand?post=258629"},{"taxonomy":"product_cat","embeddable":true,"href":"https:\/\/tpmadalina42.supserv.cozmoslabs.com\/fi\/wp-json\/wp\/v2\/product_cat?post=258629"},{"taxonomy":"product_tag","embeddable":true,"href":"https:\/\/tpmadalina42.supserv.cozmoslabs.com\/fi\/wp-json\/wp\/v2\/product_tag?post=258629"}],"curies":[{"name":"wp","href":"https:\/\/api.w.org\/{rel}","templated":true}]}}