{"id":258887,"date":"2024-09-06T17:52:52","date_gmt":"2024-09-07T00:52:52","guid":{"rendered":"https:\/\/glandine.com\/product\/dsquared%c2%b2-gelbes-doppelreihiges-mini-anzug-blazer-rock-set\/"},"modified":"2024-11-30T23:36:09","modified_gmt":"2024-11-30T22:36:09","slug":"dsquared%c2%b2-gelbes-doppelreihiges-mini-anzug-blazer-rock-set","status":"publish","type":"product","link":"https:\/\/tpmadalina42.supserv.cozmoslabs.com\/fi\/tuote-2\/dsquared\u00b2-gelbes-doppelreihiges-mini-anzug-blazer-rock-set\/","title":{"rendered":"Dsquared\u00b2 Keltainen kaksirivinen minipuvun bleiserihamesetti"},"content":{"rendered":"<p>DSQUARED2<\/p>\n<p>Wundersch\u00f6ne brandneue, 100% authentische DSQUARED2 Rock und Blazer Anzug Set.<br \/>\nModell: Zweiteiliger Anzug, Blazer und Rock<br \/>\nV\u00e4ri: Keltainen<br \/>\nMaterial: 48% Baumwolle 28% Viskose 18% Acryl 4% andere Fasern 2% Polyester<br \/>\nSis\u00e4vuori: 100% polyesteri<br \/>\nBlazer mit zwei Kn\u00f6pfen, doppelreihig<br \/>\nVollst\u00e4ndig gef\u00fcttert<br \/>\nLogon yksityiskohdat<br \/>\nValmistettu Italiassa<\/p>\n<p><strong>T\u00e4st\u00e4 tuotteesta puuttuu DSquared2-paperitarra <\/strong><\/p>","protected":false},"excerpt":{"rendered":"<p>DSQUARED2 Wundersch\u00f6ne brandneue, 100% authentische DSQUARED2 Rock und Blazer Anzug Set. Modell: Zweiteiliger Anzug, Blazer und Rock Farbe: Gelb Material: 48% Baumwolle 28% Viskose 18% Acryl 4% andere Fasern 2% Polyester Innenfutter: 100% Polyester Blazer mit zwei Kn\u00f6pfen, doppelreihig Vollst\u00e4ndig gef\u00fcttert Logo-Details Hergestellt in Italien Diesem Artikel fehlt das DSquared2 Papieretikett<\/p>","protected":false},"featured_media":258879,"template":"","meta":[],"product_brand":[1989],"product_cat":[1706,1637,1623],"product_tag":[],"class_list":{"0":"post-258887","1":"product","2":"type-product","3":"status-publish","4":"has-post-thumbnail","6":"product_brand-dsquared","7":"product_cat-anzuege-blazer","8":"product_cat-frauen-kleidung","9":"product_cat-kleidung","11":"first","12":"instock","13":"sale","14":"taxable","15":"shipping-taxable","16":"purchasable","17":"product-type-variable"},"_links":{"self":[{"href":"https:\/\/tpmadalina42.supserv.cozmoslabs.com\/fi\/wp-json\/wp\/v2\/product\/258887","targetHints":{"allow":["GET"]}}],"collection":[{"href":"https:\/\/tpmadalina42.supserv.cozmoslabs.com\/fi\/wp-json\/wp\/v2\/product"}],"about":[{"href":"https:\/\/tpmadalina42.supserv.cozmoslabs.com\/fi\/wp-json\/wp\/v2\/types\/product"}],"wp:featuredmedia":[{"embeddable":true,"href":"https:\/\/tpmadalina42.supserv.cozmoslabs.com\/fi\/wp-json\/wp\/v2\/media\/258879"}],"wp:attachment":[{"href":"https:\/\/tpmadalina42.supserv.cozmoslabs.com\/fi\/wp-json\/wp\/v2\/media?parent=258887"}],"wp:term":[{"taxonomy":"product_brand","embeddable":true,"href":"https:\/\/tpmadalina42.supserv.cozmoslabs.com\/fi\/wp-json\/wp\/v2\/product_brand?post=258887"},{"taxonomy":"product_cat","embeddable":true,"href":"https:\/\/tpmadalina42.supserv.cozmoslabs.com\/fi\/wp-json\/wp\/v2\/product_cat?post=258887"},{"taxonomy":"product_tag","embeddable":true,"href":"https:\/\/tpmadalina42.supserv.cozmoslabs.com\/fi\/wp-json\/wp\/v2\/product_tag?post=258887"}],"curies":[{"name":"wp","href":"https:\/\/api.w.org\/{rel}","templated":true}]}}