{"id":259613,"date":"2024-09-06T19:32:39","date_gmt":"2024-09-07T02:32:39","guid":{"rendered":"https:\/\/glandine.com\/product\/dolce-gabbana-mintgruenes-seidenkleid-fit-cut-one-shoulder-midikleid\/"},"modified":"2024-12-01T05:13:30","modified_gmt":"2024-12-01T04:13:30","slug":"dolce-gabbana-mintgruenes-seidenkleid-fit-cut-one-shoulder-midikleid","status":"publish","type":"product","link":"https:\/\/tpmadalina42.supserv.cozmoslabs.com\/fi\/tuote-2\/dolce-gabbana-mintgruenes-seidenkleid-fit-cut-one-shoulder-midikleid\/","title":{"rendered":"Dolce &amp; Gabbana Mintgr\u00fcnes Seidenkleid Fit Cut One Shoulder Midikleid"},"content":{"rendered":"<p>DOLCE &amp; GABBANA<\/p>\n<p>Gorgeous brandneue mit Tags, 100% Authentic Dolce &amp; Gabbana eine Schulter Midi-Kleid mit gro\u00dfen Draperien auf dem Mieder und Saum erweichen die Silhouette und geben die Sache eine \u00c4hnlichkeit mit der antiken griechischen Tunika.<br \/>\nModell: Ein-Schulter-Wickelkleid<br \/>\nFarbe: Mintgr\u00fcn<br \/>\nVetoketju<br \/>\nLogon yksityiskohdat<br \/>\nValmistettu Italiassa<br \/>\nEritt\u00e4in eksklusiivinen ja laadukas ty\u00f6<br \/>\nMaterial: 70% Seide 14% Baumwolle 10% Nylon 6% Viskose<br \/>\nFutter: 100% Seide<\/p>\n<p><strong>Dieser Artikel hat einen kleinen Defekt, er hat einen gezogenen Faden und Flecken auf dem ganzen Kleid (siehe Bilder f\u00fcr Details). <\/strong><\/p>","protected":false},"excerpt":{"rendered":"<p>DOLCE &amp; GABBANA Gorgeous brandneue mit Tags, 100% Authentic Dolce &amp; Gabbana eine Schulter Midi-Kleid mit gro\u00dfen Draperien auf dem Mieder und Saum erweichen die Silhouette und geben die Sache eine \u00c4hnlichkeit mit der antiken griechischen Tunika. Modell: Ein-Schulter-Wickelkleid Farbe: Mintgr\u00fcn Reissverschluss Logo-Details In Italien hergestellt Sehr exklusiv und hochwertig verarbeitet Material: 70% Seide 14% [&hellip;]<\/p>","protected":false},"featured_media":259605,"template":"","meta":[],"product_brand":[1620],"product_cat":[1637,1659,1623],"product_tag":[],"class_list":{"0":"post-259613","1":"product","2":"type-product","3":"status-publish","4":"has-post-thumbnail","6":"product_brand-dolce-gabbana","7":"product_cat-frauen-kleidung","8":"product_cat-kleider","9":"product_cat-kleidung","11":"first","12":"instock","13":"sale","14":"taxable","15":"shipping-taxable","16":"purchasable","17":"product-type-variable"},"_links":{"self":[{"href":"https:\/\/tpmadalina42.supserv.cozmoslabs.com\/fi\/wp-json\/wp\/v2\/product\/259613","targetHints":{"allow":["GET"]}}],"collection":[{"href":"https:\/\/tpmadalina42.supserv.cozmoslabs.com\/fi\/wp-json\/wp\/v2\/product"}],"about":[{"href":"https:\/\/tpmadalina42.supserv.cozmoslabs.com\/fi\/wp-json\/wp\/v2\/types\/product"}],"wp:featuredmedia":[{"embeddable":true,"href":"https:\/\/tpmadalina42.supserv.cozmoslabs.com\/fi\/wp-json\/wp\/v2\/media\/259605"}],"wp:attachment":[{"href":"https:\/\/tpmadalina42.supserv.cozmoslabs.com\/fi\/wp-json\/wp\/v2\/media?parent=259613"}],"wp:term":[{"taxonomy":"product_brand","embeddable":true,"href":"https:\/\/tpmadalina42.supserv.cozmoslabs.com\/fi\/wp-json\/wp\/v2\/product_brand?post=259613"},{"taxonomy":"product_cat","embeddable":true,"href":"https:\/\/tpmadalina42.supserv.cozmoslabs.com\/fi\/wp-json\/wp\/v2\/product_cat?post=259613"},{"taxonomy":"product_tag","embeddable":true,"href":"https:\/\/tpmadalina42.supserv.cozmoslabs.com\/fi\/wp-json\/wp\/v2\/product_tag?post=259613"}],"curies":[{"name":"wp","href":"https:\/\/api.w.org\/{rel}","templated":true}]}}