{"id":260462,"date":"2024-09-08T09:05:20","date_gmt":"2024-09-08T16:05:20","guid":{"rendered":"https:\/\/glandine.com\/product\/philipp-plein-schicke-graue-logo-tangas-fuer-frauen-2er-pack\/"},"modified":"2024-11-29T19:52:43","modified_gmt":"2024-11-29T18:52:43","slug":"philipp-plein-schicke-graue-logo-tangas-fuer-frauen-2er-pack","status":"publish","type":"product","link":"https:\/\/tpmadalina42.supserv.cozmoslabs.com\/fi\/tuote-2\/philipp-plein-schicke-graue-logo-tangas-fuer-frauen-2er-pack\/","title":{"rendered":"Philipp Plein Grey puuvillaiset remmit naisille"},"content":{"rendered":"<p>G\u00f6nnen Sie sich den opulenten Komfort des exklusiven Damen-Tangasets von Philipp Plein, eine perfekte Mischung aus Stil und Luxus f\u00fcr Ihre Intimbekleidungskollektion. Aus feinstem Stoff gefertigt, umschmeichelt jedes Teil Ihre Kurven, w\u00e4hrend die elastischen B\u00fcndchen mit dem kultigen Markenlogo f\u00fcr einen zus\u00e4tzlichen Hauch von Designer-Appeal sorgen. Dieses zweiteilige Paket verspricht die perfekte Mischung aus Raffinesse und Komfort f\u00fcr Ihre t\u00e4gliche Kleidung.<\/p>\n<p>&#8211; Material: 90% Baumwolle, 5% Elasthan, 5% Viskose<br \/>\n&#8211; Herkunftsland: BD<br \/>\n&#8211; Farbe: Gray<\/p>","protected":false},"excerpt":{"rendered":"<p>G\u00f6nnen Sie sich den opulenten Komfort des exklusiven Damen-Tangasets von Philipp Plein, eine perfekte Mischung aus Stil und Luxus f\u00fcr Ihre Intimbekleidungskollektion. Aus feinstem Stoff gefertigt, umschmeichelt jedes Teil Ihre Kurven, w\u00e4hrend die elastischen B\u00fcndchen mit dem kultigen Markenlogo f\u00fcr einen zus\u00e4tzlichen Hauch von Designer-Appeal sorgen. Dieses zweiteilige Paket verspricht die perfekte Mischung aus Raffinesse [&hellip;]<\/p>","protected":false},"featured_media":260459,"template":"","meta":[],"product_brand":[2080],"product_cat":[1637,1623,1717],"product_tag":[],"class_list":{"0":"post-260462","1":"product","2":"type-product","3":"status-publish","4":"has-post-thumbnail","6":"product_brand-philipp-plein","7":"product_cat-frauen-kleidung","8":"product_cat-kleidung","9":"product_cat-unterwaesche","11":"first","12":"instock","13":"sale","14":"taxable","15":"shipping-taxable","16":"purchasable","17":"product-type-variable"},"_links":{"self":[{"href":"https:\/\/tpmadalina42.supserv.cozmoslabs.com\/fi\/wp-json\/wp\/v2\/product\/260462","targetHints":{"allow":["GET"]}}],"collection":[{"href":"https:\/\/tpmadalina42.supserv.cozmoslabs.com\/fi\/wp-json\/wp\/v2\/product"}],"about":[{"href":"https:\/\/tpmadalina42.supserv.cozmoslabs.com\/fi\/wp-json\/wp\/v2\/types\/product"}],"wp:featuredmedia":[{"embeddable":true,"href":"https:\/\/tpmadalina42.supserv.cozmoslabs.com\/fi\/wp-json\/wp\/v2\/media\/260459"}],"wp:attachment":[{"href":"https:\/\/tpmadalina42.supserv.cozmoslabs.com\/fi\/wp-json\/wp\/v2\/media?parent=260462"}],"wp:term":[{"taxonomy":"product_brand","embeddable":true,"href":"https:\/\/tpmadalina42.supserv.cozmoslabs.com\/fi\/wp-json\/wp\/v2\/product_brand?post=260462"},{"taxonomy":"product_cat","embeddable":true,"href":"https:\/\/tpmadalina42.supserv.cozmoslabs.com\/fi\/wp-json\/wp\/v2\/product_cat?post=260462"},{"taxonomy":"product_tag","embeddable":true,"href":"https:\/\/tpmadalina42.supserv.cozmoslabs.com\/fi\/wp-json\/wp\/v2\/product_tag?post=260462"}],"curies":[{"name":"wp","href":"https:\/\/api.w.org\/{rel}","templated":true}]}}