{"id":260800,"date":"2024-09-08T18:17:58","date_gmt":"2024-09-08T16:17:58","guid":{"rendered":"https:\/\/glandine.com\/product\/plein-sport-eco-leder-chic-shopper-mit-dekorativer-kette\/"},"modified":"2024-11-29T20:40:38","modified_gmt":"2024-11-29T19:40:38","slug":"plein-sport-eco-leder-chic-shopper-mit-dekorativer-kette","status":"publish","type":"product","link":"https:\/\/tpmadalina42.supserv.cozmoslabs.com\/fi\/tuote-2\/plein-sport-eco-leder-chic-shopper-mit-dekorativer-kette\/","title":{"rendered":"Plein Sport musta polyeteeninen naisten olkalaukku"},"content":{"rendered":"<p>Entdecken Sie den Inbegriff von urbanem Chic mit der Plein Sport Einkaufstasche, bei der Funktionalit\u00e4t und Luxus in einer Symphonie des Designs aufeinandertreffen. Dieses umweltbewusste Accessoire ist mit einem kunstvollen Metallmedaillon versehen, das eine aufwendige Zierkette ziert, und wertet Ihren Alltagsstil auf. Der abnehmbare Schulterriemen passt sich Ihrem mobilen Lebensstil an, w\u00e4hrend der praktische Rei\u00dfverschluss und die Innentaschen daf\u00fcr sorgen, dass Ihre wichtigsten Dinge immer organisiert und in Reichweite sind. Die aus 100% Polyethylen gefertigte Tasche in schlichtem Schwarz ist ein Beweis f\u00fcr das mutige und trendige Ethos von Plein Sport.<\/p>\n<p>V\u00e4ri: Musta<br \/>\nMateriaali: 100% polyeteeni<br \/>\nAlkuper\u00e4maa: CN<br \/>\nMa\u00dfe: 45x30x15 cm<\/p>","protected":false},"excerpt":{"rendered":"<p>Entdecken Sie den Inbegriff von urbanem Chic mit der Plein Sport Einkaufstasche, bei der Funktionalit\u00e4t und Luxus in einer Symphonie des Designs aufeinandertreffen. Dieses umweltbewusste Accessoire ist mit einem kunstvollen Metallmedaillon versehen, das eine aufwendige Zierkette ziert, und wertet Ihren Alltagsstil auf. Der abnehmbare Schulterriemen passt sich Ihrem mobilen Lebensstil an, w\u00e4hrend der praktische Rei\u00dfverschluss [&hellip;]<\/p>","protected":false},"featured_media":260797,"template":"","meta":[],"product_brand":[2108],"product_cat":[1630,1745],"product_tag":[],"class_list":{"0":"post-260800","1":"product","2":"type-product","3":"status-publish","4":"has-post-thumbnail","6":"product_brand-plein-sport","7":"product_cat-frauen","8":"product_cat-umhaengetaschen-frauen","10":"first","11":"instock","12":"sale","13":"taxable","14":"shipping-taxable","15":"purchasable","16":"product-type-simple"},"_links":{"self":[{"href":"https:\/\/tpmadalina42.supserv.cozmoslabs.com\/fi\/wp-json\/wp\/v2\/product\/260800","targetHints":{"allow":["GET"]}}],"collection":[{"href":"https:\/\/tpmadalina42.supserv.cozmoslabs.com\/fi\/wp-json\/wp\/v2\/product"}],"about":[{"href":"https:\/\/tpmadalina42.supserv.cozmoslabs.com\/fi\/wp-json\/wp\/v2\/types\/product"}],"wp:featuredmedia":[{"embeddable":true,"href":"https:\/\/tpmadalina42.supserv.cozmoslabs.com\/fi\/wp-json\/wp\/v2\/media\/260797"}],"wp:attachment":[{"href":"https:\/\/tpmadalina42.supserv.cozmoslabs.com\/fi\/wp-json\/wp\/v2\/media?parent=260800"}],"wp:term":[{"taxonomy":"product_brand","embeddable":true,"href":"https:\/\/tpmadalina42.supserv.cozmoslabs.com\/fi\/wp-json\/wp\/v2\/product_brand?post=260800"},{"taxonomy":"product_cat","embeddable":true,"href":"https:\/\/tpmadalina42.supserv.cozmoslabs.com\/fi\/wp-json\/wp\/v2\/product_cat?post=260800"},{"taxonomy":"product_tag","embeddable":true,"href":"https:\/\/tpmadalina42.supserv.cozmoslabs.com\/fi\/wp-json\/wp\/v2\/product_tag?post=260800"}],"curies":[{"name":"wp","href":"https:\/\/api.w.org\/{rel}","templated":true}]}}