{"id":261224,"date":"2024-09-08T09:29:25","date_gmt":"2024-09-08T16:29:25","guid":{"rendered":"https:\/\/glandine.com\/product\/don-the-fuller-schicker-blauer-plissee-denim-rock\/"},"modified":"2024-11-29T21:39:30","modified_gmt":"2024-11-29T20:39:30","slug":"don-the-fuller-schicker-blauer-plissee-denim-rock","status":"publish","type":"product","link":"https:\/\/tpmadalina42.supserv.cozmoslabs.com\/fi\/tuote-2\/don-the-fuller-schicker-blauer-plissee-denim-rock\/","title":{"rendered":"Don The Fuller Schicker Blauer Plissee-Denim-Rock"},"content":{"rendered":"<p>Entdecken Sie den raffinierten Stil dieses blauen Jeansrocks mit Falten und einem eleganten Rei\u00dfverschluss und Knopfverschluss. Er wurde f\u00fcr Komfort und Vielseitigkeit entworfen und verf\u00fcgt \u00fcber zwei Taschen auf der Vorder- und R\u00fcckseite mit dem charakteristischen Logo der Marke, das elegant auf der R\u00fcckseite angebracht ist. Der in Italien gefertigte Rock verk\u00f6rpert eine Mischung aus hochwertiger Qualit\u00e4t und best\u00e4ndiger Mode.<\/p>\n<ul>\n<li>Materiaali: 98% puuvilla 2% elastaani<\/li>\n<li>Alkuper\u00e4maa: Italia<\/li>\n<li>V\u00e4ri: Sininen<\/li>\n<\/ul>","protected":false},"excerpt":{"rendered":"<p>Entdecken Sie den raffinierten Stil dieses blauen Jeansrocks mit Falten und einem eleganten Rei\u00dfverschluss und Knopfverschluss. Er wurde f\u00fcr Komfort und Vielseitigkeit entworfen und verf\u00fcgt \u00fcber zwei Taschen auf der Vorder- und R\u00fcckseite mit dem charakteristischen Logo der Marke, das elegant auf der R\u00fcckseite angebracht ist. Der in Italien gefertigte Rock verk\u00f6rpert eine Mischung aus [&hellip;]<\/p>","protected":false},"featured_media":261219,"template":"","meta":[],"product_brand":[2225],"product_cat":[1637,1686,1623],"product_tag":[],"class_list":{"0":"post-261224","1":"product","2":"type-product","3":"status-publish","4":"has-post-thumbnail","6":"product_brand-don-the-fuller","7":"product_cat-frauen-kleidung","8":"product_cat-jeans-hosen-frauen-kleidung","9":"product_cat-kleidung","11":"first","12":"instock","13":"sale","14":"taxable","15":"shipping-taxable","16":"purchasable","17":"product-type-variable"},"_links":{"self":[{"href":"https:\/\/tpmadalina42.supserv.cozmoslabs.com\/fi\/wp-json\/wp\/v2\/product\/261224","targetHints":{"allow":["GET"]}}],"collection":[{"href":"https:\/\/tpmadalina42.supserv.cozmoslabs.com\/fi\/wp-json\/wp\/v2\/product"}],"about":[{"href":"https:\/\/tpmadalina42.supserv.cozmoslabs.com\/fi\/wp-json\/wp\/v2\/types\/product"}],"wp:featuredmedia":[{"embeddable":true,"href":"https:\/\/tpmadalina42.supserv.cozmoslabs.com\/fi\/wp-json\/wp\/v2\/media\/261219"}],"wp:attachment":[{"href":"https:\/\/tpmadalina42.supserv.cozmoslabs.com\/fi\/wp-json\/wp\/v2\/media?parent=261224"}],"wp:term":[{"taxonomy":"product_brand","embeddable":true,"href":"https:\/\/tpmadalina42.supserv.cozmoslabs.com\/fi\/wp-json\/wp\/v2\/product_brand?post=261224"},{"taxonomy":"product_cat","embeddable":true,"href":"https:\/\/tpmadalina42.supserv.cozmoslabs.com\/fi\/wp-json\/wp\/v2\/product_cat?post=261224"},{"taxonomy":"product_tag","embeddable":true,"href":"https:\/\/tpmadalina42.supserv.cozmoslabs.com\/fi\/wp-json\/wp\/v2\/product_tag?post=261224"}],"curies":[{"name":"wp","href":"https:\/\/api.w.org\/{rel}","templated":true}]}}