{"id":261266,"date":"2024-09-08T18:30:31","date_gmt":"2024-09-08T16:30:31","guid":{"rendered":"https:\/\/glandine.com\/product\/don-the-fuller-elegantes-rosa-baumwoll-denim-mit-schickem-logo\/"},"modified":"2024-11-29T21:40:26","modified_gmt":"2024-11-29T20:40:26","slug":"don-the-fuller-elegantes-rosa-baumwoll-denim-mit-schickem-logo","status":"publish","type":"product","link":"https:\/\/tpmadalina42.supserv.cozmoslabs.com\/fi\/tuote-2\/don-the-fuller-elegantes-rosa-baumwoll-denim-mit-schickem-logo\/","title":{"rendered":"Don The Fuller Rosa Baumwolle Frauen Jeans"},"content":{"rendered":"<p>Setzen Sie ein Statement mit dem gewagten rosa Farbton der fachm\u00e4nnisch gefertigten Denim von Don The Fuller. Mit einem klassischen Knopfverschluss und einem funktionalen 5-Pocket-Design verbindet diese Jeans Funktionalit\u00e4t mit verspieltem Schwung. Das charakteristische Markenlogo ziert stolz die R\u00fcckseite und steht f\u00fcr au\u00dfergew\u00f6hnliche Handwerkskunst und italienische Eleganz. Gefertigt aus feinster 100%iger Baumwolle, bietet sie Komfort mit einem Hauch von K\u00fchnheit.<\/p>\n<p>V\u00e4ri: Pinkki<br \/>\nMateriaali: 100% puuvilla<br \/>\nAlkuper\u00e4maa: IT<\/p>","protected":false},"excerpt":{"rendered":"<p>Setzen Sie ein Statement mit dem gewagten rosa Farbton der fachm\u00e4nnisch gefertigten Denim von Don The Fuller. Mit einem klassischen Knopfverschluss und einem funktionalen 5-Pocket-Design verbindet diese Jeans Funktionalit\u00e4t mit verspieltem Schwung. Das charakteristische Markenlogo ziert stolz die R\u00fcckseite und steht f\u00fcr au\u00dfergew\u00f6hnliche Handwerkskunst und italienische Eleganz. Gefertigt aus feinster 100%iger Baumwolle, bietet sie Komfort [&hellip;]<\/p>","protected":false},"featured_media":261262,"template":"","meta":[],"product_brand":[2225],"product_cat":[1637,1686,1623],"product_tag":[],"class_list":{"0":"post-261266","1":"product","2":"type-product","3":"status-publish","4":"has-post-thumbnail","6":"product_brand-don-the-fuller","7":"product_cat-frauen-kleidung","8":"product_cat-jeans-hosen-frauen-kleidung","9":"product_cat-kleidung","11":"first","12":"instock","13":"sale","14":"taxable","15":"shipping-taxable","16":"purchasable","17":"product-type-variable"},"_links":{"self":[{"href":"https:\/\/tpmadalina42.supserv.cozmoslabs.com\/fi\/wp-json\/wp\/v2\/product\/261266","targetHints":{"allow":["GET"]}}],"collection":[{"href":"https:\/\/tpmadalina42.supserv.cozmoslabs.com\/fi\/wp-json\/wp\/v2\/product"}],"about":[{"href":"https:\/\/tpmadalina42.supserv.cozmoslabs.com\/fi\/wp-json\/wp\/v2\/types\/product"}],"wp:featuredmedia":[{"embeddable":true,"href":"https:\/\/tpmadalina42.supserv.cozmoslabs.com\/fi\/wp-json\/wp\/v2\/media\/261262"}],"wp:attachment":[{"href":"https:\/\/tpmadalina42.supserv.cozmoslabs.com\/fi\/wp-json\/wp\/v2\/media?parent=261266"}],"wp:term":[{"taxonomy":"product_brand","embeddable":true,"href":"https:\/\/tpmadalina42.supserv.cozmoslabs.com\/fi\/wp-json\/wp\/v2\/product_brand?post=261266"},{"taxonomy":"product_cat","embeddable":true,"href":"https:\/\/tpmadalina42.supserv.cozmoslabs.com\/fi\/wp-json\/wp\/v2\/product_cat?post=261266"},{"taxonomy":"product_tag","embeddable":true,"href":"https:\/\/tpmadalina42.supserv.cozmoslabs.com\/fi\/wp-json\/wp\/v2\/product_tag?post=261266"}],"curies":[{"name":"wp","href":"https:\/\/api.w.org\/{rel}","templated":true}]}}