{"id":261300,"date":"2024-09-08T18:31:24","date_gmt":"2024-09-08T16:31:24","guid":{"rendered":"https:\/\/glandine.com\/product\/aeronautica-militare-elegantes-weisses-slim-fit-baumwollhemd-fuer-maenner\/"},"modified":"2024-12-11T17:57:53","modified_gmt":"2024-12-11T16:57:53","slug":"aeronautica-militare-elegantes-weisses-slim-fit-baumwollhemd-fuer-maenner","status":"publish","type":"product","link":"https:\/\/tpmadalina42.supserv.cozmoslabs.com\/fi\/tuote-2\/aeronautica-militare-elegantes-weisses-slim-fit-baumwollhemd-fuer-maenner\/","title":{"rendered":"Aeronautica Militare Wei\u00dfes Baumwollhemd f\u00fcr M\u00e4nner"},"content":{"rendered":"<p>Scharfe Eleganz mit dem wei\u00dfen Herrenhemd von Aeronautica Militare. Das Hemd ist aus einer hochwertigen Mischung aus 97 % Baumwolle und 3 % Elastan gefertigt, die f\u00fcr eine bequeme, aber schmale Passform sorgt. Das ikonische Aeronautica Militare Adler-Logo verleiht diesem Hemd einen Hauch von Klasse und Unterscheidungskraft. Es ist mehr als nur ein Kleidungsst\u00fcck, es ist ein Statement f\u00fcr zeitlosen Stil und Pr\u00e4zision.<\/p>\n<p>Materiaali: 97% puuvilla, 3% elastaani.<br \/>\nAlkuper\u00e4maa: TN<br \/>\nV\u00e4ri: Valkoinen<\/p>","protected":false},"excerpt":{"rendered":"<p>Scharfe Eleganz mit dem wei\u00dfen Herrenhemd von Aeronautica Militare. Das Hemd ist aus einer hochwertigen Mischung aus 97 % Baumwolle und 3 % Elastan gefertigt, die f\u00fcr eine bequeme, aber schmale Passform sorgt. Das ikonische Aeronautica Militare Adler-Logo verleiht diesem Hemd einen Hauch von Klasse und Unterscheidungskraft. Es ist mehr als nur ein Kleidungsst\u00fcck, es [&hellip;]<\/p>","protected":false},"featured_media":261294,"template":"","meta":[],"product_brand":[2242],"product_cat":[1695,1633,1623],"product_tag":[],"class_list":{"0":"post-261300","1":"product","2":"type-product","3":"status-publish","4":"has-post-thumbnail","6":"product_brand-aeronautica-militare","7":"product_cat-hemden","8":"product_cat-maenner-kleidung","9":"product_cat-kleidung","11":"first","12":"instock","13":"sale","14":"taxable","15":"shipping-taxable","16":"purchasable","17":"product-type-variable"},"_links":{"self":[{"href":"https:\/\/tpmadalina42.supserv.cozmoslabs.com\/fi\/wp-json\/wp\/v2\/product\/261300","targetHints":{"allow":["GET"]}}],"collection":[{"href":"https:\/\/tpmadalina42.supserv.cozmoslabs.com\/fi\/wp-json\/wp\/v2\/product"}],"about":[{"href":"https:\/\/tpmadalina42.supserv.cozmoslabs.com\/fi\/wp-json\/wp\/v2\/types\/product"}],"wp:featuredmedia":[{"embeddable":true,"href":"https:\/\/tpmadalina42.supserv.cozmoslabs.com\/fi\/wp-json\/wp\/v2\/media\/261294"}],"wp:attachment":[{"href":"https:\/\/tpmadalina42.supserv.cozmoslabs.com\/fi\/wp-json\/wp\/v2\/media?parent=261300"}],"wp:term":[{"taxonomy":"product_brand","embeddable":true,"href":"https:\/\/tpmadalina42.supserv.cozmoslabs.com\/fi\/wp-json\/wp\/v2\/product_brand?post=261300"},{"taxonomy":"product_cat","embeddable":true,"href":"https:\/\/tpmadalina42.supserv.cozmoslabs.com\/fi\/wp-json\/wp\/v2\/product_cat?post=261300"},{"taxonomy":"product_tag","embeddable":true,"href":"https:\/\/tpmadalina42.supserv.cozmoslabs.com\/fi\/wp-json\/wp\/v2\/product_tag?post=261300"}],"curies":[{"name":"wp","href":"https:\/\/api.w.org\/{rel}","templated":true}]}}