{"id":261313,"date":"2024-09-08T18:31:38","date_gmt":"2024-09-08T16:31:38","guid":{"rendered":"https:\/\/glandine.com\/product\/centogrammi-wendbare-gaensedaunenweste-mit-kapuze-in-grau\/"},"modified":"2024-11-29T22:09:56","modified_gmt":"2024-11-29T21:09:56","slug":"centogrammi-wendbare-gaensedaunenweste-mit-kapuze-in-grau","status":"publish","type":"product","link":"https:\/\/tpmadalina42.supserv.cozmoslabs.com\/fi\/tuote-2\/centogrammi-wendbare-gaensedaunenweste-mit-kapuze-in-grau\/","title":{"rendered":"Centogrammi Graue Nylon-Wendeweste f\u00fcr M\u00e4nner"},"content":{"rendered":"<p>Setzen Sie ein Zeichen mit der wendbaren Kapuzenweste Centogrammi, einem eleganten und vielseitigen Teil, bei dem Luxus auf Funktionalit\u00e4t trifft. Auf der einen Seite ist sie in einem klassischen Grauton gehalten, w\u00e4hrend die andere Seite eine silbergraue Alternative bietet, die zu Ihrer Stimmung oder Ihrem Outfit passt. Mit einem praktischen Rei\u00dfverschluss an der Vorderseite und einer G\u00e4nsedaunenwattierung h\u00e4lt er Sie warm, ohne dass Sie auf Stil verzichten m\u00fcssen. Mit diesem unverzichtbaren Centogrammi werden Sie zum Trendsetter in jeder Umgebung.<\/p>\n<p>Materiaali: 100% nylon<br \/>\nAlkuper\u00e4maa: CN<br \/>\nV\u00e4ri: Harmaa<\/p>","protected":false},"excerpt":{"rendered":"<p>Setzen Sie ein Zeichen mit der wendbaren Kapuzenweste Centogrammi, einem eleganten und vielseitigen Teil, bei dem Luxus auf Funktionalit\u00e4t trifft. Auf der einen Seite ist sie in einem klassischen Grauton gehalten, w\u00e4hrend die andere Seite eine silbergraue Alternative bietet, die zu Ihrer Stimmung oder Ihrem Outfit passt. Mit einem praktischen Rei\u00dfverschluss an der Vorderseite und [&hellip;]<\/p>","protected":false},"featured_media":261307,"template":"","meta":[],"product_brand":[2124],"product_cat":[1633,1623,1720],"product_tag":[],"class_list":{"0":"post-261313","1":"product","2":"type-product","3":"status-publish","4":"has-post-thumbnail","6":"product_brand-centogrammi","7":"product_cat-maenner-kleidung","8":"product_cat-kleidung","9":"product_cat-schutzwesten-maenner-kleidung","11":"first","12":"instock","13":"sale","14":"taxable","15":"shipping-taxable","16":"purchasable","17":"product-type-variable"},"_links":{"self":[{"href":"https:\/\/tpmadalina42.supserv.cozmoslabs.com\/fi\/wp-json\/wp\/v2\/product\/261313","targetHints":{"allow":["GET"]}}],"collection":[{"href":"https:\/\/tpmadalina42.supserv.cozmoslabs.com\/fi\/wp-json\/wp\/v2\/product"}],"about":[{"href":"https:\/\/tpmadalina42.supserv.cozmoslabs.com\/fi\/wp-json\/wp\/v2\/types\/product"}],"wp:featuredmedia":[{"embeddable":true,"href":"https:\/\/tpmadalina42.supserv.cozmoslabs.com\/fi\/wp-json\/wp\/v2\/media\/261307"}],"wp:attachment":[{"href":"https:\/\/tpmadalina42.supserv.cozmoslabs.com\/fi\/wp-json\/wp\/v2\/media?parent=261313"}],"wp:term":[{"taxonomy":"product_brand","embeddable":true,"href":"https:\/\/tpmadalina42.supserv.cozmoslabs.com\/fi\/wp-json\/wp\/v2\/product_brand?post=261313"},{"taxonomy":"product_cat","embeddable":true,"href":"https:\/\/tpmadalina42.supserv.cozmoslabs.com\/fi\/wp-json\/wp\/v2\/product_cat?post=261313"},{"taxonomy":"product_tag","embeddable":true,"href":"https:\/\/tpmadalina42.supserv.cozmoslabs.com\/fi\/wp-json\/wp\/v2\/product_tag?post=261313"}],"curies":[{"name":"wp","href":"https:\/\/api.w.org\/{rel}","templated":true}]}}