{"id":261669,"date":"2024-09-08T18:41:26","date_gmt":"2024-09-08T16:41:26","guid":{"rendered":"https:\/\/glandine.com\/product\/emilio-romanelli-schicke-schwarze-jacke-mit-pelzbesatz-von-murmasky\/"},"modified":"2024-11-29T22:30:23","modified_gmt":"2024-11-29T21:30:23","slug":"emilio-romanelli-schicke-schwarze-jacke-mit-pelzbesatz-von-murmasky","status":"publish","type":"product","link":"https:\/\/tpmadalina42.supserv.cozmoslabs.com\/fi\/tuote-2\/emilio-romanelli-schicke-schwarze-jacke-mit-pelzbesatz-von-murmasky\/","title":{"rendered":"Emilio Romanelli musta polyesteri naisten takki"},"content":{"rendered":"<p>Erweitern Sie Ihre Oberbekleidungskollektion mit der eleganten und raffinierten Emilio Romanelli Jacke, die f\u00fcr den modernen Modekenner entworfen wurde. Sie ist die perfekte Mischung aus funktional und fabelhaft und verf\u00fcgt \u00fcber einen luxuri\u00f6sen Murmasky-Pelzbesatz und ist mit echten Daunen gef\u00fcllt, die f\u00fcr un\u00fcbertroffene W\u00e4rme sorgen. Ihr kr\u00e4ftiger schwarzer Farbton sorgt daf\u00fcr, dass sie sich m\u00fchelos mit jedem Ensemble kombinieren l\u00e4sst, was sie zu einem vielseitigen Must-Have f\u00fcr k\u00fchle Tage macht.<\/p>\n<p>Materiaali: 100% polyesteri<br \/>\nAlkuper\u00e4maa: CN<br \/>\nV\u00e4ri: Musta<br \/>\nFell: Murmasky<\/p>","protected":false},"excerpt":{"rendered":"<p>Erweitern Sie Ihre Oberbekleidungskollektion mit der eleganten und raffinierten Emilio Romanelli Jacke, die f\u00fcr den modernen Modekenner entworfen wurde. Sie ist die perfekte Mischung aus funktional und fabelhaft und verf\u00fcgt \u00fcber einen luxuri\u00f6sen Murmasky-Pelzbesatz und ist mit echten Daunen gef\u00fcllt, die f\u00fcr un\u00fcbertroffene W\u00e4rme sorgen. Ihr kr\u00e4ftiger schwarzer Farbton sorgt daf\u00fcr, dass sie sich m\u00fchelos [&hellip;]<\/p>","protected":false},"featured_media":261667,"template":"","meta":[],"product_brand":[2248],"product_cat":[1637,1670,1623],"product_tag":[],"class_list":{"0":"post-261669","1":"product","2":"type-product","3":"status-publish","4":"has-post-thumbnail","6":"product_brand-emilio-romanelli","7":"product_cat-frauen-kleidung","8":"product_cat-jacken-maentel","9":"product_cat-kleidung","11":"first","12":"instock","13":"sale","14":"taxable","15":"shipping-taxable","16":"purchasable","17":"product-type-variable"},"_links":{"self":[{"href":"https:\/\/tpmadalina42.supserv.cozmoslabs.com\/fi\/wp-json\/wp\/v2\/product\/261669","targetHints":{"allow":["GET"]}}],"collection":[{"href":"https:\/\/tpmadalina42.supserv.cozmoslabs.com\/fi\/wp-json\/wp\/v2\/product"}],"about":[{"href":"https:\/\/tpmadalina42.supserv.cozmoslabs.com\/fi\/wp-json\/wp\/v2\/types\/product"}],"wp:featuredmedia":[{"embeddable":true,"href":"https:\/\/tpmadalina42.supserv.cozmoslabs.com\/fi\/wp-json\/wp\/v2\/media\/261667"}],"wp:attachment":[{"href":"https:\/\/tpmadalina42.supserv.cozmoslabs.com\/fi\/wp-json\/wp\/v2\/media?parent=261669"}],"wp:term":[{"taxonomy":"product_brand","embeddable":true,"href":"https:\/\/tpmadalina42.supserv.cozmoslabs.com\/fi\/wp-json\/wp\/v2\/product_brand?post=261669"},{"taxonomy":"product_cat","embeddable":true,"href":"https:\/\/tpmadalina42.supserv.cozmoslabs.com\/fi\/wp-json\/wp\/v2\/product_cat?post=261669"},{"taxonomy":"product_tag","embeddable":true,"href":"https:\/\/tpmadalina42.supserv.cozmoslabs.com\/fi\/wp-json\/wp\/v2\/product_tag?post=261669"}],"curies":[{"name":"wp","href":"https:\/\/api.w.org\/{rel}","templated":true}]}}