{"id":261738,"date":"2024-09-08T09:42:56","date_gmt":"2024-09-08T16:42:56","guid":{"rendered":"https:\/\/glandine.com\/product\/made-in-italy-elegante-jacke-mit-reissverschluss-aus-italienischer-wolle-und-kaschmir\/"},"modified":"2024-12-10T23:28:16","modified_gmt":"2024-12-10T22:28:16","slug":"made-in-italy-elegante-jacke-mit-reissverschluss-aus-italienischer-wolle-und-kaschmir","status":"publish","type":"product","link":"https:\/\/tpmadalina42.supserv.cozmoslabs.com\/fi\/tuote-2\/valmistettu-italialaisesta-elegantista-takki-vetoketjulla-valmistettu-italialaisesta-villasta-ja-kashmirista\/","title":{"rendered":"Made in Italy Tyylik\u00e4s vetoketjutakki italialaisesta villasta ja kashmirista"},"content":{"rendered":"<p>Hienostuneisuus kohtaa mukavuuden t\u00e4ss\u00e4 asiantuntevasti tehdyss\u00e4 takissa, joka lis\u00e4\u00e4 ripauksen italialaista eleganssia vaatekaappiisi. Valmistettu ylellisest\u00e4 95%-villan ja 5% kashmirin sekoituksesta, t\u00e4m\u00e4 pala lupaa l\u00e4mp\u00f6\u00e4 ja pehmeytt\u00e4. Saumaton sekoitus toiminnallisuutta ja tyyli\u00e4 vetoketjulla ja nappisuljetuksella varmistaa r\u00e4\u00e4t\u00e4l\u00f6idyn istuvuuden kaikkiin tilaisuuksiin.<\/p>\n<ul>\n<li>Materiaali: 95% villa, 5% kashmir<\/li>\n<li>Alkuper\u00e4maa: IT<\/li>\n<li>V\u00e4ri: Harmaa<\/li>\n<\/ul>","protected":false},"excerpt":{"rendered":"<p>Raffinesse trifft auf Komfort mit dieser fachm\u00e4nnisch gefertigten Jacke, die Ihrer Garderobe einen Hauch von italienischer Eleganz verleiht. Gefertigt aus einer luxuri\u00f6sen Mischung aus 95% Wolle und 5% Kaschmir, verspricht dieses St\u00fcck W\u00e4rme und Weichheit. Die nahtlose Mischung aus Funktionalit\u00e4t und Stil mit Rei\u00dfverschluss und Knopfverschluss sorgt f\u00fcr eine ma\u00dfgeschneiderte Passform f\u00fcr jeden Anlass. Material: [&hellip;]<\/p>","protected":false},"featured_media":261736,"template":"","meta":[],"product_brand":[2245],"product_cat":[1633,1669,1623],"product_tag":[],"class_list":{"0":"post-261738","1":"product","2":"type-product","3":"status-publish","4":"has-post-thumbnail","6":"product_brand-made-in-italy","7":"product_cat-maenner-kleidung","8":"product_cat-jacken","9":"product_cat-kleidung","11":"first","12":"instock","13":"sale","14":"taxable","15":"shipping-taxable","16":"purchasable","17":"product-type-variable"},"_links":{"self":[{"href":"https:\/\/tpmadalina42.supserv.cozmoslabs.com\/fi\/wp-json\/wp\/v2\/product\/261738","targetHints":{"allow":["GET"]}}],"collection":[{"href":"https:\/\/tpmadalina42.supserv.cozmoslabs.com\/fi\/wp-json\/wp\/v2\/product"}],"about":[{"href":"https:\/\/tpmadalina42.supserv.cozmoslabs.com\/fi\/wp-json\/wp\/v2\/types\/product"}],"wp:featuredmedia":[{"embeddable":true,"href":"https:\/\/tpmadalina42.supserv.cozmoslabs.com\/fi\/wp-json\/wp\/v2\/media\/261736"}],"wp:attachment":[{"href":"https:\/\/tpmadalina42.supserv.cozmoslabs.com\/fi\/wp-json\/wp\/v2\/media?parent=261738"}],"wp:term":[{"taxonomy":"product_brand","embeddable":true,"href":"https:\/\/tpmadalina42.supserv.cozmoslabs.com\/fi\/wp-json\/wp\/v2\/product_brand?post=261738"},{"taxonomy":"product_cat","embeddable":true,"href":"https:\/\/tpmadalina42.supserv.cozmoslabs.com\/fi\/wp-json\/wp\/v2\/product_cat?post=261738"},{"taxonomy":"product_tag","embeddable":true,"href":"https:\/\/tpmadalina42.supserv.cozmoslabs.com\/fi\/wp-json\/wp\/v2\/product_tag?post=261738"}],"curies":[{"name":"wp","href":"https:\/\/api.w.org\/{rel}","templated":true}]}}