{"id":262174,"date":"2024-09-08T18:55:34","date_gmt":"2024-09-08T16:55:34","guid":{"rendered":"https:\/\/glandine.com\/product\/elisabetta-franchi-rotes-kleid-aus-baumwolle-mit-pailletten\/"},"modified":"2024-11-29T22:52:47","modified_gmt":"2024-11-29T21:52:47","slug":"elisabetta-franchi-rotes-kleid-aus-baumwolle-mit-pailletten","status":"publish","type":"product","link":"https:\/\/tpmadalina42.supserv.cozmoslabs.com\/fi\/tuote-2\/elisabetta-franchi-rotes-kleid-aus-baumwolle-mit-pailletten\/","title":{"rendered":"Elisabetta Franchi Rotes Baumwollkleid f\u00fcr Frauen"},"content":{"rendered":"<p>Lassen Sie sich von dem k\u00fchnen Charme dieses Kleides von Elisabetta Franchi verzaubern, das italienische Handwerkskunst verk\u00f6rpert. Die auff\u00e4llige Kombination aus roten und wei\u00dfen Farbt\u00f6nen wird durch die schillernden Pailletten am Saum aufgewertet, wodurch ein ebenso trendiges wie zeitloses Statement entsteht. Perfekt f\u00fcr alle, die sich trauen, aufzufallen, ist dieses Kleid ein Beweis f\u00fcr den tadellosen Geschmack und das Selbstbewusstsein der Tr\u00e4gerin.<\/p>\n<p>Material: 70% Baumwolle, 23% Polyester, 7% andere Fasern<br \/>\nAlkuper\u00e4maa: IT<br \/>\nV\u00e4ri: punainen<\/p>","protected":false},"excerpt":{"rendered":"<p>Lassen Sie sich von dem k\u00fchnen Charme dieses Kleides von Elisabetta Franchi verzaubern, das italienische Handwerkskunst verk\u00f6rpert. Die auff\u00e4llige Kombination aus roten und wei\u00dfen Farbt\u00f6nen wird durch die schillernden Pailletten am Saum aufgewertet, wodurch ein ebenso trendiges wie zeitloses Statement entsteht. Perfekt f\u00fcr alle, die sich trauen, aufzufallen, ist dieses Kleid ein Beweis f\u00fcr den [&hellip;]<\/p>","protected":false},"featured_media":262172,"template":"","meta":[],"product_brand":[2224],"product_cat":[1637,1659,1623],"product_tag":[],"class_list":{"0":"post-262174","1":"product","2":"type-product","3":"status-publish","4":"has-post-thumbnail","6":"product_brand-elisabetta-franchi","7":"product_cat-frauen-kleidung","8":"product_cat-kleider","9":"product_cat-kleidung","11":"first","12":"instock","13":"sale","14":"taxable","15":"shipping-taxable","16":"purchasable","17":"product-type-variable"},"_links":{"self":[{"href":"https:\/\/tpmadalina42.supserv.cozmoslabs.com\/fi\/wp-json\/wp\/v2\/product\/262174","targetHints":{"allow":["GET"]}}],"collection":[{"href":"https:\/\/tpmadalina42.supserv.cozmoslabs.com\/fi\/wp-json\/wp\/v2\/product"}],"about":[{"href":"https:\/\/tpmadalina42.supserv.cozmoslabs.com\/fi\/wp-json\/wp\/v2\/types\/product"}],"wp:featuredmedia":[{"embeddable":true,"href":"https:\/\/tpmadalina42.supserv.cozmoslabs.com\/fi\/wp-json\/wp\/v2\/media\/262172"}],"wp:attachment":[{"href":"https:\/\/tpmadalina42.supserv.cozmoslabs.com\/fi\/wp-json\/wp\/v2\/media?parent=262174"}],"wp:term":[{"taxonomy":"product_brand","embeddable":true,"href":"https:\/\/tpmadalina42.supserv.cozmoslabs.com\/fi\/wp-json\/wp\/v2\/product_brand?post=262174"},{"taxonomy":"product_cat","embeddable":true,"href":"https:\/\/tpmadalina42.supserv.cozmoslabs.com\/fi\/wp-json\/wp\/v2\/product_cat?post=262174"},{"taxonomy":"product_tag","embeddable":true,"href":"https:\/\/tpmadalina42.supserv.cozmoslabs.com\/fi\/wp-json\/wp\/v2\/product_tag?post=262174"}],"curies":[{"name":"wp","href":"https:\/\/api.w.org\/{rel}","templated":true}]}}