{"id":262334,"date":"2024-09-08T19:00:47","date_gmt":"2024-09-08T17:00:47","guid":{"rendered":"https:\/\/glandine.com\/product\/centogrammi-wendbare-weste-mit-kapuze-aus-entenfedern\/"},"modified":"2024-11-29T23:37:13","modified_gmt":"2024-11-29T22:37:13","slug":"centogrammi-wendbare-weste-mit-kapuze-aus-entenfedern","status":"publish","type":"product","link":"https:\/\/tpmadalina42.supserv.cozmoslabs.com\/fi\/tuote-2\/centogrammi-wendbare-weste-mit-kapuze-aus-entenfedern\/","title":{"rendered":"Centogrammi Ruskea Nylon K\u00e4\u00e4nnett\u00e4v\u00e4 liivi miehille"},"content":{"rendered":"<p>Entdecken Sie den Inbegriff von vielseitigem Luxus mit der wendbaren Kapuzenweste von Centogrammi. Diese Weste ist ein Statement der High-End-Mode und l\u00e4sst sich mit Leichtigkeit von einem klassischen Braun in ein elegantes Schwarz verwandeln, was Ihre stilistische Anpassungsf\u00e4higkeit unterstreicht. Perfekt gepolstert mit pr\u00e4chtigen Entenfedern f\u00fcr W\u00e4rme und einem Rei\u00dfverschluss, der die Raffinesse besiegelt. Mit diesem Meisterwerk von Centogrammi verwandeln Sie Ihr Outfit gleich doppelt.<\/p>\n<p>Materiaali: 100% nylon<br \/>\nAlkuper\u00e4maa: CN<br \/>\nFarbe: Braun (wendbar zu Schwarz)<br \/>\nSulkeminen: vetoketju<\/p>","protected":false},"excerpt":{"rendered":"<p>Entdecken Sie den Inbegriff von vielseitigem Luxus mit der wendbaren Kapuzenweste von Centogrammi. Diese Weste ist ein Statement der High-End-Mode und l\u00e4sst sich mit Leichtigkeit von einem klassischen Braun in ein elegantes Schwarz verwandeln, was Ihre stilistische Anpassungsf\u00e4higkeit unterstreicht. Perfekt gepolstert mit pr\u00e4chtigen Entenfedern f\u00fcr W\u00e4rme und einem Rei\u00dfverschluss, der die Raffinesse besiegelt. Mit diesem [&hellip;]<\/p>","protected":false},"featured_media":262329,"template":"","meta":[],"product_brand":[2124],"product_cat":[1633,1623,1720],"product_tag":[],"class_list":{"0":"post-262334","1":"product","2":"type-product","3":"status-publish","4":"has-post-thumbnail","6":"product_brand-centogrammi","7":"product_cat-maenner-kleidung","8":"product_cat-kleidung","9":"product_cat-schutzwesten-maenner-kleidung","11":"first","12":"instock","13":"sale","14":"taxable","15":"shipping-taxable","16":"purchasable","17":"product-type-variable"},"_links":{"self":[{"href":"https:\/\/tpmadalina42.supserv.cozmoslabs.com\/fi\/wp-json\/wp\/v2\/product\/262334","targetHints":{"allow":["GET"]}}],"collection":[{"href":"https:\/\/tpmadalina42.supserv.cozmoslabs.com\/fi\/wp-json\/wp\/v2\/product"}],"about":[{"href":"https:\/\/tpmadalina42.supserv.cozmoslabs.com\/fi\/wp-json\/wp\/v2\/types\/product"}],"wp:featuredmedia":[{"embeddable":true,"href":"https:\/\/tpmadalina42.supserv.cozmoslabs.com\/fi\/wp-json\/wp\/v2\/media\/262329"}],"wp:attachment":[{"href":"https:\/\/tpmadalina42.supserv.cozmoslabs.com\/fi\/wp-json\/wp\/v2\/media?parent=262334"}],"wp:term":[{"taxonomy":"product_brand","embeddable":true,"href":"https:\/\/tpmadalina42.supserv.cozmoslabs.com\/fi\/wp-json\/wp\/v2\/product_brand?post=262334"},{"taxonomy":"product_cat","embeddable":true,"href":"https:\/\/tpmadalina42.supserv.cozmoslabs.com\/fi\/wp-json\/wp\/v2\/product_cat?post=262334"},{"taxonomy":"product_tag","embeddable":true,"href":"https:\/\/tpmadalina42.supserv.cozmoslabs.com\/fi\/wp-json\/wp\/v2\/product_tag?post=262334"}],"curies":[{"name":"wp","href":"https:\/\/api.w.org\/{rel}","templated":true}]}}