{"id":262761,"date":"2024-09-08T19:13:09","date_gmt":"2024-09-08T17:13:09","guid":{"rendered":"https:\/\/glandine.com\/product\/plein-sport-pastellrosa-crossbody-elegance-mit-schickem-schluesselanhaenger\/"},"modified":"2024-11-30T01:47:49","modified_gmt":"2024-11-30T00:47:49","slug":"plein-sport-pastellrosa-crossbody-elegance-mit-schickem-schluesselanhaenger","status":"publish","type":"product","link":"https:\/\/tpmadalina42.supserv.cozmoslabs.com\/fi\/tuote-2\/plein-sport-pastellrosa-crossbody-elegance-mit-schickem-schluesselanhaenger\/","title":{"rendered":"Plein Sport Pink Polyamidi Naisten Olkalaukku"},"content":{"rendered":"<p>Lis\u00e4\u00e4 tyyliosuuttasi vaivattomasti tyylikk\u00e4\u00e4ll\u00e4 Plein Sport crossbody -laukulla suloisessa pastellinpunaisessa s\u00e4vyss\u00e4. T\u00e4m\u00e4 laukku sopii t\u00e4ydellisesti muotitietoisille ihmisille, ja siin\u00e4 yhdistyv\u00e4t toiminnallisuus ja katseenvangitsija estetiikka. Valmistettu 100% polyamidista, se lupaa kest\u00e4v\u00e4\u00e4 laatua ja trendikk\u00e4\u00e4n ilmeen. Mukana oleva ristikk\u00e4inen vy\u00f6 mahdollistaa monipuoliset k\u00e4ytt\u00f6vaihtoehdot, kun taas irrotettava avaimenper\u00e4 lis\u00e4\u00e4 erityist\u00e4 ilmett\u00e4 t\u00e4h\u00e4n v\u00e4ltt\u00e4m\u00e4tt\u00f6m\u00e4\u00e4n lis\u00e4varusteeseen. Esit\u00e4 rohkea lausunto Plein Sport:n vetovoimalla.<\/p>\n<p>\u2013 V\u00e4ri: Pinkki<br \/>\n\u2013 Materiaali: 100% polyamidi<br \/>\n\u2013 Alkuper\u00e4maa: CN<\/p>","protected":false},"excerpt":{"rendered":"<p>Erh\u00f6hen Sie Ihren Style-Quotienten mit der m\u00fchelos schicken Plein Sport Crossbody-Tasche in einem entz\u00fcckenden Pastellrosa-Farbton. Diese Tasche ist perfekt f\u00fcr modebewusste Menschen und verbindet Funktionalit\u00e4t mit einer auff\u00e4lligen \u00c4sthetik. Gefertigt aus 100% Polyamid, verspricht sie dauerhafte Qualit\u00e4t und einen trendigen Look. Der mitgelieferte Kreuzg\u00fcrtel erm\u00f6glicht vielseitige Tragem\u00f6glichkeiten, w\u00e4hrend der abnehmbare Schl\u00fcsselanh\u00e4nger diesem Must-Have-Accessoire eine besondere [&hellip;]<\/p>","protected":false},"featured_media":262759,"template":"","meta":[],"product_brand":[2108],"product_cat":[1731,1630],"product_tag":[],"class_list":{"0":"post-262761","1":"product","2":"type-product","3":"status-publish","4":"has-post-thumbnail","6":"product_brand-plein-sport","7":"product_cat-crossbody-taschen","8":"product_cat-frauen","10":"first","11":"instock","12":"sale","13":"taxable","14":"shipping-taxable","15":"purchasable","16":"product-type-simple"},"_links":{"self":[{"href":"https:\/\/tpmadalina42.supserv.cozmoslabs.com\/fi\/wp-json\/wp\/v2\/product\/262761","targetHints":{"allow":["GET"]}}],"collection":[{"href":"https:\/\/tpmadalina42.supserv.cozmoslabs.com\/fi\/wp-json\/wp\/v2\/product"}],"about":[{"href":"https:\/\/tpmadalina42.supserv.cozmoslabs.com\/fi\/wp-json\/wp\/v2\/types\/product"}],"wp:featuredmedia":[{"embeddable":true,"href":"https:\/\/tpmadalina42.supserv.cozmoslabs.com\/fi\/wp-json\/wp\/v2\/media\/262759"}],"wp:attachment":[{"href":"https:\/\/tpmadalina42.supserv.cozmoslabs.com\/fi\/wp-json\/wp\/v2\/media?parent=262761"}],"wp:term":[{"taxonomy":"product_brand","embeddable":true,"href":"https:\/\/tpmadalina42.supserv.cozmoslabs.com\/fi\/wp-json\/wp\/v2\/product_brand?post=262761"},{"taxonomy":"product_cat","embeddable":true,"href":"https:\/\/tpmadalina42.supserv.cozmoslabs.com\/fi\/wp-json\/wp\/v2\/product_cat?post=262761"},{"taxonomy":"product_tag","embeddable":true,"href":"https:\/\/tpmadalina42.supserv.cozmoslabs.com\/fi\/wp-json\/wp\/v2\/product_tag?post=262761"}],"curies":[{"name":"wp","href":"https:\/\/api.w.org\/{rel}","templated":true}]}}