{"id":262772,"date":"2024-09-08T19:13:42","date_gmt":"2024-09-08T17:13:42","guid":{"rendered":"https:\/\/glandine.com\/product\/plein-sport-elegante-weisse-tragetasche-mit-kreuzguertel-und-schluesselanhaenger\/"},"modified":"2024-11-30T01:48:01","modified_gmt":"2024-11-30T00:48:01","slug":"plein-sport-elegante-weisse-tragetasche-mit-kreuzguertel-und-schluesselanhaenger","status":"publish","type":"product","link":"https:\/\/tpmadalina42.supserv.cozmoslabs.com\/fi\/tuote-2\/plein-sport-elegante-weisse-tragetasche-mit-kreuzguertel-und-schluesselanhaenger\/","title":{"rendered":"Plein Sport valkoinen polyamidi naisten olkalaukku"},"content":{"rendered":"<p>Tauchen Sie ein in die Welt des Glamours mit dieser makellosen wei\u00dfen Plein Sport Tote Bag. Sie ist nicht nur ein ger\u00e4umiger Begleiter f\u00fcr Ihre Alltagsutensilien, sondern verf\u00fcgt auch \u00fcber einen Kreuzgurt, der f\u00fcr die perfekte Mischung aus Komfort und Stil sorgt. Der abnehmbare Schl\u00fcsselanh\u00e4nger sorgt f\u00fcr den richtigen Hauch von Designer-Flair, um Ihren sportlichen Luxus-Look zu vervollst\u00e4ndigen. Diese strapazierf\u00e4hige und stilvolle Tasche aus 100 % Polyamid ist ein Beweis f\u00fcr den Trendcharakter von Plein Sport.<\/p>\n<p>Materiaali: 100% polyamidi<br \/>\nAlkuper\u00e4maa: CN<br \/>\nV\u00e4ri: Valkoinen<\/p>","protected":false},"excerpt":{"rendered":"<p>Tauchen Sie ein in die Welt des Glamours mit dieser makellosen wei\u00dfen Plein Sport Tote Bag. Sie ist nicht nur ein ger\u00e4umiger Begleiter f\u00fcr Ihre Alltagsutensilien, sondern verf\u00fcgt auch \u00fcber einen Kreuzgurt, der f\u00fcr die perfekte Mischung aus Komfort und Stil sorgt. Der abnehmbare Schl\u00fcsselanh\u00e4nger sorgt f\u00fcr den richtigen Hauch von Designer-Flair, um Ihren sportlichen [&hellip;]<\/p>","protected":false},"featured_media":262770,"template":"","meta":[],"product_brand":[2108],"product_cat":[1630,1745],"product_tag":[],"class_list":{"0":"post-262772","1":"product","2":"type-product","3":"status-publish","4":"has-post-thumbnail","6":"product_brand-plein-sport","7":"product_cat-frauen","8":"product_cat-umhaengetaschen-frauen","10":"first","11":"instock","12":"sale","13":"taxable","14":"shipping-taxable","15":"purchasable","16":"product-type-simple"},"_links":{"self":[{"href":"https:\/\/tpmadalina42.supserv.cozmoslabs.com\/fi\/wp-json\/wp\/v2\/product\/262772","targetHints":{"allow":["GET"]}}],"collection":[{"href":"https:\/\/tpmadalina42.supserv.cozmoslabs.com\/fi\/wp-json\/wp\/v2\/product"}],"about":[{"href":"https:\/\/tpmadalina42.supserv.cozmoslabs.com\/fi\/wp-json\/wp\/v2\/types\/product"}],"wp:featuredmedia":[{"embeddable":true,"href":"https:\/\/tpmadalina42.supserv.cozmoslabs.com\/fi\/wp-json\/wp\/v2\/media\/262770"}],"wp:attachment":[{"href":"https:\/\/tpmadalina42.supserv.cozmoslabs.com\/fi\/wp-json\/wp\/v2\/media?parent=262772"}],"wp:term":[{"taxonomy":"product_brand","embeddable":true,"href":"https:\/\/tpmadalina42.supserv.cozmoslabs.com\/fi\/wp-json\/wp\/v2\/product_brand?post=262772"},{"taxonomy":"product_cat","embeddable":true,"href":"https:\/\/tpmadalina42.supserv.cozmoslabs.com\/fi\/wp-json\/wp\/v2\/product_cat?post=262772"},{"taxonomy":"product_tag","embeddable":true,"href":"https:\/\/tpmadalina42.supserv.cozmoslabs.com\/fi\/wp-json\/wp\/v2\/product_tag?post=262772"}],"curies":[{"name":"wp","href":"https:\/\/api.w.org\/{rel}","templated":true}]}}