{"id":262778,"date":"2024-09-08T10:13:59","date_gmt":"2024-09-08T17:13:59","guid":{"rendered":"https:\/\/glandine.com\/product\/palm-angels-schicke-schwarze-umhaengetasche-aus-baumwolle\/"},"modified":"2024-11-30T01:48:07","modified_gmt":"2024-11-30T00:48:07","slug":"palm-angels-schicke-schwarze-umhaengetasche-aus-baumwolle","status":"publish","type":"product","link":"https:\/\/tpmadalina42.supserv.cozmoslabs.com\/fi\/tuote-2\/palm-angels-schicke-schwarze-umhaengetasche-aus-baumwolle\/","title":{"rendered":"Palm Angels Tyylik\u00e4s musta puuvillainen olkalaukku"},"content":{"rendered":"<p>Entdecken Sie die perfekte Mischung aus Stil und Funktionalit\u00e4t mit dieser schicken schwarzen Umh\u00e4ngetasche. Mit ihrem unverwechselbaren Markendesign verspricht dieses St\u00fcck von Palm Angels, Ihr Accessoire-Spiel aufzuwerten. Die luxuri\u00f6se Umh\u00e4ngetasche aus 100 % Baumwolle ist strapazierf\u00e4hig und f\u00fchlt sich weich an &#8211; ideal f\u00fcr den t\u00e4glichen Bedarf oder einen eleganten Abend.<\/p>\n<ul>\n<li>Materiaali: 100% puuvilla<\/li>\n<li>Alkuper\u00e4maa: IT<\/li>\n<li>V\u00e4ri: Musta<\/li>\n<\/ul>","protected":false},"excerpt":{"rendered":"<p>Entdecken Sie die perfekte Mischung aus Stil und Funktionalit\u00e4t mit dieser schicken schwarzen Umh\u00e4ngetasche. Mit ihrem unverwechselbaren Markendesign verspricht dieses St\u00fcck von Palm Angels, Ihr Accessoire-Spiel aufzuwerten. Die luxuri\u00f6se Umh\u00e4ngetasche aus 100 % Baumwolle ist strapazierf\u00e4hig und f\u00fchlt sich weich an &#8211; ideal f\u00fcr den t\u00e4glichen Bedarf oder einen eleganten Abend. Material: 100% Baumwolle Herkunftsland: [&hellip;]<\/p>","protected":false},"featured_media":262776,"template":"","meta":[],"product_brand":[2318],"product_cat":[1630,1745],"product_tag":[],"class_list":{"0":"post-262778","1":"product","2":"type-product","3":"status-publish","4":"has-post-thumbnail","6":"product_brand-palm-angels","7":"product_cat-frauen","8":"product_cat-umhaengetaschen-frauen","10":"first","11":"instock","12":"sale","13":"taxable","14":"shipping-taxable","15":"purchasable","16":"product-type-simple"},"_links":{"self":[{"href":"https:\/\/tpmadalina42.supserv.cozmoslabs.com\/fi\/wp-json\/wp\/v2\/product\/262778","targetHints":{"allow":["GET"]}}],"collection":[{"href":"https:\/\/tpmadalina42.supserv.cozmoslabs.com\/fi\/wp-json\/wp\/v2\/product"}],"about":[{"href":"https:\/\/tpmadalina42.supserv.cozmoslabs.com\/fi\/wp-json\/wp\/v2\/types\/product"}],"wp:featuredmedia":[{"embeddable":true,"href":"https:\/\/tpmadalina42.supserv.cozmoslabs.com\/fi\/wp-json\/wp\/v2\/media\/262776"}],"wp:attachment":[{"href":"https:\/\/tpmadalina42.supserv.cozmoslabs.com\/fi\/wp-json\/wp\/v2\/media?parent=262778"}],"wp:term":[{"taxonomy":"product_brand","embeddable":true,"href":"https:\/\/tpmadalina42.supserv.cozmoslabs.com\/fi\/wp-json\/wp\/v2\/product_brand?post=262778"},{"taxonomy":"product_cat","embeddable":true,"href":"https:\/\/tpmadalina42.supserv.cozmoslabs.com\/fi\/wp-json\/wp\/v2\/product_cat?post=262778"},{"taxonomy":"product_tag","embeddable":true,"href":"https:\/\/tpmadalina42.supserv.cozmoslabs.com\/fi\/wp-json\/wp\/v2\/product_tag?post=262778"}],"curies":[{"name":"wp","href":"https:\/\/api.w.org\/{rel}","templated":true}]}}