{"id":262829,"date":"2024-09-08T10:15:44","date_gmt":"2024-09-08T17:15:44","guid":{"rendered":"https:\/\/glandine.com\/product\/off-white-fuchsia-neopren-wildleder-sandalen\/"},"modified":"2024-11-30T03:22:30","modified_gmt":"2024-11-30T02:22:30","slug":"off-white-fuchsia-neopren-wildleder-sandalen","status":"publish","type":"product","link":"https:\/\/tpmadalina42.supserv.cozmoslabs.com\/fi\/tuote-2\/off-white-fuchsia-neopren-wildleder-sandalen\/","title":{"rendered":"Off-White Fuksian neopreeniset mokkanahkasandaalit"},"content":{"rendered":"<p>Diese fuchsiafarbenen Neopren- und Wildledersandalen sorgen f\u00fcr einen Hauch von Eleganz. Die perfekte Mischung aus Stil und Komfort, mit einer abgerundeten offenen Spitze und einem praktischen Rei\u00dfverschluss an der Seite. Mit einer robusten Gummisohle und dem unverwechselbaren Pfeil-Logo aus Leder sind diese in Italien hergestellten Sandalen eine luxuri\u00f6se Erg\u00e4nzung f\u00fcr jede Garderobe.<\/p>\n<ul>\n<li>Material: 65% Neopren, 35% Leder di Calfskin<\/li>\n<li>Alkuper\u00e4maa: IT<\/li>\n<li>V\u00e4ri: fuksia<\/li>\n<\/ul>","protected":false},"excerpt":{"rendered":"<p>Diese fuchsiafarbenen Neopren- und Wildledersandalen sorgen f\u00fcr einen Hauch von Eleganz. Die perfekte Mischung aus Stil und Komfort, mit einer abgerundeten offenen Spitze und einem praktischen Rei\u00dfverschluss an der Seite. Mit einer robusten Gummisohle und dem unverwechselbaren Pfeil-Logo aus Leder sind diese in Italien hergestellten Sandalen eine luxuri\u00f6se Erg\u00e4nzung f\u00fcr jede Garderobe. Material: 65% Neopren, [&hellip;]<\/p>","protected":false},"featured_media":262827,"template":"","meta":[],"product_brand":[2299],"product_cat":[1635,1692,1624],"product_tag":[],"class_list":{"0":"post-262829","1":"product","2":"type-product","3":"status-publish","4":"has-post-thumbnail","6":"product_brand-off-white","7":"product_cat-frauen-schuhe","8":"product_cat-sandalen-frauen-schuhe","9":"product_cat-schuhe","11":"first","12":"instock","13":"sale","14":"taxable","15":"shipping-taxable","16":"purchasable","17":"product-type-variable"},"_links":{"self":[{"href":"https:\/\/tpmadalina42.supserv.cozmoslabs.com\/fi\/wp-json\/wp\/v2\/product\/262829","targetHints":{"allow":["GET"]}}],"collection":[{"href":"https:\/\/tpmadalina42.supserv.cozmoslabs.com\/fi\/wp-json\/wp\/v2\/product"}],"about":[{"href":"https:\/\/tpmadalina42.supserv.cozmoslabs.com\/fi\/wp-json\/wp\/v2\/types\/product"}],"wp:featuredmedia":[{"embeddable":true,"href":"https:\/\/tpmadalina42.supserv.cozmoslabs.com\/fi\/wp-json\/wp\/v2\/media\/262827"}],"wp:attachment":[{"href":"https:\/\/tpmadalina42.supserv.cozmoslabs.com\/fi\/wp-json\/wp\/v2\/media?parent=262829"}],"wp:term":[{"taxonomy":"product_brand","embeddable":true,"href":"https:\/\/tpmadalina42.supserv.cozmoslabs.com\/fi\/wp-json\/wp\/v2\/product_brand?post=262829"},{"taxonomy":"product_cat","embeddable":true,"href":"https:\/\/tpmadalina42.supserv.cozmoslabs.com\/fi\/wp-json\/wp\/v2\/product_cat?post=262829"},{"taxonomy":"product_tag","embeddable":true,"href":"https:\/\/tpmadalina42.supserv.cozmoslabs.com\/fi\/wp-json\/wp\/v2\/product_tag?post=262829"}],"curies":[{"name":"wp","href":"https:\/\/api.w.org\/{rel}","templated":true}]}}