{"id":263438,"date":"2024-09-08T10:32:59","date_gmt":"2024-09-08T17:32:59","guid":{"rendered":"https:\/\/glandine.com\/product\/hinnominate-schicker-baumwoll-kapuzenpullover-mit-logo-aermeln\/"},"modified":"2024-11-30T04:47:40","modified_gmt":"2024-11-30T03:47:40","slug":"hinnominate-schicker-baumwoll-kapuzenpullover-mit-logo-aermeln","status":"publish","type":"product","link":"https:\/\/tpmadalina42.supserv.cozmoslabs.com\/fi\/tuote-2\/hinnominate-schicker-baumwoll-kapuzenpullover-mit-logo-aermeln\/","title":{"rendered":"Hinnominate Schicker Baumwoll-Kapuzenpullover mit Logo-\u00c4rmeln"},"content":{"rendered":"<p>Erleben Sie l\u00e4ssigen Luxus mit diesem exquisiten Kapuzenpulli aus Baumwolle, der f\u00fcr alle entworfen wurde, die eine Mischung aus Stil und Komfort sch\u00e4tzen. Der elastische Bund und die \u00c4rmel sorgen f\u00fcr eine gute Passform. Der dezente, aber unverwechselbare Logoprint auf dem \u00c4rmel verleiht Ihrer Freizeitkollektion einen exklusiven Touch. Dieser in Italien mit Sorgfalt gefertigte Hoodie verspricht, Ihren Freizeitlook aufzuwerten.<\/p>\n<ul>\n<li>Materiaali: 100% puuvilla<\/li>\n<li>Alkuper\u00e4maa: IT<\/li>\n<li>V\u00e4ri: Vihre\u00e4<\/li>\n<\/ul>","protected":false},"excerpt":{"rendered":"<p>Erleben Sie l\u00e4ssigen Luxus mit diesem exquisiten Kapuzenpulli aus Baumwolle, der f\u00fcr alle entworfen wurde, die eine Mischung aus Stil und Komfort sch\u00e4tzen. Der elastische Bund und die \u00c4rmel sorgen f\u00fcr eine gute Passform. Der dezente, aber unverwechselbare Logoprint auf dem \u00c4rmel verleiht Ihrer Freizeitkollektion einen exklusiven Touch. Dieser in Italien mit Sorgfalt gefertigte Hoodie [&hellip;]<\/p>","protected":false},"featured_media":263435,"template":"","meta":[],"product_brand":[2492],"product_cat":[1637,1623],"product_tag":[],"class_list":{"0":"post-263438","1":"product","2":"type-product","3":"status-publish","4":"has-post-thumbnail","6":"product_brand-hinnominate","7":"product_cat-frauen-kleidung","8":"product_cat-kleidung","10":"first","11":"instock","12":"sale","13":"taxable","14":"shipping-taxable","15":"purchasable","16":"product-type-variable"},"_links":{"self":[{"href":"https:\/\/tpmadalina42.supserv.cozmoslabs.com\/fi\/wp-json\/wp\/v2\/product\/263438","targetHints":{"allow":["GET"]}}],"collection":[{"href":"https:\/\/tpmadalina42.supserv.cozmoslabs.com\/fi\/wp-json\/wp\/v2\/product"}],"about":[{"href":"https:\/\/tpmadalina42.supserv.cozmoslabs.com\/fi\/wp-json\/wp\/v2\/types\/product"}],"wp:featuredmedia":[{"embeddable":true,"href":"https:\/\/tpmadalina42.supserv.cozmoslabs.com\/fi\/wp-json\/wp\/v2\/media\/263435"}],"wp:attachment":[{"href":"https:\/\/tpmadalina42.supserv.cozmoslabs.com\/fi\/wp-json\/wp\/v2\/media?parent=263438"}],"wp:term":[{"taxonomy":"product_brand","embeddable":true,"href":"https:\/\/tpmadalina42.supserv.cozmoslabs.com\/fi\/wp-json\/wp\/v2\/product_brand?post=263438"},{"taxonomy":"product_cat","embeddable":true,"href":"https:\/\/tpmadalina42.supserv.cozmoslabs.com\/fi\/wp-json\/wp\/v2\/product_cat?post=263438"},{"taxonomy":"product_tag","embeddable":true,"href":"https:\/\/tpmadalina42.supserv.cozmoslabs.com\/fi\/wp-json\/wp\/v2\/product_tag?post=263438"}],"curies":[{"name":"wp","href":"https:\/\/api.w.org\/{rel}","templated":true}]}}