{"id":263636,"date":"2024-09-08T10:38:06","date_gmt":"2024-09-08T17:38:06","guid":{"rendered":"https:\/\/glandine.com\/product\/yes-zee-schicke-schwarz-gewaschene-slim-fit-jeans-fuer-frauen\/"},"modified":"2024-11-30T06:05:31","modified_gmt":"2024-11-30T05:05:31","slug":"yes-zee-schicke-schwarz-gewaschene-slim-fit-jeans-fuer-frauen","status":"publish","type":"product","link":"https:\/\/tpmadalina42.supserv.cozmoslabs.com\/fi\/tuote-2\/yes-zee-schicke-schwarz-gewaschene-slim-fit-jeans-fuer-frauen\/","title":{"rendered":"Yes Zee Tyylikk\u00e4\u00e4t mustat pestyt slim-fit-farkut naisille"},"content":{"rendered":"<p>Peppen Sie Ihre Jeans-Kollektion mit dieser raffinierten Jeans mit schwarzer Waschung im Five-Pocket-Stil auf, die Ihre Figur mit einer engen Passform und mittlerer Leibh\u00f6he betont. Die subtile Schattierung auf der Vorderseite verleiht ihr Dimension und macht sie zu einem vielseitigen St\u00fcck f\u00fcr l\u00e4ssigen Schick oder abendliche Eleganz.<\/p>\n<ul>\n<li>Materiaali: 98% puuvilla, 2% elastaani.<\/li>\n<li>Alkuper\u00e4maa: BD<\/li>\n<li>V\u00e4ri: Musta<\/li>\n<\/ul>","protected":false},"excerpt":{"rendered":"<p>Peppen Sie Ihre Jeans-Kollektion mit dieser raffinierten Jeans mit schwarzer Waschung im Five-Pocket-Stil auf, die Ihre Figur mit einer engen Passform und mittlerer Leibh\u00f6he betont. Die subtile Schattierung auf der Vorderseite verleiht ihr Dimension und macht sie zu einem vielseitigen St\u00fcck f\u00fcr l\u00e4ssigen Schick oder abendliche Eleganz. Material: 98% Baumwolle, 2% Elasthan Herkunftsland: BD Farbe: [&hellip;]<\/p>","protected":false},"featured_media":263634,"template":"","meta":[],"product_brand":[2181],"product_cat":[1637,1686,1623],"product_tag":[],"class_list":{"0":"post-263636","1":"product","2":"type-product","3":"status-publish","4":"has-post-thumbnail","6":"product_brand-yes-zee","7":"product_cat-frauen-kleidung","8":"product_cat-jeans-hosen-frauen-kleidung","9":"product_cat-kleidung","11":"first","12":"instock","13":"sale","14":"taxable","15":"shipping-taxable","16":"purchasable","17":"product-type-variable"},"_links":{"self":[{"href":"https:\/\/tpmadalina42.supserv.cozmoslabs.com\/fi\/wp-json\/wp\/v2\/product\/263636","targetHints":{"allow":["GET"]}}],"collection":[{"href":"https:\/\/tpmadalina42.supserv.cozmoslabs.com\/fi\/wp-json\/wp\/v2\/product"}],"about":[{"href":"https:\/\/tpmadalina42.supserv.cozmoslabs.com\/fi\/wp-json\/wp\/v2\/types\/product"}],"wp:featuredmedia":[{"embeddable":true,"href":"https:\/\/tpmadalina42.supserv.cozmoslabs.com\/fi\/wp-json\/wp\/v2\/media\/263634"}],"wp:attachment":[{"href":"https:\/\/tpmadalina42.supserv.cozmoslabs.com\/fi\/wp-json\/wp\/v2\/media?parent=263636"}],"wp:term":[{"taxonomy":"product_brand","embeddable":true,"href":"https:\/\/tpmadalina42.supserv.cozmoslabs.com\/fi\/wp-json\/wp\/v2\/product_brand?post=263636"},{"taxonomy":"product_cat","embeddable":true,"href":"https:\/\/tpmadalina42.supserv.cozmoslabs.com\/fi\/wp-json\/wp\/v2\/product_cat?post=263636"},{"taxonomy":"product_tag","embeddable":true,"href":"https:\/\/tpmadalina42.supserv.cozmoslabs.com\/fi\/wp-json\/wp\/v2\/product_tag?post=263636"}],"curies":[{"name":"wp","href":"https:\/\/api.w.org\/{rel}","templated":true}]}}