{"id":263664,"date":"2024-09-08T10:38:47","date_gmt":"2024-09-08T17:38:47","guid":{"rendered":"https:\/\/glandine.com\/product\/yes-zee-blaue-skinny-fit-push-up-jeggings\/"},"modified":"2024-11-30T06:06:25","modified_gmt":"2024-11-30T05:06:25","slug":"yes-zee-blaue-skinny-fit-push-up-jeggings","status":"publish","type":"product","link":"https:\/\/tpmadalina42.supserv.cozmoslabs.com\/fi\/tuote-2\/yes-zee-blaue-skinny-fit-push-up-jeggings\/","title":{"rendered":"Yes Zee Siniset Skinny Fit Push-Up Jeggings"},"content":{"rendered":"<p>Peppen Sie Ihre Denim-Kollektion mit diesen schicken blauen Jeggings auf, die Ihrer Figur mit einem anhaftenden Push-up-Effekt schmeicheln. Die Hose im Skinny-Fit ist bequem und stilvoll und eignet sich perfekt f\u00fcr Ihre Alltagsgarderobe oder einen Abend in der Stadt. Das Material aus reiner Baumwolle sorgt f\u00fcr Atmungsaktivit\u00e4t und Strapazierf\u00e4higkeit f\u00fcr einen langen Tragekomfort.<\/p>\n<ul>\n<li>Materiaali: 100% puuvilla<\/li>\n<li>Alkuper\u00e4maa: BD<\/li>\n<li>V\u00e4ri: Sininen<\/li>\n<\/ul>","protected":false},"excerpt":{"rendered":"<p>Peppen Sie Ihre Denim-Kollektion mit diesen schicken blauen Jeggings auf, die Ihrer Figur mit einem anhaftenden Push-up-Effekt schmeicheln. Die Hose im Skinny-Fit ist bequem und stilvoll und eignet sich perfekt f\u00fcr Ihre Alltagsgarderobe oder einen Abend in der Stadt. Das Material aus reiner Baumwolle sorgt f\u00fcr Atmungsaktivit\u00e4t und Strapazierf\u00e4higkeit f\u00fcr einen langen Tragekomfort. Material: 100% [&hellip;]<\/p>","protected":false},"featured_media":263661,"template":"","meta":[],"product_brand":[2181],"product_cat":[1637,1686,1623],"product_tag":[],"class_list":{"0":"post-263664","1":"product","2":"type-product","3":"status-publish","4":"has-post-thumbnail","6":"product_brand-yes-zee","7":"product_cat-frauen-kleidung","8":"product_cat-jeans-hosen-frauen-kleidung","9":"product_cat-kleidung","11":"first","12":"instock","13":"sale","14":"taxable","15":"shipping-taxable","16":"purchasable","17":"product-type-variable"},"_links":{"self":[{"href":"https:\/\/tpmadalina42.supserv.cozmoslabs.com\/fi\/wp-json\/wp\/v2\/product\/263664","targetHints":{"allow":["GET"]}}],"collection":[{"href":"https:\/\/tpmadalina42.supserv.cozmoslabs.com\/fi\/wp-json\/wp\/v2\/product"}],"about":[{"href":"https:\/\/tpmadalina42.supserv.cozmoslabs.com\/fi\/wp-json\/wp\/v2\/types\/product"}],"wp:featuredmedia":[{"embeddable":true,"href":"https:\/\/tpmadalina42.supserv.cozmoslabs.com\/fi\/wp-json\/wp\/v2\/media\/263661"}],"wp:attachment":[{"href":"https:\/\/tpmadalina42.supserv.cozmoslabs.com\/fi\/wp-json\/wp\/v2\/media?parent=263664"}],"wp:term":[{"taxonomy":"product_brand","embeddable":true,"href":"https:\/\/tpmadalina42.supserv.cozmoslabs.com\/fi\/wp-json\/wp\/v2\/product_brand?post=263664"},{"taxonomy":"product_cat","embeddable":true,"href":"https:\/\/tpmadalina42.supserv.cozmoslabs.com\/fi\/wp-json\/wp\/v2\/product_cat?post=263664"},{"taxonomy":"product_tag","embeddable":true,"href":"https:\/\/tpmadalina42.supserv.cozmoslabs.com\/fi\/wp-json\/wp\/v2\/product_tag?post=263664"}],"curies":[{"name":"wp","href":"https:\/\/api.w.org\/{rel}","templated":true}]}}