{"id":263880,"date":"2024-09-08T10:53:18","date_gmt":"2024-09-08T17:53:18","guid":{"rendered":"https:\/\/glandine.com\/product\/emilio-romanelli-eleganter-dunkelblauer-kaschmirpullover\/"},"modified":"2024-11-30T07:12:44","modified_gmt":"2024-11-30T06:12:44","slug":"emilio-romanelli-eleganter-dunkelblauer-kaschmirpullover","status":"publish","type":"product","link":"https:\/\/tpmadalina42.supserv.cozmoslabs.com\/fi\/tuote-2\/emilio-romanelli-eleganter-dunkelblauer-kaschmirpullover\/","title":{"rendered":"Emilio Romanelli Tyylik\u00e4s tummansininen kashmirpusero"},"content":{"rendered":"<p>Lassen Sie sich von der luxuri\u00f6sen W\u00e4rme unseres schmal geschnittenen Kaschmirpullovers verw\u00f6hnen. Dieser dunkelblaue Pullover mit Rundhalsausschnitt wurde mit viel Liebe zum Detail gefertigt und ist ein zeitloses St\u00fcck f\u00fcr alle, die die sch\u00f6nen Dinge des Lebens zu sch\u00e4tzen wissen. Der Raglan-Sweatshirt-Schnitt bietet sowohl Komfort als auch Stil und macht ihn zu einer unverzichtbaren Erg\u00e4nzung f\u00fcr jede raffinierte Garderobe.<\/p>\n<ul>\n<li>Material: 100% reines Kaschmir<\/li>\n<li>Alkuper\u00e4maa: IT<\/li>\n<li>V\u00e4ri: Sininen<\/li>\n<\/ul>","protected":false},"excerpt":{"rendered":"<p>Lassen Sie sich von der luxuri\u00f6sen W\u00e4rme unseres schmal geschnittenen Kaschmirpullovers verw\u00f6hnen. Dieser dunkelblaue Pullover mit Rundhalsausschnitt wurde mit viel Liebe zum Detail gefertigt und ist ein zeitloses St\u00fcck f\u00fcr alle, die die sch\u00f6nen Dinge des Lebens zu sch\u00e4tzen wissen. Der Raglan-Sweatshirt-Schnitt bietet sowohl Komfort als auch Stil und macht ihn zu einer unverzichtbaren Erg\u00e4nzung [&hellip;]<\/p>","protected":false},"featured_media":263878,"template":"","meta":[],"product_brand":[2248],"product_cat":[1633,1623],"product_tag":[],"class_list":{"0":"post-263880","1":"product","2":"type-product","3":"status-publish","4":"has-post-thumbnail","6":"product_brand-emilio-romanelli","7":"product_cat-maenner-kleidung","8":"product_cat-kleidung","10":"first","11":"instock","12":"sale","13":"taxable","14":"shipping-taxable","15":"purchasable","16":"product-type-variable"},"_links":{"self":[{"href":"https:\/\/tpmadalina42.supserv.cozmoslabs.com\/fi\/wp-json\/wp\/v2\/product\/263880","targetHints":{"allow":["GET"]}}],"collection":[{"href":"https:\/\/tpmadalina42.supserv.cozmoslabs.com\/fi\/wp-json\/wp\/v2\/product"}],"about":[{"href":"https:\/\/tpmadalina42.supserv.cozmoslabs.com\/fi\/wp-json\/wp\/v2\/types\/product"}],"wp:featuredmedia":[{"embeddable":true,"href":"https:\/\/tpmadalina42.supserv.cozmoslabs.com\/fi\/wp-json\/wp\/v2\/media\/263878"}],"wp:attachment":[{"href":"https:\/\/tpmadalina42.supserv.cozmoslabs.com\/fi\/wp-json\/wp\/v2\/media?parent=263880"}],"wp:term":[{"taxonomy":"product_brand","embeddable":true,"href":"https:\/\/tpmadalina42.supserv.cozmoslabs.com\/fi\/wp-json\/wp\/v2\/product_brand?post=263880"},{"taxonomy":"product_cat","embeddable":true,"href":"https:\/\/tpmadalina42.supserv.cozmoslabs.com\/fi\/wp-json\/wp\/v2\/product_cat?post=263880"},{"taxonomy":"product_tag","embeddable":true,"href":"https:\/\/tpmadalina42.supserv.cozmoslabs.com\/fi\/wp-json\/wp\/v2\/product_tag?post=263880"}],"curies":[{"name":"wp","href":"https:\/\/api.w.org\/{rel}","templated":true}]}}