{"id":263897,"date":"2024-09-08T10:54:07","date_gmt":"2024-09-08T17:54:07","guid":{"rendered":"https:\/\/glandine.com\/product\/made-in-italy-eleganter-schwarzer-vergine-mantel-aus-wolle-fuer-maenner\/"},"modified":"2024-12-10T10:29:34","modified_gmt":"2024-12-10T09:29:34","slug":"made-in-italy-eleganter-schwarzer-vergine-mantel-aus-wolle-fuer-maenner","status":"publish","type":"product","link":"https:\/\/tpmadalina42.supserv.cozmoslabs.com\/fi\/tuote-2\/made-in-italy-eleganter-schwarzer-vergine-mantel-aus-wolle-fuer-maenner\/","title":{"rendered":"Made in Italy Eleganter schwarzer Vergine-Mantel aus Wolle f\u00fcr M\u00e4nner"},"content":{"rendered":"<p>Mit diesem luxuri\u00f6sen schwarzen Mantel aus 100 % Schurwolle, der f\u00fcr unvergleichliche W\u00e4rme und Komfort sorgt, sind Sie zeitlos gestylt. Der Mantel verf\u00fcgt \u00fcber einen klassischen Knopfverschluss vorne und zwei schr\u00e4ge Seitentaschen, die sowohl Funktionalit\u00e4t als auch Eleganz gew\u00e4hrleisten. Der Mantel ist aus feinstem Loro Piana-Stoff gefertigt und ist der Inbegriff italienischer Handwerkskunst, der die Garderobe eines jeden Gentleman mit Raffinesse bereichert.<\/p>\n<ul>\n<li>Material: 100% Wolle vergine<\/li>\n<li>Alkuper\u00e4maa: Italia<\/li>\n<li>V\u00e4ri: Musta<\/li>\n<\/ul>","protected":false},"excerpt":{"rendered":"<p>Mit diesem luxuri\u00f6sen schwarzen Mantel aus 100 % Schurwolle, der f\u00fcr unvergleichliche W\u00e4rme und Komfort sorgt, sind Sie zeitlos gestylt. Der Mantel verf\u00fcgt \u00fcber einen klassischen Knopfverschluss vorne und zwei schr\u00e4ge Seitentaschen, die sowohl Funktionalit\u00e4t als auch Eleganz gew\u00e4hrleisten. Der Mantel ist aus feinstem Loro Piana-Stoff gefertigt und ist der Inbegriff italienischer Handwerkskunst, der die [&hellip;]<\/p>","protected":false},"featured_media":263894,"template":"","meta":[],"product_brand":[2245],"product_cat":[1633,1669,1623],"product_tag":[],"class_list":{"0":"post-263897","1":"product","2":"type-product","3":"status-publish","4":"has-post-thumbnail","6":"product_brand-made-in-italy","7":"product_cat-maenner-kleidung","8":"product_cat-jacken","9":"product_cat-kleidung","11":"first","12":"instock","13":"sale","14":"taxable","15":"shipping-taxable","16":"purchasable","17":"product-type-variable"},"_links":{"self":[{"href":"https:\/\/tpmadalina42.supserv.cozmoslabs.com\/fi\/wp-json\/wp\/v2\/product\/263897","targetHints":{"allow":["GET"]}}],"collection":[{"href":"https:\/\/tpmadalina42.supserv.cozmoslabs.com\/fi\/wp-json\/wp\/v2\/product"}],"about":[{"href":"https:\/\/tpmadalina42.supserv.cozmoslabs.com\/fi\/wp-json\/wp\/v2\/types\/product"}],"wp:featuredmedia":[{"embeddable":true,"href":"https:\/\/tpmadalina42.supserv.cozmoslabs.com\/fi\/wp-json\/wp\/v2\/media\/263894"}],"wp:attachment":[{"href":"https:\/\/tpmadalina42.supserv.cozmoslabs.com\/fi\/wp-json\/wp\/v2\/media?parent=263897"}],"wp:term":[{"taxonomy":"product_brand","embeddable":true,"href":"https:\/\/tpmadalina42.supserv.cozmoslabs.com\/fi\/wp-json\/wp\/v2\/product_brand?post=263897"},{"taxonomy":"product_cat","embeddable":true,"href":"https:\/\/tpmadalina42.supserv.cozmoslabs.com\/fi\/wp-json\/wp\/v2\/product_cat?post=263897"},{"taxonomy":"product_tag","embeddable":true,"href":"https:\/\/tpmadalina42.supserv.cozmoslabs.com\/fi\/wp-json\/wp\/v2\/product_tag?post=263897"}],"curies":[{"name":"wp","href":"https:\/\/api.w.org\/{rel}","templated":true}]}}