{"id":263909,"date":"2024-09-08T10:54:35","date_gmt":"2024-09-08T17:54:35","guid":{"rendered":"https:\/\/glandine.com\/product\/made-in-italy-eleganter-marineblauer-herrenmantel-aus-italienischer-wolle\/"},"modified":"2024-12-05T20:57:10","modified_gmt":"2024-12-05T19:57:10","slug":"made-in-italy-eleganter-marineblauer-herrenmantel-aus-italienischer-wolle","status":"publish","type":"product","link":"https:\/\/tpmadalina42.supserv.cozmoslabs.com\/fi\/tuote-2\/made-in-italy-eleganter-marineblauer-herrenmantel-aus-italienischer-wolle\/","title":{"rendered":"Made in Italy Tyylik\u00e4s tummansininen miesten takki italialaisesta villasta."},"content":{"rendered":"<p>Entdecken Sie den Inbegriff italienischer Handwerkskunst mit diesem luxuri\u00f6sen Mantel f\u00fcr Herren in Marineblau. Der aus 100 % Schurwolle gefertigte Mantel strahlt mit seinem vorderen Knopfverschluss, den eleganten schr\u00e4gen Seitentaschen und dem exquisiten gepolsterten Futter Raffinesse aus. Er ist ein Beweis f\u00fcr au\u00dfergew\u00f6hnliche Schneiderkunst und bietet dem anspruchsvollen Gentleman sowohl W\u00e4rme als auch zeitlosen Stil.<\/p>\n<ul>\n<li>Material: 100% Wolle vergine<\/li>\n<li>Alkuper\u00e4maa: IT<\/li>\n<li>V\u00e4ri: Sininen<\/li>\n<\/ul>","protected":false},"excerpt":{"rendered":"<p>Entdecken Sie den Inbegriff italienischer Handwerkskunst mit diesem luxuri\u00f6sen Mantel f\u00fcr Herren in Marineblau. Der aus 100 % Schurwolle gefertigte Mantel strahlt mit seinem vorderen Knopfverschluss, den eleganten schr\u00e4gen Seitentaschen und dem exquisiten gepolsterten Futter Raffinesse aus. Er ist ein Beweis f\u00fcr au\u00dfergew\u00f6hnliche Schneiderkunst und bietet dem anspruchsvollen Gentleman sowohl W\u00e4rme als auch zeitlosen Stil. [&hellip;]<\/p>","protected":false},"featured_media":263906,"template":"","meta":[],"product_brand":[2245],"product_cat":[1633,1669,1623],"product_tag":[],"class_list":{"0":"post-263909","1":"product","2":"type-product","3":"status-publish","4":"has-post-thumbnail","6":"product_brand-made-in-italy","7":"product_cat-maenner-kleidung","8":"product_cat-jacken","9":"product_cat-kleidung","11":"first","12":"instock","13":"sale","14":"taxable","15":"shipping-taxable","16":"purchasable","17":"product-type-variable"},"_links":{"self":[{"href":"https:\/\/tpmadalina42.supserv.cozmoslabs.com\/fi\/wp-json\/wp\/v2\/product\/263909","targetHints":{"allow":["GET"]}}],"collection":[{"href":"https:\/\/tpmadalina42.supserv.cozmoslabs.com\/fi\/wp-json\/wp\/v2\/product"}],"about":[{"href":"https:\/\/tpmadalina42.supserv.cozmoslabs.com\/fi\/wp-json\/wp\/v2\/types\/product"}],"wp:featuredmedia":[{"embeddable":true,"href":"https:\/\/tpmadalina42.supserv.cozmoslabs.com\/fi\/wp-json\/wp\/v2\/media\/263906"}],"wp:attachment":[{"href":"https:\/\/tpmadalina42.supserv.cozmoslabs.com\/fi\/wp-json\/wp\/v2\/media?parent=263909"}],"wp:term":[{"taxonomy":"product_brand","embeddable":true,"href":"https:\/\/tpmadalina42.supserv.cozmoslabs.com\/fi\/wp-json\/wp\/v2\/product_brand?post=263909"},{"taxonomy":"product_cat","embeddable":true,"href":"https:\/\/tpmadalina42.supserv.cozmoslabs.com\/fi\/wp-json\/wp\/v2\/product_cat?post=263909"},{"taxonomy":"product_tag","embeddable":true,"href":"https:\/\/tpmadalina42.supserv.cozmoslabs.com\/fi\/wp-json\/wp\/v2\/product_tag?post=263909"}],"curies":[{"name":"wp","href":"https:\/\/api.w.org\/{rel}","templated":true}]}}