{"id":263998,"date":"2024-09-08T10:58:42","date_gmt":"2024-09-08T17:58:42","guid":{"rendered":"https:\/\/glandine.com\/product\/borgia-raffinierter-dunkelblauer-two-pocket-mantel\/"},"modified":"2024-11-30T07:14:10","modified_gmt":"2024-11-30T06:14:10","slug":"borgia-raffinierter-dunkelblauer-two-pocket-mantel","status":"publish","type":"product","link":"https:\/\/tpmadalina42.supserv.cozmoslabs.com\/fi\/tuote-2\/borgia-raffinierter-dunkelblauer-two-pocket-mantel\/","title":{"rendered":"Borgia Raffinierter dunkelblauer Two-Pocket-Mantel"},"content":{"rendered":"<p>Mit diesem raffinierten Mantel in Dunkelblau ist Eleganz angesagt. Perfekt, um jedem Outfit einen Hauch von Klasse zu verleihen. Dieser Mantel verf\u00fcgt \u00fcber ein praktisches 2-Taschen-Design und einen sicheren Knopfverschluss auf der Vorderseite, der Stil und Funktionalit\u00e4t miteinander verbindet.<\/p>\n<ul>\n<li>Material: 90% Polyester, 10% Wolle<\/li>\n<li>Alkuper\u00e4maa: CN<\/li>\n<li>V\u00e4ri: Sininen<\/li>\n<\/ul>","protected":false},"excerpt":{"rendered":"<p>Mit diesem raffinierten Mantel in Dunkelblau ist Eleganz angesagt. Perfekt, um jedem Outfit einen Hauch von Klasse zu verleihen. Dieser Mantel verf\u00fcgt \u00fcber ein praktisches 2-Taschen-Design und einen sicheren Knopfverschluss auf der Vorderseite, der Stil und Funktionalit\u00e4t miteinander verbindet. Material: 90% Polyester, 10% Wolle Herkunftsland: CN Farbe: Blau<\/p>","protected":false},"featured_media":263997,"template":"","meta":[],"product_brand":[2509],"product_cat":[1633,1669,1623],"product_tag":[],"class_list":{"0":"post-263998","1":"product","2":"type-product","3":"status-publish","4":"has-post-thumbnail","6":"product_brand-borgia","7":"product_cat-maenner-kleidung","8":"product_cat-jacken","9":"product_cat-kleidung","11":"first","12":"instock","13":"sale","14":"taxable","15":"shipping-taxable","16":"purchasable","17":"product-type-variable"},"_links":{"self":[{"href":"https:\/\/tpmadalina42.supserv.cozmoslabs.com\/fi\/wp-json\/wp\/v2\/product\/263998","targetHints":{"allow":["GET"]}}],"collection":[{"href":"https:\/\/tpmadalina42.supserv.cozmoslabs.com\/fi\/wp-json\/wp\/v2\/product"}],"about":[{"href":"https:\/\/tpmadalina42.supserv.cozmoslabs.com\/fi\/wp-json\/wp\/v2\/types\/product"}],"wp:featuredmedia":[{"embeddable":true,"href":"https:\/\/tpmadalina42.supserv.cozmoslabs.com\/fi\/wp-json\/wp\/v2\/media\/263997"}],"wp:attachment":[{"href":"https:\/\/tpmadalina42.supserv.cozmoslabs.com\/fi\/wp-json\/wp\/v2\/media?parent=263998"}],"wp:term":[{"taxonomy":"product_brand","embeddable":true,"href":"https:\/\/tpmadalina42.supserv.cozmoslabs.com\/fi\/wp-json\/wp\/v2\/product_brand?post=263998"},{"taxonomy":"product_cat","embeddable":true,"href":"https:\/\/tpmadalina42.supserv.cozmoslabs.com\/fi\/wp-json\/wp\/v2\/product_cat?post=263998"},{"taxonomy":"product_tag","embeddable":true,"href":"https:\/\/tpmadalina42.supserv.cozmoslabs.com\/fi\/wp-json\/wp\/v2\/product_tag?post=263998"}],"curies":[{"name":"wp","href":"https:\/\/api.w.org\/{rel}","templated":true}]}}