{"id":264099,"date":"2024-09-08T11:04:16","date_gmt":"2024-09-08T18:04:16","guid":{"rendered":"https:\/\/glandine.com\/product\/made-in-italy-eleganter-brauner-guertel-aus-kalbsleder\/"},"modified":"2024-11-30T07:17:15","modified_gmt":"2024-11-30T06:17:15","slug":"made-in-italy-eleganter-brauner-guertel-aus-kalbsleder","status":"publish","type":"product","link":"https:\/\/tpmadalina42.supserv.cozmoslabs.com\/fi\/tuote-2\/made-in-italy-eleganter-brauner-guertel-aus-kalbsleder\/","title":{"rendered":"Made in Italy Eleganter brauner G\u00fcrtel aus Kalbsleder"},"content":{"rendered":"<p>Entdecken Sie den Inbegriff italienischer Handwerkskunst mit diesem exquisiten, glatten braunen G\u00fcrtel. Gefertigt aus 100% echtem Kalbsleder und mit einer weichen Nubuk-Innenseite ist dieser G\u00fcrtel der Inbegriff von Luxus und Haltbarkeit. Die Messingschnalle verleiht ihm einen Hauch von zeitloser Eleganz und macht ihn zum perfekten Accessoire, das jedes Outfit aufwertet. Dieser G\u00fcrtel ist ein unverzichtbares Accessoire f\u00fcr alle, die einen anspruchsvollen Geschmack f\u00fcr Qualit\u00e4t und Stil haben.<\/p>\n<p>Marke: Hergestellt in Italien<br \/>\nMateriaali: 100% vasikan nahka<br \/>\nV\u00e4ri: Ruskea<br \/>\nAlkuper\u00e4maa: IT<br \/>\nDicke: 40 mm<\/p>","protected":false},"excerpt":{"rendered":"<p>Entdecken Sie den Inbegriff italienischer Handwerkskunst mit diesem exquisiten, glatten braunen G\u00fcrtel. Gefertigt aus 100% echtem Kalbsleder und mit einer weichen Nubuk-Innenseite ist dieser G\u00fcrtel der Inbegriff von Luxus und Haltbarkeit. Die Messingschnalle verleiht ihm einen Hauch von zeitloser Eleganz und macht ihn zum perfekten Accessoire, das jedes Outfit aufwertet. Dieser G\u00fcrtel ist ein unverzichtbares [&hellip;]<\/p>","protected":false},"featured_media":264098,"template":"","meta":[],"product_brand":[2245],"product_cat":[1621,1631,1651],"product_tag":[],"class_list":{"0":"post-264099","1":"product","2":"type-product","3":"status-publish","4":"has-post-thumbnail","6":"product_brand-made-in-italy","7":"product_cat-accessoire","8":"product_cat-maenner-zubehoer","9":"product_cat-guertel","11":"first","12":"instock","13":"sale","14":"taxable","15":"shipping-taxable","16":"purchasable","17":"product-type-variable"},"_links":{"self":[{"href":"https:\/\/tpmadalina42.supserv.cozmoslabs.com\/fi\/wp-json\/wp\/v2\/product\/264099","targetHints":{"allow":["GET"]}}],"collection":[{"href":"https:\/\/tpmadalina42.supserv.cozmoslabs.com\/fi\/wp-json\/wp\/v2\/product"}],"about":[{"href":"https:\/\/tpmadalina42.supserv.cozmoslabs.com\/fi\/wp-json\/wp\/v2\/types\/product"}],"wp:featuredmedia":[{"embeddable":true,"href":"https:\/\/tpmadalina42.supserv.cozmoslabs.com\/fi\/wp-json\/wp\/v2\/media\/264098"}],"wp:attachment":[{"href":"https:\/\/tpmadalina42.supserv.cozmoslabs.com\/fi\/wp-json\/wp\/v2\/media?parent=264099"}],"wp:term":[{"taxonomy":"product_brand","embeddable":true,"href":"https:\/\/tpmadalina42.supserv.cozmoslabs.com\/fi\/wp-json\/wp\/v2\/product_brand?post=264099"},{"taxonomy":"product_cat","embeddable":true,"href":"https:\/\/tpmadalina42.supserv.cozmoslabs.com\/fi\/wp-json\/wp\/v2\/product_cat?post=264099"},{"taxonomy":"product_tag","embeddable":true,"href":"https:\/\/tpmadalina42.supserv.cozmoslabs.com\/fi\/wp-json\/wp\/v2\/product_tag?post=264099"}],"curies":[{"name":"wp","href":"https:\/\/api.w.org\/{rel}","templated":true}]}}