{"id":264138,"date":"2024-09-08T11:06:06","date_gmt":"2024-09-08T18:06:06","guid":{"rendered":"https:\/\/glandine.com\/product\/made-in-italy-guertel-aus-echtem-braunen-kalbsveloursleder\/"},"modified":"2024-11-30T07:18:16","modified_gmt":"2024-11-30T06:18:16","slug":"made-in-italy-guertel-aus-echtem-braunen-kalbsveloursleder","status":"publish","type":"product","link":"https:\/\/tpmadalina42.supserv.cozmoslabs.com\/fi\/tuote-2\/made-in-italy-guertel-aus-echtem-braunen-kalbsveloursleder\/","title":{"rendered":"Made in Italy G\u00fcrtel aus echtem braunen Kalbsveloursleder"},"content":{"rendered":"<p>Verleihen Sie Ihrem Ensemble Eleganz und einen Hauch von Luxus mit diesem h\u00fcbschen G\u00fcrtel aus hochwertigem braunem Kalbsveloursleder. Die Innenseite aus weichem Nubukleder sorgt f\u00fcr Komfort und Langlebigkeit, w\u00e4hrend die Messingschnalle diesem zeitlosen Accessoire einen klassischen Touch verleiht. Mit einer Dicke von 35 mm ist dieser G\u00fcrtel sowohl funktionell als auch stilvoll.<\/p>\n<ul>\n<li>Materiaali: 100% vasikan nahka<\/li>\n<li>Alkuper\u00e4maa: IT<\/li>\n<li>V\u00e4ri: Ruskea<\/li>\n<\/ul>","protected":false},"excerpt":{"rendered":"<p>Verleihen Sie Ihrem Ensemble Eleganz und einen Hauch von Luxus mit diesem h\u00fcbschen G\u00fcrtel aus hochwertigem braunem Kalbsveloursleder. Die Innenseite aus weichem Nubukleder sorgt f\u00fcr Komfort und Langlebigkeit, w\u00e4hrend die Messingschnalle diesem zeitlosen Accessoire einen klassischen Touch verleiht. Mit einer Dicke von 35 mm ist dieser G\u00fcrtel sowohl funktionell als auch stilvoll. Material: 100% Kalbsleder [&hellip;]<\/p>","protected":false},"featured_media":264137,"template":"","meta":[],"product_brand":[2245],"product_cat":[1621,1631,1651],"product_tag":[],"class_list":{"0":"post-264138","1":"product","2":"type-product","3":"status-publish","4":"has-post-thumbnail","6":"product_brand-made-in-italy","7":"product_cat-accessoire","8":"product_cat-maenner-zubehoer","9":"product_cat-guertel","11":"first","12":"instock","13":"sale","14":"taxable","15":"shipping-taxable","16":"purchasable","17":"product-type-variable"},"_links":{"self":[{"href":"https:\/\/tpmadalina42.supserv.cozmoslabs.com\/fi\/wp-json\/wp\/v2\/product\/264138","targetHints":{"allow":["GET"]}}],"collection":[{"href":"https:\/\/tpmadalina42.supserv.cozmoslabs.com\/fi\/wp-json\/wp\/v2\/product"}],"about":[{"href":"https:\/\/tpmadalina42.supserv.cozmoslabs.com\/fi\/wp-json\/wp\/v2\/types\/product"}],"wp:featuredmedia":[{"embeddable":true,"href":"https:\/\/tpmadalina42.supserv.cozmoslabs.com\/fi\/wp-json\/wp\/v2\/media\/264137"}],"wp:attachment":[{"href":"https:\/\/tpmadalina42.supserv.cozmoslabs.com\/fi\/wp-json\/wp\/v2\/media?parent=264138"}],"wp:term":[{"taxonomy":"product_brand","embeddable":true,"href":"https:\/\/tpmadalina42.supserv.cozmoslabs.com\/fi\/wp-json\/wp\/v2\/product_brand?post=264138"},{"taxonomy":"product_cat","embeddable":true,"href":"https:\/\/tpmadalina42.supserv.cozmoslabs.com\/fi\/wp-json\/wp\/v2\/product_cat?post=264138"},{"taxonomy":"product_tag","embeddable":true,"href":"https:\/\/tpmadalina42.supserv.cozmoslabs.com\/fi\/wp-json\/wp\/v2\/product_tag?post=264138"}],"curies":[{"name":"wp","href":"https:\/\/api.w.org\/{rel}","templated":true}]}}