{"id":264815,"date":"2024-09-08T11:30:19","date_gmt":"2024-09-08T18:30:19","guid":{"rendered":"https:\/\/glandine.com\/product\/made-in-italy-elegante-lederguertel-kombination-in-braun-schwarz\/"},"modified":"2024-10-18T00:51:42","modified_gmt":"2024-10-17T22:51:42","slug":"made-in-italy-elegante-lederguertel-kombination-in-braun-schwarz","status":"publish","type":"product","link":"https:\/\/tpmadalina42.supserv.cozmoslabs.com\/fi\/tuote-2\/made-in-italy-elegante-lederguertel-kombination-in-braun-schwarz\/","title":{"rendered":"Made in Italy Elegante Lederg\u00fcrtel-Kombination in Braun &amp; Schwarz"},"content":{"rendered":"<p>Verbessern Sie Ihren Stil mit unserem schicken Set aus vier G\u00fcrteln, die in Mailand fachm\u00e4nnisch aus 100 % glattem Kalbsleder hergestellt werden. Dieses luxuri\u00f6se Kombi-Paket bietet zwei klassische Farben, die jedes Outfit erg\u00e4nzen. Vielseitigkeit und Eleganz vereinen sich in diesen unverzichtbaren Accessoires, die mit italienischer Raffinesse hergestellt werden.<\/p>\n<ul>\n<li>Materiaali: 100% vasikan nahka<\/li>\n<li>Alkuper\u00e4maa: IT<\/li>\n<li>V\u00e4ri: Moniv\u00e4rinen<\/li>\n<\/ul>","protected":false},"excerpt":{"rendered":"<p>Verbessern Sie Ihren Stil mit unserem schicken Set aus vier G\u00fcrteln, die in Mailand fachm\u00e4nnisch aus 100 % glattem Kalbsleder hergestellt werden. Dieses luxuri\u00f6se Kombi-Paket bietet zwei klassische Farben, die jedes Outfit erg\u00e4nzen. Vielseitigkeit und Eleganz vereinen sich in diesen unverzichtbaren Accessoires, die mit italienischer Raffinesse hergestellt werden. Material: 100% Kalbsleder Herkunftsland: IT Farbe: Multicolor<\/p>","protected":false},"featured_media":264810,"template":"","meta":[],"product_brand":[2245],"product_cat":[1621,1631,1651],"product_tag":[],"class_list":{"0":"post-264815","1":"product","2":"type-product","3":"status-publish","4":"has-post-thumbnail","6":"product_brand-made-in-italy","7":"product_cat-accessoire","8":"product_cat-maenner-zubehoer","9":"product_cat-guertel","11":"first","12":"instock","13":"sale","14":"taxable","15":"shipping-taxable","16":"purchasable","17":"product-type-variable"},"_links":{"self":[{"href":"https:\/\/tpmadalina42.supserv.cozmoslabs.com\/fi\/wp-json\/wp\/v2\/product\/264815","targetHints":{"allow":["GET"]}}],"collection":[{"href":"https:\/\/tpmadalina42.supserv.cozmoslabs.com\/fi\/wp-json\/wp\/v2\/product"}],"about":[{"href":"https:\/\/tpmadalina42.supserv.cozmoslabs.com\/fi\/wp-json\/wp\/v2\/types\/product"}],"wp:featuredmedia":[{"embeddable":true,"href":"https:\/\/tpmadalina42.supserv.cozmoslabs.com\/fi\/wp-json\/wp\/v2\/media\/264810"}],"wp:attachment":[{"href":"https:\/\/tpmadalina42.supserv.cozmoslabs.com\/fi\/wp-json\/wp\/v2\/media?parent=264815"}],"wp:term":[{"taxonomy":"product_brand","embeddable":true,"href":"https:\/\/tpmadalina42.supserv.cozmoslabs.com\/fi\/wp-json\/wp\/v2\/product_brand?post=264815"},{"taxonomy":"product_cat","embeddable":true,"href":"https:\/\/tpmadalina42.supserv.cozmoslabs.com\/fi\/wp-json\/wp\/v2\/product_cat?post=264815"},{"taxonomy":"product_tag","embeddable":true,"href":"https:\/\/tpmadalina42.supserv.cozmoslabs.com\/fi\/wp-json\/wp\/v2\/product_tag?post=264815"}],"curies":[{"name":"wp","href":"https:\/\/api.w.org\/{rel}","templated":true}]}}