{"id":264986,"date":"2024-09-08T11:38:02","date_gmt":"2024-09-08T18:38:02","guid":{"rendered":"https:\/\/glandine.com\/product\/marcelo-burlon-elegantes-kartenetui-aus-schwarzem-leder-mit-blauen-akzenten\/"},"modified":"2024-11-30T07:29:13","modified_gmt":"2024-11-30T06:29:13","slug":"marcelo-burlon-elegantes-kartenetui-aus-schwarzem-leder-mit-blauen-akzenten","status":"publish","type":"product","link":"https:\/\/tpmadalina42.supserv.cozmoslabs.com\/fi\/tuote-2\/marcelo-burlon-elegantes-kartenetui-aus-schwarzem-leder-mit-blauen-akzenten\/","title":{"rendered":"Marcelo Burlon Tyylik\u00e4s mustasta nahasta valmistettu korttikotelo sinisill\u00e4 yksityiskohdilla"},"content":{"rendered":"<p>Mit diesem raffinierten Kartenetui aus schwarzem Leder, das mit blauen Details und einem auff\u00e4lligen Metalllogo auf der Vorderseite stilvoll akzentuiert ist, werten Sie Ihre Essentials auf. Dieses in Italien mit Raffinesse gefertigte Accessoire verbindet Eleganz mit Funktionalit\u00e4t und sorgt daf\u00fcr, dass Ihre Karten ordentlich organisiert und leicht zug\u00e4nglich sind.<\/p>\n<ul>\n<li>Materiaali: 100% nahka<\/li>\n<li>Alkuper\u00e4maa: IT<\/li>\n<li>V\u00e4ri: Musta<\/li>\n<\/ul>","protected":false},"excerpt":{"rendered":"<p>Mit diesem raffinierten Kartenetui aus schwarzem Leder, das mit blauen Details und einem auff\u00e4lligen Metalllogo auf der Vorderseite stilvoll akzentuiert ist, werten Sie Ihre Essentials auf. Dieses in Italien mit Raffinesse gefertigte Accessoire verbindet Eleganz mit Funktionalit\u00e4t und sorgt daf\u00fcr, dass Ihre Karten ordentlich organisiert und leicht zug\u00e4nglich sind. Material: 100% Leder Herkunftsland: IT Farbe: [&hellip;]<\/p>","protected":false},"featured_media":264983,"template":"","meta":[],"product_brand":[2360],"product_cat":[1721,1629],"product_tag":[],"class_list":{"0":"post-264986","1":"product","2":"type-product","3":"status-publish","4":"has-post-thumbnail","6":"product_brand-marcelo-burlon","7":"product_cat-geldboersen","8":"product_cat-maenner","10":"first","11":"instock","12":"sale","13":"taxable","14":"shipping-taxable","15":"purchasable","16":"product-type-simple"},"_links":{"self":[{"href":"https:\/\/tpmadalina42.supserv.cozmoslabs.com\/fi\/wp-json\/wp\/v2\/product\/264986","targetHints":{"allow":["GET"]}}],"collection":[{"href":"https:\/\/tpmadalina42.supserv.cozmoslabs.com\/fi\/wp-json\/wp\/v2\/product"}],"about":[{"href":"https:\/\/tpmadalina42.supserv.cozmoslabs.com\/fi\/wp-json\/wp\/v2\/types\/product"}],"wp:featuredmedia":[{"embeddable":true,"href":"https:\/\/tpmadalina42.supserv.cozmoslabs.com\/fi\/wp-json\/wp\/v2\/media\/264983"}],"wp:attachment":[{"href":"https:\/\/tpmadalina42.supserv.cozmoslabs.com\/fi\/wp-json\/wp\/v2\/media?parent=264986"}],"wp:term":[{"taxonomy":"product_brand","embeddable":true,"href":"https:\/\/tpmadalina42.supserv.cozmoslabs.com\/fi\/wp-json\/wp\/v2\/product_brand?post=264986"},{"taxonomy":"product_cat","embeddable":true,"href":"https:\/\/tpmadalina42.supserv.cozmoslabs.com\/fi\/wp-json\/wp\/v2\/product_cat?post=264986"},{"taxonomy":"product_tag","embeddable":true,"href":"https:\/\/tpmadalina42.supserv.cozmoslabs.com\/fi\/wp-json\/wp\/v2\/product_tag?post=264986"}],"curies":[{"name":"wp","href":"https:\/\/api.w.org\/{rel}","templated":true}]}}