{"id":265111,"date":"2024-09-08T11:43:25","date_gmt":"2024-09-08T18:43:25","guid":{"rendered":"https:\/\/glandine.com\/product\/plein-sport-iconic-gold-detail-schwarz-einkaufstasche\/"},"modified":"2024-11-30T10:56:24","modified_gmt":"2024-11-30T09:56:24","slug":"plein-sport-iconic-gold-detail-schwarz-einkaufstasche","status":"publish","type":"product","link":"https:\/\/tpmadalina42.supserv.cozmoslabs.com\/fi\/tuote-2\/plein-sport-iconic-gold-detail-schwarz-einkaufstasche\/","title":{"rendered":"Plein Sport Iconic Gold Detail musta kantolaukku"},"content":{"rendered":"<p>Peppen Sie Ihr Accessoire auf mit dieser schicken schwarzen Einkaufstasche, mit der Sie \u00fcberall ein Statement setzen k\u00f6nnen. Das kultige Design wird durch luxuri\u00f6se Golddetails und das erkennbare Markenlogo auf der Vorderseite akzentuiert. Sicherheit und Stil werden durch die praktische Rei\u00dfverschluss\u00f6ffnung vereint. Der abnehmbare Schulterriemen macht die Tasche noch vielseitiger, so dass sie sich f\u00fcr jeden Anlass eignet, von l\u00e4ssigen Ausfl\u00fcgen bis hin zu anspruchsvollen Veranstaltungen.<\/p>\n<ul>\n<li>Materiaali: 100% polyeteeni<\/li>\n<li>V\u00e4ri: Musta<\/li>\n<li>Alkuper\u00e4maa: CN<\/li>\n<\/ul>","protected":false},"excerpt":{"rendered":"<p>Peppen Sie Ihr Accessoire auf mit dieser schicken schwarzen Einkaufstasche, mit der Sie \u00fcberall ein Statement setzen k\u00f6nnen. Das kultige Design wird durch luxuri\u00f6se Golddetails und das erkennbare Markenlogo auf der Vorderseite akzentuiert. Sicherheit und Stil werden durch die praktische Rei\u00dfverschluss\u00f6ffnung vereint. Der abnehmbare Schulterriemen macht die Tasche noch vielseitiger, so dass sie sich f\u00fcr [&hellip;]<\/p>","protected":false},"featured_media":265109,"template":"","meta":[],"product_brand":[2108],"product_cat":[1630,1745],"product_tag":[],"class_list":{"0":"post-265111","1":"product","2":"type-product","3":"status-publish","4":"has-post-thumbnail","6":"product_brand-plein-sport","7":"product_cat-frauen","8":"product_cat-umhaengetaschen-frauen","10":"first","11":"instock","12":"sale","13":"taxable","14":"shipping-taxable","15":"purchasable","16":"product-type-simple"},"_links":{"self":[{"href":"https:\/\/tpmadalina42.supserv.cozmoslabs.com\/fi\/wp-json\/wp\/v2\/product\/265111","targetHints":{"allow":["GET"]}}],"collection":[{"href":"https:\/\/tpmadalina42.supserv.cozmoslabs.com\/fi\/wp-json\/wp\/v2\/product"}],"about":[{"href":"https:\/\/tpmadalina42.supserv.cozmoslabs.com\/fi\/wp-json\/wp\/v2\/types\/product"}],"wp:featuredmedia":[{"embeddable":true,"href":"https:\/\/tpmadalina42.supserv.cozmoslabs.com\/fi\/wp-json\/wp\/v2\/media\/265109"}],"wp:attachment":[{"href":"https:\/\/tpmadalina42.supserv.cozmoslabs.com\/fi\/wp-json\/wp\/v2\/media?parent=265111"}],"wp:term":[{"taxonomy":"product_brand","embeddable":true,"href":"https:\/\/tpmadalina42.supserv.cozmoslabs.com\/fi\/wp-json\/wp\/v2\/product_brand?post=265111"},{"taxonomy":"product_cat","embeddable":true,"href":"https:\/\/tpmadalina42.supserv.cozmoslabs.com\/fi\/wp-json\/wp\/v2\/product_cat?post=265111"},{"taxonomy":"product_tag","embeddable":true,"href":"https:\/\/tpmadalina42.supserv.cozmoslabs.com\/fi\/wp-json\/wp\/v2\/product_tag?post=265111"}],"curies":[{"name":"wp","href":"https:\/\/api.w.org\/{rel}","templated":true}]}}