{"id":265127,"date":"2024-09-08T11:44:15","date_gmt":"2024-09-08T18:44:15","guid":{"rendered":"https:\/\/glandine.com\/product\/plein-sport-schicke-umhaengetasche-mit-kettenriemen-und-lackeffekt\/"},"modified":"2024-11-30T10:57:16","modified_gmt":"2024-11-30T09:57:16","slug":"plein-sport-schicke-umhaengetasche-mit-kettenriemen-und-lackeffekt","status":"publish","type":"product","link":"https:\/\/tpmadalina42.supserv.cozmoslabs.com\/fi\/tuote-2\/plein-sport-schicke-umhaengetasche-mit-kettenriemen-und-lackeffekt\/","title":{"rendered":"Plein Sport Chic olkalaukku ketjuhihnalla ja patenttiefektill\u00e4"},"content":{"rendered":"<p>Verleihen Sie Ihrem Ensemble einen Hauch von Eleganz mit dieser eleganten Umh\u00e4ngetasche aus gl\u00e4nzendem Lackleder und einem stilvollen Kettenschulterriemen. Das Accessoire ist mit einem auff\u00e4lligen Markenlogo auf beiden Seiten verziert und verf\u00fcgt \u00fcber einen sicheren Magnetverschluss, der daf\u00fcr sorgt, dass Ihre wichtigsten Utensilien auch unterwegs sicher sind. Perfekt f\u00fcr alle modebewussten Menschen, die ihren Look mit einem praktischen und dennoch luxuri\u00f6sen Accessoire aufwerten m\u00f6chten.<\/p>\n<ul>\n<li>Materiaali: 100% polyeteeni<\/li>\n<li>Alkuper\u00e4maa: CN<\/li>\n<li>V\u00e4ri: Harmaa<\/li>\n<\/ul>","protected":false},"excerpt":{"rendered":"<p>Verleihen Sie Ihrem Ensemble einen Hauch von Eleganz mit dieser eleganten Umh\u00e4ngetasche aus gl\u00e4nzendem Lackleder und einem stilvollen Kettenschulterriemen. Das Accessoire ist mit einem auff\u00e4lligen Markenlogo auf beiden Seiten verziert und verf\u00fcgt \u00fcber einen sicheren Magnetverschluss, der daf\u00fcr sorgt, dass Ihre wichtigsten Utensilien auch unterwegs sicher sind. Perfekt f\u00fcr alle modebewussten Menschen, die ihren Look [&hellip;]<\/p>","protected":false},"featured_media":265126,"template":"","meta":[],"product_brand":[2108],"product_cat":[1731,1630],"product_tag":[],"class_list":{"0":"post-265127","1":"product","2":"type-product","3":"status-publish","4":"has-post-thumbnail","6":"product_brand-plein-sport","7":"product_cat-crossbody-taschen","8":"product_cat-frauen","10":"first","11":"instock","12":"sale","13":"taxable","14":"shipping-taxable","15":"purchasable","16":"product-type-simple"},"_links":{"self":[{"href":"https:\/\/tpmadalina42.supserv.cozmoslabs.com\/fi\/wp-json\/wp\/v2\/product\/265127","targetHints":{"allow":["GET"]}}],"collection":[{"href":"https:\/\/tpmadalina42.supserv.cozmoslabs.com\/fi\/wp-json\/wp\/v2\/product"}],"about":[{"href":"https:\/\/tpmadalina42.supserv.cozmoslabs.com\/fi\/wp-json\/wp\/v2\/types\/product"}],"wp:featuredmedia":[{"embeddable":true,"href":"https:\/\/tpmadalina42.supserv.cozmoslabs.com\/fi\/wp-json\/wp\/v2\/media\/265126"}],"wp:attachment":[{"href":"https:\/\/tpmadalina42.supserv.cozmoslabs.com\/fi\/wp-json\/wp\/v2\/media?parent=265127"}],"wp:term":[{"taxonomy":"product_brand","embeddable":true,"href":"https:\/\/tpmadalina42.supserv.cozmoslabs.com\/fi\/wp-json\/wp\/v2\/product_brand?post=265127"},{"taxonomy":"product_cat","embeddable":true,"href":"https:\/\/tpmadalina42.supserv.cozmoslabs.com\/fi\/wp-json\/wp\/v2\/product_cat?post=265127"},{"taxonomy":"product_tag","embeddable":true,"href":"https:\/\/tpmadalina42.supserv.cozmoslabs.com\/fi\/wp-json\/wp\/v2\/product_tag?post=265127"}],"curies":[{"name":"wp","href":"https:\/\/api.w.org\/{rel}","templated":true}]}}