{"id":265313,"date":"2024-09-08T20:52:36","date_gmt":"2024-09-08T18:52:36","guid":{"rendered":"https:\/\/glandine.com\/product\/ungaro-elegante-akkordeon-umhaengetasche-aus-leder-in-beige\/"},"modified":"2024-11-30T11:18:07","modified_gmt":"2024-11-30T10:18:07","slug":"ungaro-elegante-akkordeon-umhaengetasche-aus-leder-in-beige","status":"publish","type":"product","link":"https:\/\/tpmadalina42.supserv.cozmoslabs.com\/fi\/tuote-2\/ungaro-elegante-akkordeon-umhaengetasche-aus-leder-in-beige\/","title":{"rendered":"Ungaro Elegante Akkordeon-Umh\u00e4ngetasche aus Leder in Beige"},"content":{"rendered":"<p>Verstr\u00f6men Sie Raffinesse mit dieser ausladenden &#8222;Ungaro&#8220; Umh\u00e4ngetasche, die aus hochwertigem Kalbsleder gefertigt ist. Die schicke beige Farbe erg\u00e4nzt das raffinierte Akkordeon-Seitendesign und bietet einen ger\u00e4umigen und organisierten Innenraum. Ein geschmackvolles Metalllogo verleiht der Tasche einen Hauch von Luxus. Die Tasche wird mit einem abnehmbaren Riemen geliefert, der vielseitige Tragem\u00f6glichkeiten bietet, ganz nach Ihrem Stil und Ihren Bed\u00fcrfnissen.<\/p>\n<ul>\n<li>Material: 80% Kalbsleder, 20% PVC<\/li>\n<li>Alkuper\u00e4maa: CN<\/li>\n<li>V\u00e4ri: beige<\/li>\n<li>Abmessungen: 32\u00d725,5\u00d715,5 cm<\/li>\n<\/ul>","protected":false},"excerpt":{"rendered":"<p>Verstr\u00f6men Sie Raffinesse mit dieser ausladenden &#8222;Ungaro&#8220; Umh\u00e4ngetasche, die aus hochwertigem Kalbsleder gefertigt ist. Die schicke beige Farbe erg\u00e4nzt das raffinierte Akkordeon-Seitendesign und bietet einen ger\u00e4umigen und organisierten Innenraum. Ein geschmackvolles Metalllogo verleiht der Tasche einen Hauch von Luxus. Die Tasche wird mit einem abnehmbaren Riemen geliefert, der vielseitige Tragem\u00f6glichkeiten bietet, ganz nach Ihrem Stil [&hellip;]<\/p>","protected":false},"featured_media":265311,"template":"","meta":[],"product_brand":[2367],"product_cat":[1731,1630],"product_tag":[],"class_list":{"0":"post-265313","1":"product","2":"type-product","3":"status-publish","4":"has-post-thumbnail","6":"product_brand-ungaro","7":"product_cat-crossbody-taschen","8":"product_cat-frauen","10":"first","11":"outofstock","12":"sale","13":"taxable","14":"shipping-taxable","15":"purchasable","16":"product-type-simple"},"_links":{"self":[{"href":"https:\/\/tpmadalina42.supserv.cozmoslabs.com\/fi\/wp-json\/wp\/v2\/product\/265313","targetHints":{"allow":["GET"]}}],"collection":[{"href":"https:\/\/tpmadalina42.supserv.cozmoslabs.com\/fi\/wp-json\/wp\/v2\/product"}],"about":[{"href":"https:\/\/tpmadalina42.supserv.cozmoslabs.com\/fi\/wp-json\/wp\/v2\/types\/product"}],"wp:featuredmedia":[{"embeddable":true,"href":"https:\/\/tpmadalina42.supserv.cozmoslabs.com\/fi\/wp-json\/wp\/v2\/media\/265311"}],"wp:attachment":[{"href":"https:\/\/tpmadalina42.supserv.cozmoslabs.com\/fi\/wp-json\/wp\/v2\/media?parent=265313"}],"wp:term":[{"taxonomy":"product_brand","embeddable":true,"href":"https:\/\/tpmadalina42.supserv.cozmoslabs.com\/fi\/wp-json\/wp\/v2\/product_brand?post=265313"},{"taxonomy":"product_cat","embeddable":true,"href":"https:\/\/tpmadalina42.supserv.cozmoslabs.com\/fi\/wp-json\/wp\/v2\/product_cat?post=265313"},{"taxonomy":"product_tag","embeddable":true,"href":"https:\/\/tpmadalina42.supserv.cozmoslabs.com\/fi\/wp-json\/wp\/v2\/product_tag?post=265313"}],"curies":[{"name":"wp","href":"https:\/\/api.w.org\/{rel}","templated":true}]}}