{"id":265718,"date":"2024-09-08T12:12:20","date_gmt":"2024-09-08T19:12:20","guid":{"rendered":"https:\/\/glandine.com\/product\/diesel-schlanke-skinny-denim-fuer-maenner-mit-niedriger-taille\/"},"modified":"2024-11-30T19:04:46","modified_gmt":"2024-11-30T18:04:46","slug":"diesel-schlanke-skinny-denim-fuer-maenner-mit-niedriger-taille","status":"publish","type":"product","link":"https:\/\/tpmadalina42.supserv.cozmoslabs.com\/fi\/tuote-2\/diesel-schlanke-skinny-denim-fuer-maenner-mit-niedriger-taille\/","title":{"rendered":"Diesel Schlanke Skinny Denim f\u00fcr M\u00e4nner mit niedriger Taille"},"content":{"rendered":"<p>Entdecken Sie die ultimative Mischung aus Komfort und Stil mit der Skinny Herrenjeans von Diesel, die mit einem gewagten Low-Waist-Schnitt und einer schmalen Beinsilhouette aufwartet, die Sie mit Punkrock-Flair vom Oberschenkel bis zum Kn\u00f6chel tr\u00e4gt. Tauchen Sie ein in den mittelblauen Farbton, der mit auff\u00e4lligen Schattierungseffekten und absichtlichen Abnutzungen aufwartet, die allesamt in den flexiblen Stretch-Denim eingewebt sind und f\u00fcr eine unfehlbare Passform sorgen. Diese Jeans f\u00fcr Modemutige bietet Strapazierf\u00e4higkeit und eine kantige \u00c4sthetik, die ideal f\u00fcr jeden Freizeitausflug ist.<\/p>\n<ul>\n<li>Material: 96% Baumwolle, 4% Elasthan<\/li>\n<li>V\u00e4ri: Sininen<\/li>\n<li>Alkuper\u00e4maa: TN<\/li>\n<\/ul>","protected":false},"excerpt":{"rendered":"<p>Entdecken Sie die ultimative Mischung aus Komfort und Stil mit der Skinny Herrenjeans von Diesel, die mit einem gewagten Low-Waist-Schnitt und einer schmalen Beinsilhouette aufwartet, die Sie mit Punkrock-Flair vom Oberschenkel bis zum Kn\u00f6chel tr\u00e4gt. Tauchen Sie ein in den mittelblauen Farbton, der mit auff\u00e4lligen Schattierungseffekten und absichtlichen Abnutzungen aufwartet, die allesamt in den flexiblen [&hellip;]<\/p>","protected":false},"featured_media":265713,"template":"","meta":[],"product_brand":[2079],"product_cat":[1633,1671,1623],"product_tag":[],"class_list":{"0":"post-265718","1":"product","2":"type-product","3":"status-publish","4":"has-post-thumbnail","6":"product_brand-diesel","7":"product_cat-maenner-kleidung","8":"product_cat-jeans-hosen","9":"product_cat-kleidung","11":"first","12":"instock","13":"sale","14":"taxable","15":"shipping-taxable","16":"purchasable","17":"product-type-variable"},"_links":{"self":[{"href":"https:\/\/tpmadalina42.supserv.cozmoslabs.com\/fi\/wp-json\/wp\/v2\/product\/265718","targetHints":{"allow":["GET"]}}],"collection":[{"href":"https:\/\/tpmadalina42.supserv.cozmoslabs.com\/fi\/wp-json\/wp\/v2\/product"}],"about":[{"href":"https:\/\/tpmadalina42.supserv.cozmoslabs.com\/fi\/wp-json\/wp\/v2\/types\/product"}],"wp:featuredmedia":[{"embeddable":true,"href":"https:\/\/tpmadalina42.supserv.cozmoslabs.com\/fi\/wp-json\/wp\/v2\/media\/265713"}],"wp:attachment":[{"href":"https:\/\/tpmadalina42.supserv.cozmoslabs.com\/fi\/wp-json\/wp\/v2\/media?parent=265718"}],"wp:term":[{"taxonomy":"product_brand","embeddable":true,"href":"https:\/\/tpmadalina42.supserv.cozmoslabs.com\/fi\/wp-json\/wp\/v2\/product_brand?post=265718"},{"taxonomy":"product_cat","embeddable":true,"href":"https:\/\/tpmadalina42.supserv.cozmoslabs.com\/fi\/wp-json\/wp\/v2\/product_cat?post=265718"},{"taxonomy":"product_tag","embeddable":true,"href":"https:\/\/tpmadalina42.supserv.cozmoslabs.com\/fi\/wp-json\/wp\/v2\/product_tag?post=265718"}],"curies":[{"name":"wp","href":"https:\/\/api.w.org\/{rel}","templated":true}]}}