{"id":266177,"date":"2024-09-08T12:30:57","date_gmt":"2024-09-08T19:30:57","guid":{"rendered":"https:\/\/glandine.com\/product\/pinko-blaues-polyesterkleid\/"},"modified":"2024-11-30T21:52:15","modified_gmt":"2024-11-30T20:52:15","slug":"pinko-blaues-polyesterkleid","status":"publish","type":"product","link":"https:\/\/tpmadalina42.supserv.cozmoslabs.com\/fi\/tuote-2\/pinko-blaues-polyesterkleid\/","title":{"rendered":"PINKO Sininen polyesterimekko"},"content":{"rendered":"<p>Pinko langes \u00e4rmelloses Satinkleid, Schultertr\u00e4ger mit Torchon-Detail auf der Vorderseite, kleine Locken und Cut-Out-Detail auf der Vorderseite, Rei\u00dfverschluss hinten<\/p>","protected":false},"excerpt":{"rendered":"<p>Pinko langes \u00e4rmelloses Satinkleid, Schultertr\u00e4ger mit Torchon-Detail auf der Vorderseite, kleine Locken und Cut-Out-Detail auf der Vorderseite, Rei\u00dfverschluss hinten<\/p>","protected":false},"featured_media":266174,"template":"","meta":[],"product_brand":[2064],"product_cat":[1637,1659,1623],"product_tag":[],"class_list":{"0":"post-266177","1":"product","2":"type-product","3":"status-publish","4":"has-post-thumbnail","6":"product_brand-pinko","7":"product_cat-frauen-kleidung","8":"product_cat-kleider","9":"product_cat-kleidung","11":"first","12":"instock","13":"sale","14":"taxable","15":"shipping-taxable","16":"purchasable","17":"product-type-variable"},"_links":{"self":[{"href":"https:\/\/tpmadalina42.supserv.cozmoslabs.com\/fi\/wp-json\/wp\/v2\/product\/266177","targetHints":{"allow":["GET"]}}],"collection":[{"href":"https:\/\/tpmadalina42.supserv.cozmoslabs.com\/fi\/wp-json\/wp\/v2\/product"}],"about":[{"href":"https:\/\/tpmadalina42.supserv.cozmoslabs.com\/fi\/wp-json\/wp\/v2\/types\/product"}],"wp:featuredmedia":[{"embeddable":true,"href":"https:\/\/tpmadalina42.supserv.cozmoslabs.com\/fi\/wp-json\/wp\/v2\/media\/266174"}],"wp:attachment":[{"href":"https:\/\/tpmadalina42.supserv.cozmoslabs.com\/fi\/wp-json\/wp\/v2\/media?parent=266177"}],"wp:term":[{"taxonomy":"product_brand","embeddable":true,"href":"https:\/\/tpmadalina42.supserv.cozmoslabs.com\/fi\/wp-json\/wp\/v2\/product_brand?post=266177"},{"taxonomy":"product_cat","embeddable":true,"href":"https:\/\/tpmadalina42.supserv.cozmoslabs.com\/fi\/wp-json\/wp\/v2\/product_cat?post=266177"},{"taxonomy":"product_tag","embeddable":true,"href":"https:\/\/tpmadalina42.supserv.cozmoslabs.com\/fi\/wp-json\/wp\/v2\/product_tag?post=266177"}],"curies":[{"name":"wp","href":"https:\/\/api.w.org\/{rel}","templated":true}]}}