{"id":266186,"date":"2024-09-08T12:31:19","date_gmt":"2024-09-08T19:31:19","guid":{"rendered":"https:\/\/glandine.com\/product\/pinko-rosa-polyesterkleid\/"},"modified":"2024-11-30T21:52:22","modified_gmt":"2024-11-30T20:52:22","slug":"pinko-rosa-polyesterkleid","status":"publish","type":"product","link":"https:\/\/tpmadalina42.supserv.cozmoslabs.com\/fi\/tuote-2\/pinko-rosa-polyesterkleid\/","title":{"rendered":"PINKO Rosa Polyesterkleid"},"content":{"rendered":"<p>\n\tPinko langes \u00e4rmelloses Satinkleid, Schultertr\u00e4ger mit Torchon-Detail auf der Vorderseite, kleine Locken und Cut-Out-Detail auf der Vorderseite, Rei\u00dfverschluss hinten<\/p>","protected":false},"excerpt":{"rendered":"<p>Pinko langes \u00e4rmelloses Satinkleid, Schultertr\u00e4ger mit Torchon-Detail auf der Vorderseite, kleine Locken und Cut-Out-Detail auf der Vorderseite, Rei\u00dfverschluss hinten<\/p>","protected":false},"featured_media":266182,"template":"","meta":[],"product_brand":[2064],"product_cat":[1637,1659,1623],"product_tag":[],"class_list":{"0":"post-266186","1":"product","2":"type-product","3":"status-publish","4":"has-post-thumbnail","6":"product_brand-pinko","7":"product_cat-frauen-kleidung","8":"product_cat-kleider","9":"product_cat-kleidung","11":"first","12":"instock","13":"sale","14":"taxable","15":"shipping-taxable","16":"purchasable","17":"product-type-variable"},"_links":{"self":[{"href":"https:\/\/tpmadalina42.supserv.cozmoslabs.com\/fi\/wp-json\/wp\/v2\/product\/266186","targetHints":{"allow":["GET"]}}],"collection":[{"href":"https:\/\/tpmadalina42.supserv.cozmoslabs.com\/fi\/wp-json\/wp\/v2\/product"}],"about":[{"href":"https:\/\/tpmadalina42.supserv.cozmoslabs.com\/fi\/wp-json\/wp\/v2\/types\/product"}],"wp:featuredmedia":[{"embeddable":true,"href":"https:\/\/tpmadalina42.supserv.cozmoslabs.com\/fi\/wp-json\/wp\/v2\/media\/266182"}],"wp:attachment":[{"href":"https:\/\/tpmadalina42.supserv.cozmoslabs.com\/fi\/wp-json\/wp\/v2\/media?parent=266186"}],"wp:term":[{"taxonomy":"product_brand","embeddable":true,"href":"https:\/\/tpmadalina42.supserv.cozmoslabs.com\/fi\/wp-json\/wp\/v2\/product_brand?post=266186"},{"taxonomy":"product_cat","embeddable":true,"href":"https:\/\/tpmadalina42.supserv.cozmoslabs.com\/fi\/wp-json\/wp\/v2\/product_cat?post=266186"},{"taxonomy":"product_tag","embeddable":true,"href":"https:\/\/tpmadalina42.supserv.cozmoslabs.com\/fi\/wp-json\/wp\/v2\/product_tag?post=266186"}],"curies":[{"name":"wp","href":"https:\/\/api.w.org\/{rel}","templated":true}]}}