{"id":266200,"date":"2024-09-08T12:32:02","date_gmt":"2024-09-08T19:32:02","guid":{"rendered":"https:\/\/glandine.com\/product\/dondup-braune-baumwolljeans-hose\/"},"modified":"2024-11-30T21:52:29","modified_gmt":"2024-11-30T20:52:29","slug":"dondup-braune-baumwolljeans-hose","status":"publish","type":"product","link":"https:\/\/tpmadalina42.supserv.cozmoslabs.com\/fi\/tuote-2\/dondup-braune-baumwolljeans-hose\/","title":{"rendered":"Dondup Braune Baumwolljeans &amp; Hose"},"content":{"rendered":"<p>Dondup Damen-Baumwollhose mit Rei\u00dfverschluss und Hakenverschluss, seitlichen Eingrifftaschen und Vordertasche, zwei Ges\u00e4\u00dftaschen mit Knopf, G\u00fcrtelschlaufen<\/p>","protected":false},"excerpt":{"rendered":"<p>Dondup Damen-Baumwollhose mit Rei\u00dfverschluss und Hakenverschluss, seitlichen Eingrifftaschen und Vordertasche, zwei Ges\u00e4\u00dftaschen mit Knopf, G\u00fcrtelschlaufen<\/p>","protected":false},"featured_media":266195,"template":"","meta":[],"product_brand":[2442],"product_cat":[1637,1686,1623],"product_tag":[],"class_list":{"0":"post-266200","1":"product","2":"type-product","3":"status-publish","4":"has-post-thumbnail","6":"product_brand-dondup","7":"product_cat-frauen-kleidung","8":"product_cat-jeans-hosen-frauen-kleidung","9":"product_cat-kleidung","11":"first","12":"instock","13":"sale","14":"taxable","15":"shipping-taxable","16":"purchasable","17":"product-type-variable"},"_links":{"self":[{"href":"https:\/\/tpmadalina42.supserv.cozmoslabs.com\/fi\/wp-json\/wp\/v2\/product\/266200","targetHints":{"allow":["GET"]}}],"collection":[{"href":"https:\/\/tpmadalina42.supserv.cozmoslabs.com\/fi\/wp-json\/wp\/v2\/product"}],"about":[{"href":"https:\/\/tpmadalina42.supserv.cozmoslabs.com\/fi\/wp-json\/wp\/v2\/types\/product"}],"wp:featuredmedia":[{"embeddable":true,"href":"https:\/\/tpmadalina42.supserv.cozmoslabs.com\/fi\/wp-json\/wp\/v2\/media\/266195"}],"wp:attachment":[{"href":"https:\/\/tpmadalina42.supserv.cozmoslabs.com\/fi\/wp-json\/wp\/v2\/media?parent=266200"}],"wp:term":[{"taxonomy":"product_brand","embeddable":true,"href":"https:\/\/tpmadalina42.supserv.cozmoslabs.com\/fi\/wp-json\/wp\/v2\/product_brand?post=266200"},{"taxonomy":"product_cat","embeddable":true,"href":"https:\/\/tpmadalina42.supserv.cozmoslabs.com\/fi\/wp-json\/wp\/v2\/product_cat?post=266200"},{"taxonomy":"product_tag","embeddable":true,"href":"https:\/\/tpmadalina42.supserv.cozmoslabs.com\/fi\/wp-json\/wp\/v2\/product_tag?post=266200"}],"curies":[{"name":"wp","href":"https:\/\/api.w.org\/{rel}","templated":true}]}}