{"id":267891,"date":"2024-09-08T13:46:42","date_gmt":"2024-09-08T20:46:42","guid":{"rendered":"https:\/\/glandine.com\/product\/one-teaspoon-blaue-baumwolljeans-hose-6\/"},"modified":"2024-12-01T07:30:23","modified_gmt":"2024-12-01T06:30:23","slug":"one-teaspoon-blaue-baumwolljeans-hose-6","status":"publish","type":"product","link":"https:\/\/tpmadalina42.supserv.cozmoslabs.com\/fi\/tuote-2\/one-teaspoon-blaue-baumwolljeans-hose-6\/","title":{"rendered":"One Teaspoon Blaue Baumwolljeans &amp; Hose"},"content":{"rendered":"<p>Neue Kollektion<br \/>One Teaspoon dunkelblaue Skinny Slim Fit Jeans, leicht gebogene Beine, Einschnitte an den Knien und Gebrauchsspuren, Kn\u00f6chel mit Fransen, f\u00fcnf Taschen. Dieses Modell ist aus Bio-Baumwolle gefertigt und mit Pflanzenfarben gef\u00e4rbt.<\/p>","protected":false},"excerpt":{"rendered":"<p>Neue KollektionOne Teaspoon dunkelblaue Skinny Slim Fit Jeans, leicht gebogene Beine, Einschnitte an den Knien und Gebrauchsspuren, Kn\u00f6chel mit Fransen, f\u00fcnf Taschen. Dieses Modell ist aus Bio-Baumwolle gefertigt und mit Pflanzenfarben gef\u00e4rbt.<\/p>","protected":false},"featured_media":267887,"template":"","meta":[],"product_brand":[2542],"product_cat":[1637,1686,1623],"product_tag":[],"class_list":{"0":"post-267891","1":"product","2":"type-product","3":"status-publish","4":"has-post-thumbnail","6":"product_brand-one-teaspoon","7":"product_cat-frauen-kleidung","8":"product_cat-jeans-hosen-frauen-kleidung","9":"product_cat-kleidung","11":"first","12":"instock","13":"sale","14":"taxable","15":"shipping-taxable","16":"purchasable","17":"product-type-variable"},"_links":{"self":[{"href":"https:\/\/tpmadalina42.supserv.cozmoslabs.com\/fi\/wp-json\/wp\/v2\/product\/267891","targetHints":{"allow":["GET"]}}],"collection":[{"href":"https:\/\/tpmadalina42.supserv.cozmoslabs.com\/fi\/wp-json\/wp\/v2\/product"}],"about":[{"href":"https:\/\/tpmadalina42.supserv.cozmoslabs.com\/fi\/wp-json\/wp\/v2\/types\/product"}],"wp:featuredmedia":[{"embeddable":true,"href":"https:\/\/tpmadalina42.supserv.cozmoslabs.com\/fi\/wp-json\/wp\/v2\/media\/267887"}],"wp:attachment":[{"href":"https:\/\/tpmadalina42.supserv.cozmoslabs.com\/fi\/wp-json\/wp\/v2\/media?parent=267891"}],"wp:term":[{"taxonomy":"product_brand","embeddable":true,"href":"https:\/\/tpmadalina42.supserv.cozmoslabs.com\/fi\/wp-json\/wp\/v2\/product_brand?post=267891"},{"taxonomy":"product_cat","embeddable":true,"href":"https:\/\/tpmadalina42.supserv.cozmoslabs.com\/fi\/wp-json\/wp\/v2\/product_cat?post=267891"},{"taxonomy":"product_tag","embeddable":true,"href":"https:\/\/tpmadalina42.supserv.cozmoslabs.com\/fi\/wp-json\/wp\/v2\/product_tag?post=267891"}],"curies":[{"name":"wp","href":"https:\/\/api.w.org\/{rel}","templated":true}]}}