{"id":269412,"date":"2024-09-08T14:50:53","date_gmt":"2024-09-08T21:50:53","guid":{"rendered":"https:\/\/glandine.com\/product\/people-of-shibuya-braune-polyester-jacke\/"},"modified":"2024-12-01T10:22:07","modified_gmt":"2024-12-01T09:22:07","slug":"people-of-shibuya-braune-polyester-jacke","status":"publish","type":"product","link":"https:\/\/tpmadalina42.supserv.cozmoslabs.com\/fi\/tuote-2\/people-of-shibuya-braune-polyester-jacke\/","title":{"rendered":"People Of Shibuya Braune Polyester-Jacke"},"content":{"rendered":"<p>People Of Shibuya Jacke aus technischem Gewebe mit W\u00e4rmeisolierung, Farbe braun. Taschen und Frontverschluss mit Druckkn\u00f6pfen mit Gummieffekt. Logo auf dem linken \u00c4rmel. Seitliche Eingrifftaschen. Innentasche f\u00fcr Dokumente\/Handy. Reflektierende Details mit hoher Sichtbarkeit.<\/p>","protected":false},"excerpt":{"rendered":"<p>People Of Shibuya Jacke aus technischem Gewebe mit W\u00e4rmeisolierung, Farbe braun. Taschen und Frontverschluss mit Druckkn\u00f6pfen mit Gummieffekt. Logo auf dem linken \u00c4rmel. Seitliche Eingrifftaschen. Innentasche f\u00fcr Dokumente\/Handy. Reflektierende Details mit hoher Sichtbarkeit.<\/p>","protected":false},"featured_media":269409,"template":"","meta":[],"product_brand":[2540],"product_cat":[1633,1669,1623],"product_tag":[],"class_list":{"0":"post-269412","1":"product","2":"type-product","3":"status-publish","4":"has-post-thumbnail","6":"product_brand-people-of-shibuya","7":"product_cat-maenner-kleidung","8":"product_cat-jacken","9":"product_cat-kleidung","11":"first","12":"instock","13":"sale","14":"taxable","15":"shipping-taxable","16":"purchasable","17":"product-type-variable"},"_links":{"self":[{"href":"https:\/\/tpmadalina42.supserv.cozmoslabs.com\/fi\/wp-json\/wp\/v2\/product\/269412","targetHints":{"allow":["GET"]}}],"collection":[{"href":"https:\/\/tpmadalina42.supserv.cozmoslabs.com\/fi\/wp-json\/wp\/v2\/product"}],"about":[{"href":"https:\/\/tpmadalina42.supserv.cozmoslabs.com\/fi\/wp-json\/wp\/v2\/types\/product"}],"wp:featuredmedia":[{"embeddable":true,"href":"https:\/\/tpmadalina42.supserv.cozmoslabs.com\/fi\/wp-json\/wp\/v2\/media\/269409"}],"wp:attachment":[{"href":"https:\/\/tpmadalina42.supserv.cozmoslabs.com\/fi\/wp-json\/wp\/v2\/media?parent=269412"}],"wp:term":[{"taxonomy":"product_brand","embeddable":true,"href":"https:\/\/tpmadalina42.supserv.cozmoslabs.com\/fi\/wp-json\/wp\/v2\/product_brand?post=269412"},{"taxonomy":"product_cat","embeddable":true,"href":"https:\/\/tpmadalina42.supserv.cozmoslabs.com\/fi\/wp-json\/wp\/v2\/product_cat?post=269412"},{"taxonomy":"product_tag","embeddable":true,"href":"https:\/\/tpmadalina42.supserv.cozmoslabs.com\/fi\/wp-json\/wp\/v2\/product_tag?post=269412"}],"curies":[{"name":"wp","href":"https:\/\/api.w.org\/{rel}","templated":true}]}}