{"id":269814,"date":"2024-09-09T00:09:11","date_gmt":"2024-09-08T22:09:11","guid":{"rendered":"https:\/\/glandine.com\/product\/people-of-shibuya-beige-polyester-jacken-mantel\/"},"modified":"2024-12-01T11:02:16","modified_gmt":"2024-12-01T10:02:16","slug":"people-of-shibuya-beige-polyester-jacken-mantel","status":"publish","type":"product","link":"https:\/\/tpmadalina42.supserv.cozmoslabs.com\/fi\/tuote-2\/people-of-shibuya-beige-polyester-jacken-mantel\/","title":{"rendered":"People Of Shibuya Beige polyesteritakit ja -takit"},"content":{"rendered":"<p>Lange, gesteppte Daunenjacke People Of Shibuya aus ultraleichtem, technischem Gewebe mit &#8222;Pearl Finish&#8220;-Behandlung. F\u00fcllung aus 90\/10 G\u00e4nsedaunen. Zentraler Doppelschieber-Rei\u00dfverschluss aus Druckguss mit Goldfinish und neuem runden Logo. Seitliche Balg\u00f6ffnungen mit Druckguss-Rei\u00dfverschl\u00fcssen mit Metalleffekt. Externe Leistentaschen mit unsichtbarem Magnetknopf. Aufgetragenes Logo aus 3D-Lycra in einem Farbton. Kapuze mit doppeltem Druckknopfverschluss. Reflektierende Details mit hoher Sichtbarkeit. \u00dcbersetzt mit DeepL.com (kostenlose Version)<\/p>","protected":false},"excerpt":{"rendered":"<p>Lange, gesteppte Daunenjacke People Of Shibuya aus ultraleichtem, technischem Gewebe mit &#8222;Pearl Finish&#8220;-Behandlung. F\u00fcllung aus 90\/10 G\u00e4nsedaunen. Zentraler Doppelschieber-Rei\u00dfverschluss aus Druckguss mit Goldfinish und neuem runden Logo. Seitliche Balg\u00f6ffnungen mit Druckguss-Rei\u00dfverschl\u00fcssen mit Metalleffekt. Externe Leistentaschen mit unsichtbarem Magnetknopf. Aufgetragenes Logo aus 3D-Lycra in einem Farbton. Kapuze mit doppeltem Druckknopfverschluss. Reflektierende Details mit hoher Sichtbarkeit. \u00dcbersetzt [&hellip;]<\/p>","protected":false},"featured_media":269809,"template":"","meta":[],"product_brand":[2540],"product_cat":[1637,1670,1623],"product_tag":[],"class_list":{"0":"post-269814","1":"product","2":"type-product","3":"status-publish","4":"has-post-thumbnail","6":"product_brand-people-of-shibuya","7":"product_cat-frauen-kleidung","8":"product_cat-jacken-maentel","9":"product_cat-kleidung","11":"first","12":"instock","13":"sale","14":"taxable","15":"shipping-taxable","16":"purchasable","17":"product-type-variable"},"_links":{"self":[{"href":"https:\/\/tpmadalina42.supserv.cozmoslabs.com\/fi\/wp-json\/wp\/v2\/product\/269814","targetHints":{"allow":["GET"]}}],"collection":[{"href":"https:\/\/tpmadalina42.supserv.cozmoslabs.com\/fi\/wp-json\/wp\/v2\/product"}],"about":[{"href":"https:\/\/tpmadalina42.supserv.cozmoslabs.com\/fi\/wp-json\/wp\/v2\/types\/product"}],"wp:featuredmedia":[{"embeddable":true,"href":"https:\/\/tpmadalina42.supserv.cozmoslabs.com\/fi\/wp-json\/wp\/v2\/media\/269809"}],"wp:attachment":[{"href":"https:\/\/tpmadalina42.supserv.cozmoslabs.com\/fi\/wp-json\/wp\/v2\/media?parent=269814"}],"wp:term":[{"taxonomy":"product_brand","embeddable":true,"href":"https:\/\/tpmadalina42.supserv.cozmoslabs.com\/fi\/wp-json\/wp\/v2\/product_brand?post=269814"},{"taxonomy":"product_cat","embeddable":true,"href":"https:\/\/tpmadalina42.supserv.cozmoslabs.com\/fi\/wp-json\/wp\/v2\/product_cat?post=269814"},{"taxonomy":"product_tag","embeddable":true,"href":"https:\/\/tpmadalina42.supserv.cozmoslabs.com\/fi\/wp-json\/wp\/v2\/product_tag?post=269814"}],"curies":[{"name":"wp","href":"https:\/\/api.w.org\/{rel}","templated":true}]}}