{"id":270615,"date":"2024-09-09T01:01:06","date_gmt":"2024-09-08T23:01:06","guid":{"rendered":"https:\/\/glandine.com\/product\/palm-angels-wildleder-shearling-jacke-mit-flammenverzierung\/"},"modified":"2024-11-30T13:12:49","modified_gmt":"2024-11-30T12:12:49","slug":"palm-angels-wildleder-shearling-jacke-mit-flammenverzierung","status":"publish","type":"product","link":"https:\/\/tpmadalina42.supserv.cozmoslabs.com\/fi\/tuote-2\/palm-angels-wildleder-shearling-jacke-mit-flammenverzierung\/","title":{"rendered":"Palm Angels Flame koristeltu mokkanahka shearlingtakki"},"content":{"rendered":"<p>Peppen Sie Ihre Oberbekleidungskollektion mit der &#8222;Burning&#8220; Jacke von Palm Angels auf, die mit ihrem feurigen \u00c4rmeldesign ein Statement setzt. Diese entspannt geschnittene Jacke ist eine Verk\u00f6rperung von Luxus und Komfort, gefertigt aus feinstem 100%igem Leder. Die Au\u00dfenseite aus hellbraunem Wildleder wird durch einen elfenbeinfarbenen Flor auf der Unterseite erg\u00e4nzt, damit Sie stilvoll warm bleiben. Mit ihrem auff\u00e4lligen Druck und der hochwertigen Konstruktion ist diese Jacke eine Investition in Ihre Garderobe, die die Jahreszeiten \u00fcberdauert.<\/p>\n<ul>\n<li>Materiaali: 100% nahka<\/li>\n<li>V\u00e4ri: beige<\/li>\n<li>Alkuper\u00e4maa: IT<\/li>\n<\/ul>","protected":false},"excerpt":{"rendered":"<p>Peppen Sie Ihre Oberbekleidungskollektion mit der &#8222;Burning&#8220; Jacke von Palm Angels auf, die mit ihrem feurigen \u00c4rmeldesign ein Statement setzt. Diese entspannt geschnittene Jacke ist eine Verk\u00f6rperung von Luxus und Komfort, gefertigt aus feinstem 100%igem Leder. Die Au\u00dfenseite aus hellbraunem Wildleder wird durch einen elfenbeinfarbenen Flor auf der Unterseite erg\u00e4nzt, damit Sie stilvoll warm bleiben. [&hellip;]<\/p>","protected":false},"featured_media":270610,"template":"","meta":[],"product_brand":[2318],"product_cat":[1633,1669,1623],"product_tag":[],"class_list":{"0":"post-270615","1":"product","2":"type-product","3":"status-publish","4":"has-post-thumbnail","6":"product_brand-palm-angels","7":"product_cat-maenner-kleidung","8":"product_cat-jacken","9":"product_cat-kleidung","11":"first","12":"instock","13":"sale","14":"taxable","15":"shipping-taxable","16":"purchasable","17":"product-type-variable"},"_links":{"self":[{"href":"https:\/\/tpmadalina42.supserv.cozmoslabs.com\/fi\/wp-json\/wp\/v2\/product\/270615","targetHints":{"allow":["GET"]}}],"collection":[{"href":"https:\/\/tpmadalina42.supserv.cozmoslabs.com\/fi\/wp-json\/wp\/v2\/product"}],"about":[{"href":"https:\/\/tpmadalina42.supserv.cozmoslabs.com\/fi\/wp-json\/wp\/v2\/types\/product"}],"wp:featuredmedia":[{"embeddable":true,"href":"https:\/\/tpmadalina42.supserv.cozmoslabs.com\/fi\/wp-json\/wp\/v2\/media\/270610"}],"wp:attachment":[{"href":"https:\/\/tpmadalina42.supserv.cozmoslabs.com\/fi\/wp-json\/wp\/v2\/media?parent=270615"}],"wp:term":[{"taxonomy":"product_brand","embeddable":true,"href":"https:\/\/tpmadalina42.supserv.cozmoslabs.com\/fi\/wp-json\/wp\/v2\/product_brand?post=270615"},{"taxonomy":"product_cat","embeddable":true,"href":"https:\/\/tpmadalina42.supserv.cozmoslabs.com\/fi\/wp-json\/wp\/v2\/product_cat?post=270615"},{"taxonomy":"product_tag","embeddable":true,"href":"https:\/\/tpmadalina42.supserv.cozmoslabs.com\/fi\/wp-json\/wp\/v2\/product_tag?post=270615"}],"curies":[{"name":"wp","href":"https:\/\/api.w.org\/{rel}","templated":true}]}}