{"id":270868,"date":"2024-09-08T16:24:04","date_gmt":"2024-09-08T23:24:04","guid":{"rendered":"https:\/\/glandine.com\/product\/centogrammi-armee-nylon-daunenjacke\/"},"modified":"2024-11-30T13:38:22","modified_gmt":"2024-11-30T12:38:22","slug":"centogrammi-armee-nylon-daunenjacke","status":"publish","type":"product","link":"https:\/\/tpmadalina42.supserv.cozmoslabs.com\/fi\/tuote-2\/centogrammi-armee-nylon-daunenjacke\/","title":{"rendered":"Centogrammi Armee Nylon Daunenjacke"},"content":{"rendered":"<p>Das Neueste aus der Centogrammi-Kollektion: eine elegante, armeefarbene Nylon-Daunenjacke, die mit feinster Entendaunenf\u00fcllung f\u00fcr luxuri\u00f6se W\u00e4rme sorgt. Die Jacke ist mit Stretch-Stoff-\u00c4rmeln und einem praktischen Rei\u00dfverschluss ausgestattet und verbindet nahtlos Komfort mit Eleganz. Zwei Seitentaschen mit Rei\u00dfverschl\u00fcssen sorgen daf\u00fcr, dass Ihre Wertsachen sicher sind, w\u00e4hrend eine interne Handytasche Ihre technischen Ger\u00e4te griffbereit h\u00e4lt, ohne die schlanke Silhouette der Jacke zu st\u00f6ren.<\/p>\n<ul>\n<li>Materiaali: 100% nylon<\/li>\n<li>Alkuper\u00e4maa: IT<\/li>\n<li>V\u00e4ri: Armeija<\/li>\n<\/ul>","protected":false},"excerpt":{"rendered":"<p>Das Neueste aus der Centogrammi-Kollektion: eine elegante, armeefarbene Nylon-Daunenjacke, die mit feinster Entendaunenf\u00fcllung f\u00fcr luxuri\u00f6se W\u00e4rme sorgt. Die Jacke ist mit Stretch-Stoff-\u00c4rmeln und einem praktischen Rei\u00dfverschluss ausgestattet und verbindet nahtlos Komfort mit Eleganz. Zwei Seitentaschen mit Rei\u00dfverschl\u00fcssen sorgen daf\u00fcr, dass Ihre Wertsachen sicher sind, w\u00e4hrend eine interne Handytasche Ihre technischen Ger\u00e4te griffbereit h\u00e4lt, ohne die [&hellip;]<\/p>","protected":false},"featured_media":270865,"template":"","meta":[],"product_brand":[2124],"product_cat":[1633,1669,1623],"product_tag":[],"class_list":{"0":"post-270868","1":"product","2":"type-product","3":"status-publish","4":"has-post-thumbnail","6":"product_brand-centogrammi","7":"product_cat-maenner-kleidung","8":"product_cat-jacken","9":"product_cat-kleidung","11":"first","12":"outofstock","13":"taxable","14":"shipping-taxable","15":"product-type-variable"},"_links":{"self":[{"href":"https:\/\/tpmadalina42.supserv.cozmoslabs.com\/fi\/wp-json\/wp\/v2\/product\/270868","targetHints":{"allow":["GET"]}}],"collection":[{"href":"https:\/\/tpmadalina42.supserv.cozmoslabs.com\/fi\/wp-json\/wp\/v2\/product"}],"about":[{"href":"https:\/\/tpmadalina42.supserv.cozmoslabs.com\/fi\/wp-json\/wp\/v2\/types\/product"}],"wp:featuredmedia":[{"embeddable":true,"href":"https:\/\/tpmadalina42.supserv.cozmoslabs.com\/fi\/wp-json\/wp\/v2\/media\/270865"}],"wp:attachment":[{"href":"https:\/\/tpmadalina42.supserv.cozmoslabs.com\/fi\/wp-json\/wp\/v2\/media?parent=270868"}],"wp:term":[{"taxonomy":"product_brand","embeddable":true,"href":"https:\/\/tpmadalina42.supserv.cozmoslabs.com\/fi\/wp-json\/wp\/v2\/product_brand?post=270868"},{"taxonomy":"product_cat","embeddable":true,"href":"https:\/\/tpmadalina42.supserv.cozmoslabs.com\/fi\/wp-json\/wp\/v2\/product_cat?post=270868"},{"taxonomy":"product_tag","embeddable":true,"href":"https:\/\/tpmadalina42.supserv.cozmoslabs.com\/fi\/wp-json\/wp\/v2\/product_tag?post=270868"}],"curies":[{"name":"wp","href":"https:\/\/api.w.org\/{rel}","templated":true}]}}