{"id":271022,"date":"2024-09-09T01:32:37","date_gmt":"2024-09-08T23:32:37","guid":{"rendered":"https:\/\/glandine.com\/product\/plein-sport-ikonisches-sweatshirt-mit-rundhalsausschnitt-und-logoplakette\/"},"modified":"2024-12-10T21:51:26","modified_gmt":"2024-12-10T20:51:26","slug":"plein-sport-ikonisches-sweatshirt-mit-rundhalsausschnitt-und-logoplakette","status":"publish","type":"product","link":"https:\/\/tpmadalina42.supserv.cozmoslabs.com\/fi\/tuote-2\/plein-sport-ikonisches-sweatshirt-mit-rundhalsausschnitt-und-logoplakette\/","title":{"rendered":"Plein Sport Schwarzer Baumwollpullover f\u00fcr M\u00e4nner"},"content":{"rendered":"<p>Entfesseln Sie die perfekte Mischung aus Komfort und Stil mit dem Plein Sport Sweatshirt mit Rundhalsausschnitt f\u00fcr Herren. Als Teil der neuen Kollektion zeigt dieses vielseitige St\u00fcck die k\u00fchne \u00c4sthetik der Marke mit einer auff\u00e4lligen Plastiklogoplakette auf der Brust und einem auff\u00e4lligen Logoprint auf dem R\u00fccken. Das Sweatshirt ist aus einer hochwertigen Baumwoll-Polyester-Mischung gefertigt und bietet sowohl Strapazierf\u00e4higkeit als auch Weichheit, was es zu einer unverzichtbaren Erg\u00e4nzung Ihrer Sport- oder Freizeitgarderobe macht. Egal, ob Sie ins Fitnessstudio gehen oder sich f\u00fcr die Stra\u00dfe stylen, tun Sie es mit dem Selbstvertrauen, das mit dem Tragen von Plein Sport einhergeht.<\/p>\n<p>&#8211; Material: 52% Baumwolle, 48% Polyester<br \/>\n- V\u00e4ri: Musta<br \/>\n&#8211; Herkunftsland: JO<\/p>","protected":false},"excerpt":{"rendered":"<p>Entfesseln Sie die perfekte Mischung aus Komfort und Stil mit dem Plein Sport Sweatshirt mit Rundhalsausschnitt f\u00fcr Herren. Als Teil der neuen Kollektion zeigt dieses vielseitige St\u00fcck die k\u00fchne \u00c4sthetik der Marke mit einer auff\u00e4lligen Plastiklogoplakette auf der Brust und einem auff\u00e4lligen Logoprint auf dem R\u00fccken. Das Sweatshirt ist aus einer hochwertigen Baumwoll-Polyester-Mischung gefertigt und [&hellip;]<\/p>","protected":false},"featured_media":271020,"template":"","meta":[],"product_brand":[2108],"product_cat":[1633,1623],"product_tag":[],"class_list":{"0":"post-271022","1":"product","2":"type-product","3":"status-publish","4":"has-post-thumbnail","6":"product_brand-plein-sport","7":"product_cat-maenner-kleidung","8":"product_cat-kleidung","10":"first","11":"instock","12":"sale","13":"taxable","14":"shipping-taxable","15":"purchasable","16":"product-type-variable"},"_links":{"self":[{"href":"https:\/\/tpmadalina42.supserv.cozmoslabs.com\/fi\/wp-json\/wp\/v2\/product\/271022","targetHints":{"allow":["GET"]}}],"collection":[{"href":"https:\/\/tpmadalina42.supserv.cozmoslabs.com\/fi\/wp-json\/wp\/v2\/product"}],"about":[{"href":"https:\/\/tpmadalina42.supserv.cozmoslabs.com\/fi\/wp-json\/wp\/v2\/types\/product"}],"wp:featuredmedia":[{"embeddable":true,"href":"https:\/\/tpmadalina42.supserv.cozmoslabs.com\/fi\/wp-json\/wp\/v2\/media\/271020"}],"wp:attachment":[{"href":"https:\/\/tpmadalina42.supserv.cozmoslabs.com\/fi\/wp-json\/wp\/v2\/media?parent=271022"}],"wp:term":[{"taxonomy":"product_brand","embeddable":true,"href":"https:\/\/tpmadalina42.supserv.cozmoslabs.com\/fi\/wp-json\/wp\/v2\/product_brand?post=271022"},{"taxonomy":"product_cat","embeddable":true,"href":"https:\/\/tpmadalina42.supserv.cozmoslabs.com\/fi\/wp-json\/wp\/v2\/product_cat?post=271022"},{"taxonomy":"product_tag","embeddable":true,"href":"https:\/\/tpmadalina42.supserv.cozmoslabs.com\/fi\/wp-json\/wp\/v2\/product_tag?post=271022"}],"curies":[{"name":"wp","href":"https:\/\/api.w.org\/{rel}","templated":true}]}}