{"id":271031,"date":"2024-09-08T16:32:57","date_gmt":"2024-09-08T23:32:57","guid":{"rendered":"https:\/\/glandine.com\/product\/plein-sport-sportliches-sweatshirt-mit-blauem-rundhalsausschnitt\/"},"modified":"2024-11-30T13:47:04","modified_gmt":"2024-11-30T12:47:04","slug":"plein-sport-sportliches-sweatshirt-mit-blauem-rundhalsausschnitt","status":"publish","type":"product","link":"https:\/\/tpmadalina42.supserv.cozmoslabs.com\/fi\/tuote-2\/plein-sport-sportliches-sweatshirt-mit-blauem-rundhalsausschnitt\/","title":{"rendered":"Plein Sport Blauer Puuvillainen miesten pusero"},"content":{"rendered":"<p>Erleben Sie die nahtlose Mischung aus Komfort und Stil mit dem Plein Sport Sweatshirt mit Rundhalsausschnitt f\u00fcr Herren. Das Sweatshirt aus der aktuellen Kollektion von Plein Sport wurde f\u00fcr M\u00e4nner entworfen, die Wert auf \u00c4sthetik und Qualit\u00e4t legen, und ist der Inbegriff von l\u00e4ssigem Luxus. Der auffallend blaue Farbton wird durch die ikonische Plastiklogoplakette auf der Brust und den auff\u00e4lligen Logoprint auf der R\u00fcckseite erg\u00e4nzt, so dass Sie \u00fcberall ein Statement setzen k\u00f6nnen. Es ist aus einem strapazierf\u00e4higen Baumwoll-Polyester-Gemisch gefertigt, das einen weichen Griff und einen langen Tragekomfort garantiert.<\/p>\n<p>&#8211; Material: 52% Baumwolle, 48% Polyester<br \/>\n&#8211; Herkunftsland: JO<br \/>\n- V\u00e4ri: sininen<\/p>","protected":false},"excerpt":{"rendered":"<p>Erleben Sie die nahtlose Mischung aus Komfort und Stil mit dem Plein Sport Sweatshirt mit Rundhalsausschnitt f\u00fcr Herren. Das Sweatshirt aus der aktuellen Kollektion von Plein Sport wurde f\u00fcr M\u00e4nner entworfen, die Wert auf \u00c4sthetik und Qualit\u00e4t legen, und ist der Inbegriff von l\u00e4ssigem Luxus. Der auffallend blaue Farbton wird durch die ikonische Plastiklogoplakette auf [&hellip;]<\/p>","protected":false},"featured_media":271029,"template":"","meta":[],"product_brand":[2108],"product_cat":[1633,1623],"product_tag":[],"class_list":{"0":"post-271031","1":"product","2":"type-product","3":"status-publish","4":"has-post-thumbnail","6":"product_brand-plein-sport","7":"product_cat-maenner-kleidung","8":"product_cat-kleidung","10":"first","11":"instock","12":"sale","13":"taxable","14":"shipping-taxable","15":"purchasable","16":"product-type-variable"},"_links":{"self":[{"href":"https:\/\/tpmadalina42.supserv.cozmoslabs.com\/fi\/wp-json\/wp\/v2\/product\/271031","targetHints":{"allow":["GET"]}}],"collection":[{"href":"https:\/\/tpmadalina42.supserv.cozmoslabs.com\/fi\/wp-json\/wp\/v2\/product"}],"about":[{"href":"https:\/\/tpmadalina42.supserv.cozmoslabs.com\/fi\/wp-json\/wp\/v2\/types\/product"}],"wp:featuredmedia":[{"embeddable":true,"href":"https:\/\/tpmadalina42.supserv.cozmoslabs.com\/fi\/wp-json\/wp\/v2\/media\/271029"}],"wp:attachment":[{"href":"https:\/\/tpmadalina42.supserv.cozmoslabs.com\/fi\/wp-json\/wp\/v2\/media?parent=271031"}],"wp:term":[{"taxonomy":"product_brand","embeddable":true,"href":"https:\/\/tpmadalina42.supserv.cozmoslabs.com\/fi\/wp-json\/wp\/v2\/product_brand?post=271031"},{"taxonomy":"product_cat","embeddable":true,"href":"https:\/\/tpmadalina42.supserv.cozmoslabs.com\/fi\/wp-json\/wp\/v2\/product_cat?post=271031"},{"taxonomy":"product_tag","embeddable":true,"href":"https:\/\/tpmadalina42.supserv.cozmoslabs.com\/fi\/wp-json\/wp\/v2\/product_tag?post=271031"}],"curies":[{"name":"wp","href":"https:\/\/api.w.org\/{rel}","templated":true}]}}