{"id":271159,"date":"2024-09-08T16:40:32","date_gmt":"2024-09-08T23:40:32","guid":{"rendered":"https:\/\/glandine.com\/product\/plein-sport-erhoehen-sie-ihren-stil-mit-einem-premium-tee-aus-baumwolle\/"},"modified":"2024-11-30T13:57:13","modified_gmt":"2024-11-30T12:57:13","slug":"plein-sport-erhoehen-sie-ihren-stil-mit-einem-premium-tee-aus-baumwolle","status":"publish","type":"product","link":"https:\/\/tpmadalina42.supserv.cozmoslabs.com\/fi\/tuote-2\/plein-sport-erhoehen-sie-ihren-stil-mit-einem-premium-tee-aus-baumwolle\/","title":{"rendered":"Plein Sport Erh\u00f6hen Sie Ihren Stil mit einem Premium-Tee aus Baumwolle"},"content":{"rendered":"<p>Peppen Sie Ihre Freizeitgarderobe mit unserer neuesten Erg\u00e4nzung auf: ein schlichtes wei\u00dfes T-Shirt aus feinster 100%iger Baumwolle f\u00fcr ultimativen Komfort und Haltbarkeit. Der auff\u00e4llige Aufdruck auf der Vorderseite verleiht Ihrem Ensemble einen Hauch von Attit\u00fcde und das unverwechselbare Gummilogo auf der R\u00fcckseite sorgt f\u00fcr einen zus\u00e4tzlichen Hauch von Klasse.<\/p>\n<ul>\n<li>Materiaali: 100% puuvilla<\/li>\n<li>Herkunftsland: JO<\/li>\n<li>V\u00e4ri: Valkoinen<\/li>\n<\/ul>","protected":false},"excerpt":{"rendered":"<p>Peppen Sie Ihre Freizeitgarderobe mit unserer neuesten Erg\u00e4nzung auf: ein schlichtes wei\u00dfes T-Shirt aus feinster 100%iger Baumwolle f\u00fcr ultimativen Komfort und Haltbarkeit. Der auff\u00e4llige Aufdruck auf der Vorderseite verleiht Ihrem Ensemble einen Hauch von Attit\u00fcde und das unverwechselbare Gummilogo auf der R\u00fcckseite sorgt f\u00fcr einen zus\u00e4tzlichen Hauch von Klasse. Material: 100% Baumwolle Herkunftsland: JO Farbe: [&hellip;]<\/p>","protected":false},"featured_media":271157,"template":"","meta":[],"product_brand":[2108],"product_cat":[1633,1623,1710],"product_tag":[],"class_list":{"0":"post-271159","1":"product","2":"type-product","3":"status-publish","4":"has-post-thumbnail","6":"product_brand-plein-sport","7":"product_cat-maenner-kleidung","8":"product_cat-kleidung","9":"product_cat-t-shirts","11":"first","12":"instock","13":"sale","14":"taxable","15":"shipping-taxable","16":"purchasable","17":"product-type-variable"},"_links":{"self":[{"href":"https:\/\/tpmadalina42.supserv.cozmoslabs.com\/fi\/wp-json\/wp\/v2\/product\/271159","targetHints":{"allow":["GET"]}}],"collection":[{"href":"https:\/\/tpmadalina42.supserv.cozmoslabs.com\/fi\/wp-json\/wp\/v2\/product"}],"about":[{"href":"https:\/\/tpmadalina42.supserv.cozmoslabs.com\/fi\/wp-json\/wp\/v2\/types\/product"}],"wp:featuredmedia":[{"embeddable":true,"href":"https:\/\/tpmadalina42.supserv.cozmoslabs.com\/fi\/wp-json\/wp\/v2\/media\/271157"}],"wp:attachment":[{"href":"https:\/\/tpmadalina42.supserv.cozmoslabs.com\/fi\/wp-json\/wp\/v2\/media?parent=271159"}],"wp:term":[{"taxonomy":"product_brand","embeddable":true,"href":"https:\/\/tpmadalina42.supserv.cozmoslabs.com\/fi\/wp-json\/wp\/v2\/product_brand?post=271159"},{"taxonomy":"product_cat","embeddable":true,"href":"https:\/\/tpmadalina42.supserv.cozmoslabs.com\/fi\/wp-json\/wp\/v2\/product_cat?post=271159"},{"taxonomy":"product_tag","embeddable":true,"href":"https:\/\/tpmadalina42.supserv.cozmoslabs.com\/fi\/wp-json\/wp\/v2\/product_tag?post=271159"}],"curies":[{"name":"wp","href":"https:\/\/api.w.org\/{rel}","templated":true}]}}