{"id":273422,"date":"2024-09-09T12:04:21","date_gmt":"2024-09-09T10:04:21","guid":{"rendered":"https:\/\/glandine.com\/product\/emporio-armani-weisser-baumwollpullover\/"},"modified":"2024-12-13T12:15:36","modified_gmt":"2024-12-13T11:15:36","slug":"emporio-armani-weisser-baumwollpullover","status":"publish","type":"product","link":"https:\/\/tpmadalina42.supserv.cozmoslabs.com\/fi\/tuote-2\/emporio-armani-weisser-baumwollpullover\/","title":{"rendered":"Emporio Armani valkoinen puuvillainen villapaita"},"content":{"rendered":"<p>Emporio Armani Over Tunic Sweater in Wei\u00df mit beiger Innenseite, Rundhalsausschnitt, weite kurze \u00c4rmel, Verschluss im Nacken mit verdeckten Druckkn\u00f6pfen, kleine Schlitze an der Seite, Gummilogo auf dem R\u00fccken. Zusammensetzung: 100% Baumwolle-Skizze innen:23MG138-142<\/p>","protected":false},"excerpt":{"rendered":"<p>Emporio Armani Over Tunic Sweater in Wei\u00df mit beiger Innenseite, Rundhalsausschnitt, weite kurze \u00c4rmel, Verschluss im Nacken mit verdeckten Druckkn\u00f6pfen, kleine Schlitze an der Seite, Gummilogo auf dem R\u00fccken. Zusammensetzung: 100% Baumwolle-Skizze innen:23MG138-142<\/p>","protected":false},"featured_media":273418,"template":"","meta":[],"product_brand":[2239],"product_cat":[1633,1623],"product_tag":[],"class_list":{"0":"post-273422","1":"product","2":"type-product","3":"status-publish","4":"has-post-thumbnail","6":"product_brand-emporio-armani","7":"product_cat-maenner-kleidung","8":"product_cat-kleidung","10":"first","11":"instock","12":"sale","13":"taxable","14":"shipping-taxable","15":"purchasable","16":"product-type-variable"},"_links":{"self":[{"href":"https:\/\/tpmadalina42.supserv.cozmoslabs.com\/fi\/wp-json\/wp\/v2\/product\/273422","targetHints":{"allow":["GET"]}}],"collection":[{"href":"https:\/\/tpmadalina42.supserv.cozmoslabs.com\/fi\/wp-json\/wp\/v2\/product"}],"about":[{"href":"https:\/\/tpmadalina42.supserv.cozmoslabs.com\/fi\/wp-json\/wp\/v2\/types\/product"}],"wp:featuredmedia":[{"embeddable":true,"href":"https:\/\/tpmadalina42.supserv.cozmoslabs.com\/fi\/wp-json\/wp\/v2\/media\/273418"}],"wp:attachment":[{"href":"https:\/\/tpmadalina42.supserv.cozmoslabs.com\/fi\/wp-json\/wp\/v2\/media?parent=273422"}],"wp:term":[{"taxonomy":"product_brand","embeddable":true,"href":"https:\/\/tpmadalina42.supserv.cozmoslabs.com\/fi\/wp-json\/wp\/v2\/product_brand?post=273422"},{"taxonomy":"product_cat","embeddable":true,"href":"https:\/\/tpmadalina42.supserv.cozmoslabs.com\/fi\/wp-json\/wp\/v2\/product_cat?post=273422"},{"taxonomy":"product_tag","embeddable":true,"href":"https:\/\/tpmadalina42.supserv.cozmoslabs.com\/fi\/wp-json\/wp\/v2\/product_tag?post=273422"}],"curies":[{"name":"wp","href":"https:\/\/api.w.org\/{rel}","templated":true}]}}